{"id":4449,"date":"2023-03-28T17:37:28","date_gmt":"2023-03-28T17:37:28","guid":{"rendered":"https:\/\/www.ishtarik.com\/?page_id=4449"},"modified":"2024-02-21T22:34:50","modified_gmt":"2024-02-21T22:34:50","slug":"refund-policy","status":"publish","type":"page","link":"https:\/\/www.ishtarik.com\/de\/erstattungsrichtlinie\/","title":{"rendered":"R\u00fcckerstattungspolitik"},"content":{"rendered":"<body>\t\t<div data-elementor-type=\"wp-page\" data-elementor-id=\"4449\" class=\"elementor elementor-4449\" data-elementor-post-type=\"page\">\n\t\t\t\t<div class=\"elementor-element elementor-element-2da24d9a e-flex e-con-boxed e-con e-parent\" data-id=\"2da24d9a\" data-element_type=\"container\" data-e-type=\"container\" data-settings='{\"background_background\":\"classic\"}'>\n\t\t\t\t\t<div class=\"e-con-inner\">\n\t\t\t\t\t<\/div>\n\t\t\t\t<\/div>\n\t\t<div class=\"elementor-element elementor-element-63549b5 e-flex e-con-boxed e-con e-parent\" data-id=\"63549b5\" data-element_type=\"container\" data-e-type=\"container\" data-settings='{\"background_background\":\"classic\"}'>\n\t\t\t\t\t<div class=\"e-con-inner\">\n\t\t\t\t<div class=\"elementor-element elementor-element-7da12b3f elementor-widget elementor-widget-heading\" data-id=\"7da12b3f\" data-element_type=\"widget\" data-e-type=\"widget\" data-widget_type=\"heading.default\">\n\t\t\t\t<div class=\"elementor-widget-container\">\n\t\t\t\t\t<h2 class=\"elementor-heading-title elementor-size-default\">Erstattungs- und R\u00fcckgabebestimmungen<\/h2>\t\t\t\t<\/div>\n\t\t\t\t<\/div>\n\t\t\t\t<div class=\"elementor-element elementor-element-7538e16b elementor-widget elementor-widget-text-editor\" data-id=\"7538e16b\" data-element_type=\"widget\" data-e-type=\"widget\" data-widget_type=\"text-editor.default\">\n\t\t\t\t<div class=\"elementor-widget-container\">\n\t\t\t\t\t\t\t\t\t<p>Vielen Dank, dass Sie sich f\u00fcr ishtarik.com entschieden haben. Wir bem\u00fchen uns, unseren Nutzern qualitativ hochwertige IPTV-Dienste und andere Dienstleistungen anzubieten. Bitte lesen Sie unsere Erstattungs- und R\u00fcckgabebestimmungen sorgf\u00e4ltig durch.<\/p>\n<p><strong>1. Erstattungspolitik:<\/strong><\/p>\n<ul>\n<li>\n<p><strong>Erstattung von Abonnements:<\/strong> Wir bieten eine 7-Tage-Geld-zur\u00fcck-Garantie f\u00fcr unsere Abonnement-Dienste. Wenn Sie mit unserem Service innerhalb von 7 Tagen nach Ihrem ersten Abonnement nicht zufrieden sind, k\u00f6nnen Sie eine R\u00fcckerstattung beantragen oder Sie k\u00f6nnen den Server wechseln, wenn Sie TREX IPTV kaufen und nicht zufrieden sind, wechseln Sie zu GOLD 4K oder einem anderen Service. R\u00fcckerstattungen, die nach dem angegebenen Zeitraum beantragt werden, werden nicht bearbeitet.<\/p>\n<\/li>\n<\/ul>\n<p><strong>2. Anspruch auf Erstattung:<\/strong><\/p>\n<ul>\n<li>Um eine R\u00fcckerstattung zu erhalten, m\u00fcssen Sie einen Kaufbeleg vorlegen.<\/li>\n<li>Erstattungen werden nur auf die urspr\u00fcnglich f\u00fcr den Kauf verwendete Zahlungsmethode ausgestellt.<\/li>\n<li>Die R\u00fcckerstattung gilt nicht f\u00fcr Dienstleistungen oder Produkte, die nach der Lieferung benutzt, besch\u00e4digt oder ver\u00e4ndert wurden.<\/li>\n<\/ul>\n<p><strong>3. Stornierung von Abonnements:<\/strong><\/p>\n<ul>\n<li>Die Nutzer k\u00f6nnen ihr Abonnement jederzeit k\u00fcndigen, wobei die K\u00fcndigung zum Ende des laufenden Abrechnungszeitraums wirksam wird.<\/li>\n<li>K\u00fcndigungen berechtigen nicht zu einer anteiligen R\u00fcckerstattung f\u00fcr den nicht genutzten Teil des Abonnements.<\/li>\n<\/ul>\n<p><strong>4. Bearbeitung der R\u00fcckerstattung:<\/strong><\/p>\n<ul>\n<li>R\u00fcckerstattungen werden innerhalb von 7 Werktagen nach Erhalt der zur\u00fcckgesandten Artikel oder nach Best\u00e4tigung der Berechtigung zur R\u00fcckerstattung eines Abonnements bearbeitet.<\/li>\n<li>Der Zeitpunkt der R\u00fcckerstattung auf Ihr Konto kann je nach Zahlungsmethode und Finanzinstitut variieren.<\/li>\n<\/ul>\n<p><strong>5. \u00c4nderungen der Erstattungspolitik:<\/strong><\/p>\n<ul>\n<li>ishtarik.com beh\u00e4lt sich das Recht vor, jeden Teil der R\u00fcckerstattungs- und R\u00fcckgabepolitik nach eigenem Ermessen zu aktualisieren, zu \u00e4ndern oder zu ersetzen. \u00c4nderungen werden sofort mit der Ver\u00f6ffentlichung auf der Website wirksam.<\/li>\n<\/ul>\n<p><strong>Kontaktinformationen:<\/strong><\/p>\n<ul>\n<li>Bei Fragen oder Bedenken bez\u00fcglich unserer Erstattungs- und R\u00fcckgabebestimmungen.<\/li>\n<\/ul>\t\t\t\t\t\t\t\t<\/div>\n\t\t\t\t<\/div>\n\t\t\t\t\t<\/div>\n\t\t\t\t<\/div>\n\t\t\t\t<\/div>\n\t\t<\/body>","protected":false},"excerpt":{"rendered":"<p>Refund and Returns Policy Thank you for choosing ishtarik.com. We strive to provide high-quality IPTV services and anothers services to our users. Please review our Refund and Returns Policy carefully. 1. Refund Policy: Subscription Refunds: We offer a 7 day money-back guarantee for our subscription services. If you are not satisfied with our service within [&hellip;]<\/p>\n","protected":false},"author":3,"featured_media":0,"parent":0,"menu_order":0,"comment_status":"closed","ping_status":"closed","template":"","meta":{"_uag_custom_page_level_css":"","site-sidebar-layout":"no-sidebar","site-content-layout":"page-builder","ast-site-content-layout":"full-width-container","site-content-style":"unboxed","site-sidebar-style":"unboxed","ast-global-header-display":"","ast-banner-title-visibility":"","ast-main-header-display":"","ast-hfb-above-header-display":"","ast-hfb-below-header-display":"","ast-hfb-mobile-header-display":"","site-post-title":"disabled","ast-breadcrumbs-content":"","ast-featured-img":"disabled","footer-sml-layout":"","ast-disable-related-posts":"","theme-transparent-header-meta":"","adv-header-id-meta":"","stick-header-meta":"","header-above-stick-meta":"","header-main-stick-meta":"","header-below-stick-meta":"","astra-migrate-meta-layouts":"set","ast-page-background-enabled":"default","ast-page-background-meta":{"desktop":{"background-color":"","background-image":"","background-repeat":"repeat","background-position":"center center","background-size":"auto","background-attachment":"scroll","background-type":"","background-media":"","overlay-type":"","overlay-color":"","overlay-opacity":"","overlay-gradient":""},"tablet":{"background-color":"","background-image":"","background-repeat":"repeat","background-position":"center center","background-size":"auto","background-attachment":"scroll","background-type":"","background-media":"","overlay-type":"","overlay-color":"","overlay-opacity":"","overlay-gradient":""},"mobile":{"background-color":"","background-image":"","background-repeat":"repeat","background-position":"center center","background-size":"auto","background-attachment":"scroll","background-type":"","background-media":"","overlay-type":"","overlay-color":"","overlay-opacity":"","overlay-gradient":""}},"ast-content-background-meta":{"desktop":{"background-color":"var(--ast-global-color-5)","background-image":"","background-repeat":"repeat","background-position":"center center","background-size":"auto","background-attachment":"scroll","background-type":"","background-media":"","overlay-type":"","overlay-color":"","overlay-opacity":"","overlay-gradient":""},"tablet":{"background-color":"var(--ast-global-color-5)","background-image":"","background-repeat":"repeat","background-position":"center center","background-size":"auto","background-attachment":"scroll","background-type":"","background-media":"","overlay-type":"","overlay-color":"","overlay-opacity":"","overlay-gradient":""},"mobile":{"background-color":"var(--ast-global-color-5)","background-image":"","background-repeat":"repeat","background-position":"center center","background-size":"auto","background-attachment":"scroll","background-type":"","background-media":"","overlay-type":"","overlay-color":"","overlay-opacity":"","overlay-gradient":""}},"footnotes":""},"class_list":["post-4449","page","type-page","status-publish","hentry"],"yoast_head":"<!-- This site is optimized with the Yoast SEO Premium plugin v22.3 (Yoast SEO v27.4) - https:\/\/yoast.com\/product\/yoast-seo-premium-wordpress\/ -->\n<title>Refund Policy - ishtarik<\/title>\n<meta name=\"description\" content=\"Subscription Refunds: We offer a 7-day money-back guarantee for our subscription services. If you are unsatisfied with our service within seven days of your initial subscription\" \/>\n<meta name=\"robots\" content=\"index, follow, max-snippet:-1, max-image-preview:large, max-video-preview:-1\" \/>\n<link rel=\"canonical\" href=\"https:\/\/www.ishtarik.com\/de\/erstattungsrichtlinie\/\" \/>\n<meta property=\"og:locale\" content=\"de_DE\" \/>\n<meta property=\"og:type\" content=\"article\" \/>\n<meta property=\"og:title\" content=\"Refund Policy\" \/>\n<meta property=\"og:description\" content=\"Subscription Refunds: We offer a 7-day money-back guarantee for our subscription services. If you are unsatisfied with our service within seven days of your initial subscription\" \/>\n<meta property=\"og:url\" content=\"https:\/\/www.ishtarik.com\/de\/erstattungsrichtlinie\/\" \/>\n<meta property=\"og:site_name\" content=\"ishtarik\" \/>\n<meta property=\"article:modified_time\" content=\"2024-02-21T22:34:50+00:00\" \/>\n<meta name=\"twitter:card\" content=\"summary_large_image\" \/>\n<meta name=\"twitter:label1\" content=\"Gesch\u00e4tzte Lesezeit\" \/>\n\t<meta name=\"twitter:data1\" content=\"2\u00a0Minuten\" \/>\n<script type=\"application\/ld+json\" class=\"yoast-schema-graph\">{\"@context\":\"https:\\\/\\\/schema.org\",\"@graph\":[{\"@type\":\"WebPage\",\"@id\":\"https:\\\/\\\/www.ishtarik.com\\\/refund-policy\\\/\",\"url\":\"https:\\\/\\\/www.ishtarik.com\\\/refund-policy\\\/\",\"name\":\"Refund Policy - ishtarik\",\"isPartOf\":{\"@id\":\"https:\\\/\\\/www.ishtarik.com\\\/#website\"},\"datePublished\":\"2023-03-28T17:37:28+00:00\",\"dateModified\":\"2024-02-21T22:34:50+00:00\",\"description\":\"Subscription Refunds: We offer a 7-day money-back guarantee for our subscription services. If you are unsatisfied with our service within seven days of your initial subscription\",\"breadcrumb\":{\"@id\":\"https:\\\/\\\/www.ishtarik.com\\\/refund-policy\\\/#breadcrumb\"},\"inLanguage\":\"de\",\"potentialAction\":[{\"@type\":\"ReadAction\",\"target\":[\"https:\\\/\\\/www.ishtarik.com\\\/refund-policy\\\/\"]}]},{\"@type\":\"BreadcrumbList\",\"@id\":\"https:\\\/\\\/www.ishtarik.com\\\/refund-policy\\\/#breadcrumb\",\"itemListElement\":[{\"@type\":\"ListItem\",\"position\":1,\"name\":\"Home\",\"item\":\"https:\\\/\\\/www.ishtarik.com\\\/\"},{\"@type\":\"ListItem\",\"position\":2,\"name\":\"Refund Policy\"}]},{\"@type\":\"WebSite\",\"@id\":\"https:\\\/\\\/www.ishtarik.com\\\/#website\",\"url\":\"https:\\\/\\\/www.ishtarik.com\\\/\",\"name\":\"ishtarik\",\"description\":\"all subsbs\",\"publisher\":{\"@id\":\"https:\\\/\\\/www.ishtarik.com\\\/#\\\/schema\\\/person\\\/37be2f77278773416cef9ccf566adea1\"},\"potentialAction\":[{\"@type\":\"SearchAction\",\"target\":{\"@type\":\"EntryPoint\",\"urlTemplate\":\"https:\\\/\\\/www.ishtarik.com\\\/?s={search_term_string}\"},\"query-input\":{\"@type\":\"PropertyValueSpecification\",\"valueRequired\":true,\"valueName\":\"search_term_string\"}}],\"inLanguage\":\"de\"},{\"@type\":[\"Person\",\"Organization\"],\"@id\":\"https:\\\/\\\/www.ishtarik.com\\\/#\\\/schema\\\/person\\\/37be2f77278773416cef9ccf566adea1\",\"name\":\"admin\",\"image\":{\"@type\":\"ImageObject\",\"inLanguage\":\"de\",\"@id\":\"https:\\\/\\\/www.ishtarik.com\\\/wp-content\\\/uploads\\\/2022\\\/03\\\/cropped-logo-ichtiraki-1-1.png\",\"url\":\"https:\\\/\\\/www.ishtarik.com\\\/wp-content\\\/uploads\\\/2022\\\/03\\\/cropped-logo-ichtiraki-1-1.png\",\"contentUrl\":\"https:\\\/\\\/www.ishtarik.com\\\/wp-content\\\/uploads\\\/2022\\\/03\\\/cropped-logo-ichtiraki-1-1.png\",\"width\":450,\"height\":100,\"caption\":\"admin\"},\"logo\":{\"@id\":\"https:\\\/\\\/www.ishtarik.com\\\/wp-content\\\/uploads\\\/2022\\\/03\\\/cropped-logo-ichtiraki-1-1.png\"},\"sameAs\":[\"https:\\\/\\\/www.ishtarik.com\"]}]}<\/script>\n<!-- \/ Yoast SEO Premium plugin. -->","yoast_head_json":{"title":"Erstattungspolitik - ishtarik","description":"R\u00fcckerstattung von Abonnements: Wir bieten eine 7-t\u00e4gige Geld-zur\u00fcck-Garantie f\u00fcr unsere Abonnementdienste. Wenn Sie mit unserem Service innerhalb von sieben Tagen nach dem ersten Abonnement unzufrieden sind","robots":{"index":"index","follow":"follow","max-snippet":"max-snippet:-1","max-image-preview":"max-image-preview:large","max-video-preview":"max-video-preview:-1"},"canonical":"https:\/\/www.ishtarik.com\/de\/erstattungsrichtlinie\/","og_locale":"de_DE","og_type":"article","og_title":"Refund Policy","og_description":"Subscription Refunds: We offer a 7-day money-back guarantee for our subscription services. If you are unsatisfied with our service within seven days of your initial subscription","og_url":"https:\/\/www.ishtarik.com\/de\/erstattungsrichtlinie\/","og_site_name":"ishtarik","article_modified_time":"2024-02-21T22:34:50+00:00","twitter_card":"summary_large_image","twitter_misc":{"Gesch\u00e4tzte Lesezeit":"2\u00a0Minuten"},"schema":{"@context":"https:\/\/schema.org","@graph":[{"@type":"WebPage","@id":"https:\/\/www.ishtarik.com\/refund-policy\/","url":"https:\/\/www.ishtarik.com\/refund-policy\/","name":"Erstattungspolitik - ishtarik","isPartOf":{"@id":"https:\/\/www.ishtarik.com\/#website"},"datePublished":"2023-03-28T17:37:28+00:00","dateModified":"2024-02-21T22:34:50+00:00","description":"R\u00fcckerstattung von Abonnements: Wir bieten eine 7-t\u00e4gige Geld-zur\u00fcck-Garantie f\u00fcr unsere Abonnementdienste. Wenn Sie mit unserem Service innerhalb von sieben Tagen nach dem ersten Abonnement unzufrieden sind","breadcrumb":{"@id":"https:\/\/www.ishtarik.com\/refund-policy\/#breadcrumb"},"inLanguage":"de","potentialAction":[{"@type":"ReadAction","target":["https:\/\/www.ishtarik.com\/refund-policy\/"]}]},{"@type":"BreadcrumbList","@id":"https:\/\/www.ishtarik.com\/refund-policy\/#breadcrumb","itemListElement":[{"@type":"ListItem","position":1,"name":"Home","item":"https:\/\/www.ishtarik.com\/"},{"@type":"ListItem","position":2,"name":"Refund Policy"}]},{"@type":"WebSite","@id":"https:\/\/www.ishtarik.com\/#website","url":"https:\/\/www.ishtarik.com\/","name":"ishtarik","description":"alle Unterkategorien","publisher":{"@id":"https:\/\/www.ishtarik.com\/#\/schema\/person\/37be2f77278773416cef9ccf566adea1"},"potentialAction":[{"@type":"SearchAction","target":{"@type":"EntryPoint","urlTemplate":"https:\/\/www.ishtarik.com\/?s={search_term_string}"},"query-input":{"@type":"PropertyValueSpecification","valueRequired":true,"valueName":"search_term_string"}}],"inLanguage":"de"},{"@type":["Person","Organization"],"@id":"https:\/\/www.ishtarik.com\/#\/schema\/person\/37be2f77278773416cef9ccf566adea1","name":"admin","image":{"@type":"ImageObject","inLanguage":"de","@id":"https:\/\/www.ishtarik.com\/wp-content\/uploads\/2022\/03\/cropped-logo-ichtiraki-1-1.png","url":"https:\/\/www.ishtarik.com\/wp-content\/uploads\/2022\/03\/cropped-logo-ichtiraki-1-1.png","contentUrl":"https:\/\/www.ishtarik.com\/wp-content\/uploads\/2022\/03\/cropped-logo-ichtiraki-1-1.png","width":450,"height":100,"caption":"admin"},"logo":{"@id":"https:\/\/www.ishtarik.com\/wp-content\/uploads\/2022\/03\/cropped-logo-ichtiraki-1-1.png"},"sameAs":["https:\/\/www.ishtarik.com"]}]}},"uagb_featured_image_src":{"full":false,"thumbnail":false,"medium":false,"medium_large":false,"large":false,"1536x1536":false,"2048x2048":false,"trp-custom-language-flag":false,"mailpoet_newsletter_max":false,"woocommerce_thumbnail":false,"woocommerce_single":false,"woocommerce_gallery_thumbnail":false},"uagb_author_info":{"display_name":"admin","author_link":"https:\/\/www.ishtarik.com\/de\/author\/admin-2\/"},"uagb_comment_info":0,"uagb_excerpt":"Refund and Returns Policy Thank you for choosing ishtarik.com. We strive to provide high-quality IPTV services and anothers services to our users. Please review our Refund and Returns Policy carefully. 1. Refund Policy: Subscription Refunds: We offer a 7 day money-back guarantee for our subscription services. If you are not satisfied with our service within&hellip;","jetpack_sharing_enabled":true,"_links":{"self":[{"href":"https:\/\/www.ishtarik.com\/de\/wp-json\/wp\/v2\/pages\/4449","targetHints":{"allow":["GET"]}}],"collection":[{"href":"https:\/\/www.ishtarik.com\/de\/wp-json\/wp\/v2\/pages"}],"about":[{"href":"https:\/\/www.ishtarik.com\/de\/wp-json\/wp\/v2\/types\/page"}],"author":[{"embeddable":true,"href":"https:\/\/www.ishtarik.com\/de\/wp-json\/wp\/v2\/users\/3"}],"replies":[{"embeddable":true,"href":"https:\/\/www.ishtarik.com\/de\/wp-json\/wp\/v2\/comments?post=4449"}],"version-history":[{"count":0,"href":"https:\/\/www.ishtarik.com\/de\/wp-json\/wp\/v2\/pages\/4449\/revisions"}],"wp:attachment":[{"href":"https:\/\/www.ishtarik.com\/de\/wp-json\/wp\/v2\/media?parent=4449"}],"curies":[{"name":"wp","href":"https:\/\/api.w.org\/{rel}","templated":true}]}}