{"id":3002,"date":"2022-03-05T13:31:53","date_gmt":"2022-03-05T13:31:53","guid":{"rendered":"https:\/\/www.ishtarik.com\/?post_type=product&#038;p=3002"},"modified":"2025-12-09T02:17:14","modified_gmt":"2025-12-09T02:17:14","slug":"ktn-hd","status":"publish","type":"product","link":"https:\/\/www.ishtarik.com\/de\/produkt\/ktn-hd\/","title":{"rendered":"KTN HD"},"content":{"rendered":"<body><p><\/p>\n<p style=\"text-align: center;\">Wir bieten Ihnen die <strong>KTN HD<\/strong>\u00a0Server, dem gr\u00f6\u00dften Server, den wir bisher entdeckt haben<br>\nEin Server, der alle Sportkan\u00e4le f\u00fcr Kinder, exklusive Spielfilme, Serien und mehr enth\u00e4lt<\/p>\n<p style=\"text-align: center;\">Direkte Kan\u00e4le auf ihm mehr als <strong>8,000<\/strong>:<\/p>\n<p style=\"text-align: center;\"><img data-recalc-dims=\"1\" loading=\"lazy\" decoding=\"async\" class=\"alignnone size-medium\" src=\"https:\/\/i0.wp.com\/media.giphy.com\/media\/IpDGUfGeZw4HlgQ2c4\/giphy.gif?resize=480%2C270&#038;ssl=1\" width=\"480\" height=\"270\"><\/p>\n<p style=\"text-align: center;\">Filme mit mehr als <strong>10,000:<\/strong><\/p>\n<p style=\"text-align: center;\"><strong><img data-recalc-dims=\"1\" loading=\"lazy\" decoding=\"async\" class=\"alignnone size-medium\" src=\"https:\/\/i0.wp.com\/media.giphy.com\/media\/twmdNzR1Rym3sYSo4O\/giphy.gif?resize=480%2C270&#038;ssl=1\" width=\"480\" height=\"270\"><\/strong><\/p>\n<p style=\"text-align: center;\">Serien darauf mehr als<strong> 1,500<\/strong>:<\/p>\n<p style=\"text-align: center;\"><img data-recalc-dims=\"1\" loading=\"lazy\" decoding=\"async\" class=\"alignnone size-medium\" src=\"https:\/\/i0.wp.com\/media.giphy.com\/media\/TU9ZXRkAsxj2aTlSRB\/giphy.gif?resize=480%2C270&#038;ssl=1\" width=\"480\" height=\"270\"><\/p>\n<p style=\"text-align: center;\">Stabilit\u00e4t: 80%<br>\nQualit\u00e4t: FHD<\/p>\n<p>Kan\u00e4le sind 90% in FHD-Qualit\u00e4t<\/p>\n<p>Unterst\u00fctzt alle Ger\u00e4te: Fire Stick, Smart Samsung, Smart LG, MAC, IOS, Android, Windows ...<\/p>\n<p><span style=\"color: #008000;\"><strong>Anmerkung:<\/strong> Sie k\u00f6nnen den Dienst 24 Stunden lang verfolgen<\/span><\/p>\n<\/body>","protected":false},"excerpt":{"rendered":"<p style=\"text-align: center;\">Direkte Kan\u00e4le auf ihm mehr als <strong>8,000<\/strong><\/p>\n<p style=\"text-align: center;\">Filme mit mehr als <strong>10,000<\/strong><\/p>\n<p style=\"text-align: center;\">Serien darauf mehr als<strong> 1,500<\/strong><\/p>\n<p style=\"text-align: center;\">Stabilit\u00e4t: <strong>83%<\/strong><\/p>\n<p style=\"text-align: center;\">Kan\u00e4le sind <strong>70% in FHD-Qualit\u00e4t<\/strong><\/p>\n<p style=\"text-align: center;\">Unterst\u00fctzt alle Ger\u00e4te: <strong>fire stick , smart Samsung , smart LG , MAC , IOS , android , windows ..<\/strong><\/p>","protected":false},"featured_media":3003,"comment_status":"open","ping_status":"closed","template":"","meta":{"_uag_custom_page_level_css":"","site-sidebar-layout":"default","site-content-layout":"default","ast-site-content-layout":"default","site-content-style":"default","site-sidebar-style":"default","ast-global-header-display":"","ast-banner-title-visibility":"","ast-main-header-display":"","ast-hfb-above-header-display":"","ast-hfb-below-header-display":"","ast-hfb-mobile-header-display":"","site-post-title":"","ast-breadcrumbs-content":"","ast-featured-img":"","footer-sml-layout":"","ast-disable-related-posts":"","theme-transparent-header-meta":"default","adv-header-id-meta":"","stick-header-meta":"","header-above-stick-meta":"","header-main-stick-meta":"","header-below-stick-meta":"","astra-migrate-meta-layouts":"set","ast-page-background-enabled":"default","ast-page-background-meta":{"desktop":{"background-color":"","background-image":"","background-repeat":"repeat","background-position":"center center","background-size":"auto","background-attachment":"scroll","background-type":"","background-media":"","overlay-type":"","overlay-color":"","overlay-opacity":"","overlay-gradient":""},"tablet":{"background-color":"","background-image":"","background-repeat":"repeat","background-position":"center center","background-size":"auto","background-attachment":"scroll","background-type":"","background-media":"","overlay-type":"","overlay-color":"","overlay-opacity":"","overlay-gradient":""},"mobile":{"background-color":"","background-image":"","background-repeat":"repeat","background-position":"center center","background-size":"auto","background-attachment":"scroll","background-type":"","background-media":"","overlay-type":"","overlay-color":"","overlay-opacity":"","overlay-gradient":""}},"ast-content-background-meta":{"desktop":{"background-color":"var(--ast-global-color-5)","background-image":"","background-repeat":"repeat","background-position":"center center","background-size":"auto","background-attachment":"scroll","background-type":"","background-media":"","overlay-type":"","overlay-color":"","overlay-opacity":"","overlay-gradient":""},"tablet":{"background-color":"var(--ast-global-color-5)","background-image":"","background-repeat":"repeat","background-position":"center center","background-size":"auto","background-attachment":"scroll","background-type":"","background-media":"","overlay-type":"","overlay-color":"","overlay-opacity":"","overlay-gradient":""},"mobile":{"background-color":"var(--ast-global-color-5)","background-image":"","background-repeat":"repeat","background-position":"center center","background-size":"auto","background-attachment":"scroll","background-type":"","background-media":"","overlay-type":"","overlay-color":"","overlay-opacity":"","overlay-gradient":""}}},"product_brand":[],"product_cat":[53],"product_tag":[372,371,375,373,374,376],"class_list":{"0":"post-3002","1":"product","2":"type-product","3":"status-publish","4":"has-post-thumbnail","6":"product_cat-iptv","7":"product_tag-iptv-ktn","8":"product_tag-ktn-hd","9":"product_tag-ktn-hd-iptv","10":"product_tag-ktn-iptv","11":"product_tag-ktn-iptv-hd","12":"product_tag-ktn-n1","13":"pa_duration-1-year","14":"pa_duration-3-months","15":"pa_duration-6-months","16":"pa_duration-test-24h","17":"desktop-align-left","18":"tablet-align-left","19":"mobile-align-left","21":"first","22":"instock","23":"shipping-taxable","24":"purchasable","25":"product-type-variable"},"yoast_head":"<!-- This site is optimized with the Yoast SEO Premium plugin v22.3 (Yoast SEO v27.4) - https:\/\/yoast.com\/product\/yoast-seo-premium-wordpress\/ -->\n<title>KTN HD IPTV<\/title>\n<meta name=\"description\" content=\"KTN IPTV is the largest supplier of French-speaking and international IPTV channels and VOD films on the market. more than 8000 Full HD\/ HD\/SD channels\" \/>\n<meta name=\"robots\" content=\"index, follow, max-snippet:-1, max-image-preview:large, max-video-preview:-1\" \/>\n<link rel=\"canonical\" href=\"https:\/\/www.ishtarik.com\/de\/produkt\/ktn-hd\/\" \/>\n<meta property=\"og:locale\" content=\"de_DE\" \/>\n<meta property=\"og:type\" content=\"article\" \/>\n<meta property=\"og:title\" content=\"KTN HD\" \/>\n<meta property=\"og:description\" content=\"KTN IPTV is the largest supplier of French-speaking and international IPTV channels and VOD films on the market. more than 8000 Full HD\/ HD\/SD channels\" \/>\n<meta property=\"og:url\" content=\"https:\/\/www.ishtarik.com\/de\/produkt\/ktn-hd\/\" \/>\n<meta property=\"og:site_name\" content=\"ishtarik\" \/>\n<meta property=\"article:modified_time\" content=\"2025-12-09T02:17:14+00:00\" \/>\n<meta property=\"og:image\" content=\"https:\/\/www.ishtarik.com\/wp-content\/uploads\/2022\/03\/A11.jpg\" \/>\n\t<meta property=\"og:image:width\" content=\"800\" \/>\n\t<meta property=\"og:image:height\" content=\"800\" \/>\n\t<meta property=\"og:image:type\" content=\"image\/jpeg\" \/>\n<meta name=\"twitter:card\" content=\"summary_large_image\" \/>\n<meta name=\"twitter:label1\" content=\"Gesch\u00e4tzte Lesezeit\" \/>\n\t<meta name=\"twitter:data1\" content=\"2\u00a0Minuten\" \/>\n<script type=\"application\/ld+json\" class=\"yoast-schema-graph\">{\"@context\":\"https:\\\/\\\/schema.org\",\"@graph\":[{\"@type\":\"WebPage\",\"@id\":\"https:\\\/\\\/www.ishtarik.com\\\/product\\\/ktn-hd\\\/\",\"url\":\"https:\\\/\\\/www.ishtarik.com\\\/product\\\/ktn-hd\\\/\",\"name\":\"KTN HD IPTV\",\"isPartOf\":{\"@id\":\"https:\\\/\\\/www.ishtarik.com\\\/#website\"},\"primaryImageOfPage\":{\"@id\":\"https:\\\/\\\/www.ishtarik.com\\\/product\\\/ktn-hd\\\/#primaryimage\"},\"image\":{\"@id\":\"https:\\\/\\\/www.ishtarik.com\\\/product\\\/ktn-hd\\\/#primaryimage\"},\"thumbnailUrl\":\"https:\\\/\\\/i0.wp.com\\\/www.ishtarik.com\\\/wp-content\\\/uploads\\\/2022\\\/03\\\/A11.jpg?fit=800%2C800&ssl=1\",\"datePublished\":\"2022-03-05T13:31:53+00:00\",\"dateModified\":\"2025-12-09T02:17:14+00:00\",\"description\":\"KTN IPTV is the largest supplier of French-speaking and international IPTV channels and VOD films on the market. more than 8000 Full HD\\\/ HD\\\/SD channels\",\"breadcrumb\":{\"@id\":\"https:\\\/\\\/www.ishtarik.com\\\/product\\\/ktn-hd\\\/#breadcrumb\"},\"inLanguage\":\"de\",\"potentialAction\":[{\"@type\":\"ReadAction\",\"target\":[\"https:\\\/\\\/www.ishtarik.com\\\/product\\\/ktn-hd\\\/\"]}]},{\"@type\":\"ImageObject\",\"inLanguage\":\"de\",\"@id\":\"https:\\\/\\\/www.ishtarik.com\\\/product\\\/ktn-hd\\\/#primaryimage\",\"url\":\"https:\\\/\\\/i0.wp.com\\\/www.ishtarik.com\\\/wp-content\\\/uploads\\\/2022\\\/03\\\/A11.jpg?fit=800%2C800&ssl=1\",\"contentUrl\":\"https:\\\/\\\/i0.wp.com\\\/www.ishtarik.com\\\/wp-content\\\/uploads\\\/2022\\\/03\\\/A11.jpg?fit=800%2C800&ssl=1\",\"width\":800,\"height\":800},{\"@type\":\"BreadcrumbList\",\"@id\":\"https:\\\/\\\/www.ishtarik.com\\\/product\\\/ktn-hd\\\/#breadcrumb\",\"itemListElement\":[{\"@type\":\"ListItem\",\"position\":1,\"name\":\"Home\",\"item\":\"https:\\\/\\\/www.ishtarik.com\\\/\"},{\"@type\":\"ListItem\",\"position\":2,\"name\":\"Store\",\"item\":\"https:\\\/\\\/www.ishtarik.com\\\/store\\\/\"},{\"@type\":\"ListItem\",\"position\":3,\"name\":\"KTN HD\"}]},{\"@type\":\"WebSite\",\"@id\":\"https:\\\/\\\/www.ishtarik.com\\\/#website\",\"url\":\"https:\\\/\\\/www.ishtarik.com\\\/\",\"name\":\"ishtarik\",\"description\":\"all subsbs\",\"publisher\":{\"@id\":\"https:\\\/\\\/www.ishtarik.com\\\/#\\\/schema\\\/person\\\/37be2f77278773416cef9ccf566adea1\"},\"potentialAction\":[{\"@type\":\"SearchAction\",\"target\":{\"@type\":\"EntryPoint\",\"urlTemplate\":\"https:\\\/\\\/www.ishtarik.com\\\/?s={search_term_string}\"},\"query-input\":{\"@type\":\"PropertyValueSpecification\",\"valueRequired\":true,\"valueName\":\"search_term_string\"}}],\"inLanguage\":\"de\"},{\"@type\":[\"Person\",\"Organization\"],\"@id\":\"https:\\\/\\\/www.ishtarik.com\\\/#\\\/schema\\\/person\\\/37be2f77278773416cef9ccf566adea1\",\"name\":\"admin\",\"image\":{\"@type\":\"ImageObject\",\"inLanguage\":\"de\",\"@id\":\"https:\\\/\\\/www.ishtarik.com\\\/wp-content\\\/uploads\\\/2022\\\/03\\\/cropped-logo-ichtiraki-1-1.png\",\"url\":\"https:\\\/\\\/www.ishtarik.com\\\/wp-content\\\/uploads\\\/2022\\\/03\\\/cropped-logo-ichtiraki-1-1.png\",\"contentUrl\":\"https:\\\/\\\/www.ishtarik.com\\\/wp-content\\\/uploads\\\/2022\\\/03\\\/cropped-logo-ichtiraki-1-1.png\",\"width\":450,\"height\":100,\"caption\":\"admin\"},\"logo\":{\"@id\":\"https:\\\/\\\/www.ishtarik.com\\\/wp-content\\\/uploads\\\/2022\\\/03\\\/cropped-logo-ichtiraki-1-1.png\"},\"sameAs\":[\"https:\\\/\\\/www.ishtarik.com\"]}]}<\/script>\n<!-- \/ Yoast SEO Premium plugin. -->","yoast_head_json":{"title":"KTN HD IPTV","description":"KTN IPTV ist der gr\u00f6\u00dfte Anbieter von franz\u00f6sischsprachigen und internationalen IPTV-Kan\u00e4len und VOD-Filmen auf dem Markt. Mehr als 8000 Full HD\/ HD\/SD-Kan\u00e4le","robots":{"index":"index","follow":"follow","max-snippet":"max-snippet:-1","max-image-preview":"max-image-preview:large","max-video-preview":"max-video-preview:-1"},"canonical":"https:\/\/www.ishtarik.com\/de\/produkt\/ktn-hd\/","og_locale":"de_DE","og_type":"article","og_title":"KTN HD","og_description":"KTN IPTV is the largest supplier of French-speaking and international IPTV channels and VOD films on the market. more than 8000 Full HD\/ HD\/SD channels","og_url":"https:\/\/www.ishtarik.com\/de\/produkt\/ktn-hd\/","og_site_name":"ishtarik","article_modified_time":"2025-12-09T02:17:14+00:00","og_image":[{"width":800,"height":800,"url":"https:\/\/www.ishtarik.com\/wp-content\/uploads\/2022\/03\/A11.jpg","type":"image\/jpeg"}],"twitter_card":"summary_large_image","twitter_misc":{"Gesch\u00e4tzte Lesezeit":"2\u00a0Minuten"},"schema":{"@context":"https:\/\/schema.org","@graph":[{"@type":"WebPage","@id":"https:\/\/www.ishtarik.com\/product\/ktn-hd\/","url":"https:\/\/www.ishtarik.com\/product\/ktn-hd\/","name":"KTN HD IPTV","isPartOf":{"@id":"https:\/\/www.ishtarik.com\/#website"},"primaryImageOfPage":{"@id":"https:\/\/www.ishtarik.com\/product\/ktn-hd\/#primaryimage"},"image":{"@id":"https:\/\/www.ishtarik.com\/product\/ktn-hd\/#primaryimage"},"thumbnailUrl":"https:\/\/i0.wp.com\/www.ishtarik.com\/wp-content\/uploads\/2022\/03\/A11.jpg?fit=800%2C800&ssl=1","datePublished":"2022-03-05T13:31:53+00:00","dateModified":"2025-12-09T02:17:14+00:00","description":"KTN IPTV ist der gr\u00f6\u00dfte Anbieter von franz\u00f6sischsprachigen und internationalen IPTV-Kan\u00e4len und VOD-Filmen auf dem Markt. Mehr als 8000 Full HD\/ HD\/SD-Kan\u00e4le","breadcrumb":{"@id":"https:\/\/www.ishtarik.com\/product\/ktn-hd\/#breadcrumb"},"inLanguage":"de","potentialAction":[{"@type":"ReadAction","target":["https:\/\/www.ishtarik.com\/product\/ktn-hd\/"]}]},{"@type":"ImageObject","inLanguage":"de","@id":"https:\/\/www.ishtarik.com\/product\/ktn-hd\/#primaryimage","url":"https:\/\/i0.wp.com\/www.ishtarik.com\/wp-content\/uploads\/2022\/03\/A11.jpg?fit=800%2C800&ssl=1","contentUrl":"https:\/\/i0.wp.com\/www.ishtarik.com\/wp-content\/uploads\/2022\/03\/A11.jpg?fit=800%2C800&ssl=1","width":800,"height":800},{"@type":"BreadcrumbList","@id":"https:\/\/www.ishtarik.com\/product\/ktn-hd\/#breadcrumb","itemListElement":[{"@type":"ListItem","position":1,"name":"Home","item":"https:\/\/www.ishtarik.com\/"},{"@type":"ListItem","position":2,"name":"Store","item":"https:\/\/www.ishtarik.com\/store\/"},{"@type":"ListItem","position":3,"name":"KTN HD"}]},{"@type":"WebSite","@id":"https:\/\/www.ishtarik.com\/#website","url":"https:\/\/www.ishtarik.com\/","name":"ishtarik","description":"alle Unterkategorien","publisher":{"@id":"https:\/\/www.ishtarik.com\/#\/schema\/person\/37be2f77278773416cef9ccf566adea1"},"potentialAction":[{"@type":"SearchAction","target":{"@type":"EntryPoint","urlTemplate":"https:\/\/www.ishtarik.com\/?s={search_term_string}"},"query-input":{"@type":"PropertyValueSpecification","valueRequired":true,"valueName":"search_term_string"}}],"inLanguage":"de"},{"@type":["Person","Organization"],"@id":"https:\/\/www.ishtarik.com\/#\/schema\/person\/37be2f77278773416cef9ccf566adea1","name":"admin","image":{"@type":"ImageObject","inLanguage":"de","@id":"https:\/\/www.ishtarik.com\/wp-content\/uploads\/2022\/03\/cropped-logo-ichtiraki-1-1.png","url":"https:\/\/www.ishtarik.com\/wp-content\/uploads\/2022\/03\/cropped-logo-ichtiraki-1-1.png","contentUrl":"https:\/\/www.ishtarik.com\/wp-content\/uploads\/2022\/03\/cropped-logo-ichtiraki-1-1.png","width":450,"height":100,"caption":"admin"},"logo":{"@id":"https:\/\/www.ishtarik.com\/wp-content\/uploads\/2022\/03\/cropped-logo-ichtiraki-1-1.png"},"sameAs":["https:\/\/www.ishtarik.com"]}]}},"uagb_featured_image_src":{"full":["https:\/\/i0.wp.com\/www.ishtarik.com\/wp-content\/uploads\/2022\/03\/A11.jpg?fit=800%2C800&ssl=1",800,800,false],"thumbnail":["https:\/\/i0.wp.com\/www.ishtarik.com\/wp-content\/uploads\/2022\/03\/A11.jpg?resize=150%2C150&ssl=1",150,150,true],"medium":["https:\/\/i0.wp.com\/www.ishtarik.com\/wp-content\/uploads\/2022\/03\/A11.jpg?fit=300%2C300&ssl=1",300,300,true],"medium_large":["https:\/\/i0.wp.com\/www.ishtarik.com\/wp-content\/uploads\/2022\/03\/A11.jpg?fit=768%2C768&ssl=1",768,768,true],"large":["https:\/\/i0.wp.com\/www.ishtarik.com\/wp-content\/uploads\/2022\/03\/A11.jpg?fit=800%2C800&ssl=1",800,800,true],"1536x1536":["https:\/\/i0.wp.com\/www.ishtarik.com\/wp-content\/uploads\/2022\/03\/A11.jpg?fit=800%2C800&ssl=1",800,800,true],"2048x2048":["https:\/\/i0.wp.com\/www.ishtarik.com\/wp-content\/uploads\/2022\/03\/A11.jpg?fit=800%2C800&ssl=1",800,800,true],"trp-custom-language-flag":["https:\/\/i0.wp.com\/www.ishtarik.com\/wp-content\/uploads\/2022\/03\/A11.jpg?fit=12%2C12&ssl=1",12,12,true],"mailpoet_newsletter_max":["https:\/\/i0.wp.com\/www.ishtarik.com\/wp-content\/uploads\/2022\/03\/A11.jpg?fit=800%2C800&ssl=1",800,800,true],"woocommerce_thumbnail":["https:\/\/i0.wp.com\/www.ishtarik.com\/wp-content\/uploads\/2022\/03\/A11.jpg?resize=300%2C300&ssl=1",300,300,true],"woocommerce_single":["https:\/\/i0.wp.com\/www.ishtarik.com\/wp-content\/uploads\/2022\/03\/A11.jpg?fit=600%2C600&ssl=1",600,600,true],"woocommerce_gallery_thumbnail":["https:\/\/i0.wp.com\/www.ishtarik.com\/wp-content\/uploads\/2022\/03\/A11.jpg?resize=100%2C100&ssl=1",100,100,true]},"uagb_author_info":{"display_name":"admin","author_link":"https:\/\/www.ishtarik.com\/de\/author\/"},"uagb_comment_info":6,"uagb_excerpt":"Direct channels on it more than 8,000 Movies with more than 10,000 Series on it more than 1,500 Stability: 83% channels are 70% in FHD quality Support all device : fire stick , smart Samsung , smart LG , MAC , IOS , android , windows ..","jetpack_sharing_enabled":true,"_links":{"self":[{"href":"https:\/\/www.ishtarik.com\/de\/wp-json\/wp\/v2\/product\/3002","targetHints":{"allow":["GET"]}}],"collection":[{"href":"https:\/\/www.ishtarik.com\/de\/wp-json\/wp\/v2\/product"}],"about":[{"href":"https:\/\/www.ishtarik.com\/de\/wp-json\/wp\/v2\/types\/product"}],"replies":[{"embeddable":true,"href":"https:\/\/www.ishtarik.com\/de\/wp-json\/wp\/v2\/comments?post=3002"}],"version-history":[{"count":0,"href":"https:\/\/www.ishtarik.com\/de\/wp-json\/wp\/v2\/product\/3002\/revisions"}],"wp:featuredmedia":[{"embeddable":true,"href":"https:\/\/www.ishtarik.com\/de\/wp-json\/wp\/v2\/media\/3003"}],"wp:attachment":[{"href":"https:\/\/www.ishtarik.com\/de\/wp-json\/wp\/v2\/media?parent=3002"}],"wp:term":[{"taxonomy":"product_brand","embeddable":true,"href":"https:\/\/www.ishtarik.com\/de\/wp-json\/wp\/v2\/product_brand?post=3002"},{"taxonomy":"product_cat","embeddable":true,"href":"https:\/\/www.ishtarik.com\/de\/wp-json\/wp\/v2\/product_cat?post=3002"},{"taxonomy":"product_tag","embeddable":true,"href":"https:\/\/www.ishtarik.com\/de\/wp-json\/wp\/v2\/product_tag?post=3002"}],"curies":[{"name":"wp","href":"https:\/\/api.w.org\/{rel}","templated":true}]}}