{"id":3084,"date":"2022-03-06T16:34:37","date_gmt":"2022-03-06T16:34:37","guid":{"rendered":"https:\/\/www.ishtarik.com\/?post_type=product&#038;p=3084"},"modified":"2025-03-02T13:54:18","modified_gmt":"2025-03-02T13:54:18","slug":"shahid-vip","status":"publish","type":"product","link":"https:\/\/www.ishtarik.com\/de\/produkt\/shahid-vip\/","title":{"rendered":"Shahid Vip"},"content":{"rendered":"<body><p><\/p>Hallo lieber Kunde, wir pr\u00e4sentieren Ihnen<br>\n<strong>Shahid Vip<\/strong>\n<p><img data-recalc-dims=\"1\" loading=\"lazy\" decoding=\"async\" class=\"wp-image-3479 alignleft\" src=\"https:\/\/i0.wp.com\/www.ishtarik.com\/wp-content\/uploads\/2022\/03\/shahid9800.jpg?resize=333%2C222&#038;ssl=1\" alt=\"Shahid Vip\" width=\"333\" height=\"222\" srcset=\"https:\/\/i0.wp.com\/www.ishtarik.com\/wp-content\/uploads\/2022\/03\/shahid9800-scaled.jpg?resize=300%2C200&amp;ssl=1 300w, https:\/\/i0.wp.com\/www.ishtarik.com\/wp-content\/uploads\/2022\/03\/shahid9800-scaled.jpg?resize=1024%2C683&amp;ssl=1 1024w, https:\/\/i0.wp.com\/www.ishtarik.com\/wp-content\/uploads\/2022\/03\/shahid9800-scaled.jpg?resize=768%2C512&amp;ssl=1 768w, https:\/\/i0.wp.com\/www.ishtarik.com\/wp-content\/uploads\/2022\/03\/shahid9800-scaled.jpg?resize=1536%2C1024&amp;ssl=1 1536w, https:\/\/i0.wp.com\/www.ishtarik.com\/wp-content\/uploads\/2022\/03\/shahid9800-scaled.jpg?resize=2048%2C1365&amp;ssl=1 2048w, https:\/\/i0.wp.com\/www.ishtarik.com\/wp-content\/uploads\/2022\/03\/shahid9800-scaled.jpg?resize=600%2C400&amp;ssl=1 600w\" sizes=\"auto, (max-width: 333px) 100vw, 333px\" \/><br>\nzum besten Preis<br>\nWir geben Ihnen einen \u00dcberblick \u00fcber die Plattform:<br>\n<strong>Shahid<\/strong> ist eine Streaming-Plattform f\u00fcr arabische Inhalte mit Hauptsitz in Dubai, Vereinigte Arabische Emirate. Sie wurde von der MBC-Gruppe gegr\u00fcndet. Die Plattform wurde 2008 ins Leben gerufen und im Jahr 2020 umbenannt.<\/p>\n<p>\u00a0<\/p>\n<p>\u00a0<\/p>\n<p><!--more--><\/p>\n<p><span style=\"color: #ff9900;\">40$\/Jahr Abonnement beinhaltet nur einen Bildschirm<\/span><br>\nSie erhalten ein komplettes offizielles Shahid-Konto, das nur f\u00fcr Sie bestimmt ist, und Sie k\u00f6nnen es auf drei Ger\u00e4ten gleichzeitig nutzen und diese gleichzeitig bedienen, und Sie haben 4 Profile und ein Profil f\u00fcr Kinder<br>\n<img data-recalc-dims=\"1\" loading=\"lazy\" decoding=\"async\" class=\"aligncenter wp-image-3490 size-large\" src=\"https:\/\/i0.wp.com\/www.ishtarik.com\/wp-content\/uploads\/2022\/03\/IMG_59052.jpg?resize=1024%2C768&#038;ssl=1\" alt=\"\" width=\"1024\" height=\"768\" srcset=\"https:\/\/i0.wp.com\/www.ishtarik.com\/wp-content\/uploads\/2022\/03\/IMG_59052-scaled.jpg?resize=1024%2C768&amp;ssl=1 1024w, https:\/\/i0.wp.com\/www.ishtarik.com\/wp-content\/uploads\/2022\/03\/IMG_59052-scaled.jpg?resize=300%2C225&amp;ssl=1 300w, https:\/\/i0.wp.com\/www.ishtarik.com\/wp-content\/uploads\/2022\/03\/IMG_59052-scaled.jpg?resize=768%2C576&amp;ssl=1 768w, https:\/\/i0.wp.com\/www.ishtarik.com\/wp-content\/uploads\/2022\/03\/IMG_59052-scaled.jpg?resize=1536%2C1152&amp;ssl=1 1536w, https:\/\/i0.wp.com\/www.ishtarik.com\/wp-content\/uploads\/2022\/03\/IMG_59052-scaled.jpg?resize=2048%2C1536&amp;ssl=1 2048w, https:\/\/i0.wp.com\/www.ishtarik.com\/wp-content\/uploads\/2022\/03\/IMG_59052-scaled.jpg?resize=600%2C450&amp;ssl=1 600w\" sizes=\"auto, (max-width: 1000px) 100vw, 1000px\" \/><\/p>\n<p><strong><span style=\"color: #ff0000;\">Anmerkung:<\/span><\/strong><br>\n<span style=\"color: #000000;\">Das Paket umfasst nur das Film- und Serienpaket, <\/span><span style=\"color: #ff0000;\">das Sportpaket ist nicht enthalten<\/span><\/p>\n<p>Wenn Sie sich anmelden, m\u00fcssen Sie die folgenden Bedingungen erf\u00fcllen, damit Ihr Konto f\u00fcr Sie erstellt werden kann<\/p>\n<ol>\n<li>Geben Sie auf shahid apps klicken in Verbindung<\/li>\n<li><span style=\"font-size: 16px;\">und senden Sie mir ein Bild in Whatssap\u00a0<\/span><img data-recalc-dims=\"1\" loading=\"lazy\" decoding=\"async\" class=\"wp-image-3488 alignnone\" src=\"https:\/\/i0.wp.com\/www.ishtarik.com\/wp-content\/uploads\/2022\/03\/IMG_5902.jpg?resize=789%2C591&#038;ssl=1\" alt=\"\" width=\"789\" height=\"591\" srcset=\"https:\/\/i0.wp.com\/www.ishtarik.com\/wp-content\/uploads\/2022\/03\/IMG_5902-scaled.jpg?resize=1024%2C768&amp;ssl=1 1024w, https:\/\/i0.wp.com\/www.ishtarik.com\/wp-content\/uploads\/2022\/03\/IMG_5902-scaled.jpg?resize=300%2C225&amp;ssl=1 300w, https:\/\/i0.wp.com\/www.ishtarik.com\/wp-content\/uploads\/2022\/03\/IMG_5902-scaled.jpg?resize=768%2C576&amp;ssl=1 768w, https:\/\/i0.wp.com\/www.ishtarik.com\/wp-content\/uploads\/2022\/03\/IMG_5902-scaled.jpg?resize=1536%2C1152&amp;ssl=1 1536w, https:\/\/i0.wp.com\/www.ishtarik.com\/wp-content\/uploads\/2022\/03\/IMG_5902-scaled.jpg?resize=2048%2C1536&amp;ssl=1 2048w, https:\/\/i0.wp.com\/www.ishtarik.com\/wp-content\/uploads\/2022\/03\/IMG_5902-scaled.jpg?resize=600%2C450&amp;ssl=1 600w\" sizes=\"auto, (max-width: 789px) 100vw, 789px\" \/><\/li>\n<\/ol>\n<p>\u00a0<\/p>\n<p>des Generalvertreters auf WhatsApp klicken <a href=\"https:\/\/wa.me\/34632672479\" target=\"_blank\" rel=\"noopener\"><strong>hier<\/strong><\/a>er wird das Konto direkt f\u00fcr Sie aktivieren<br>\nSie ist daf\u00fcr verantwortlich, Sie w\u00e4hrend des gesamten Abonnements zu unterst\u00fctzen<\/p>\n<p>\u00a0<\/p>\n<\/body>","protected":false},"excerpt":{"rendered":"<p><strong><span style=\"color: #ff0000;\">Aufmerksamkeit:<\/span><\/strong><br \/>\nIhr Abonnement funktioniert nur auf einem intelligenten Bildschirm.<br \/>\nEs funktioniert nicht mit einer :<\/p>\n<ul>\n<li>Computer<\/li>\n<li>Mobiltelefon<\/li>\n<\/ul>\n<p>Dies zum Schutz Ihres Abonnements<\/p>\n<p>&nbsp;<\/p>","protected":false},"featured_media":3068,"comment_status":"open","ping_status":"closed","template":"","meta":{"_uag_custom_page_level_css":"","site-sidebar-layout":"default","site-content-layout":"default","ast-site-content-layout":"default","site-content-style":"default","site-sidebar-style":"default","ast-global-header-display":"","ast-banner-title-visibility":"","ast-main-header-display":"","ast-hfb-above-header-display":"","ast-hfb-below-header-display":"","ast-hfb-mobile-header-display":"","site-post-title":"","ast-breadcrumbs-content":"","ast-featured-img":"","footer-sml-layout":"","ast-disable-related-posts":"","theme-transparent-header-meta":"default","adv-header-id-meta":"","stick-header-meta":"","header-above-stick-meta":"","header-main-stick-meta":"","header-below-stick-meta":"","astra-migrate-meta-layouts":"set","ast-page-background-enabled":"default","ast-page-background-meta":{"desktop":{"background-color":"","background-image":"","background-repeat":"repeat","background-position":"center center","background-size":"auto","background-attachment":"scroll","background-type":"","background-media":"","overlay-type":"","overlay-color":"","overlay-opacity":"","overlay-gradient":""},"tablet":{"background-color":"","background-image":"","background-repeat":"repeat","background-position":"center center","background-size":"auto","background-attachment":"scroll","background-type":"","background-media":"","overlay-type":"","overlay-color":"","overlay-opacity":"","overlay-gradient":""},"mobile":{"background-color":"","background-image":"","background-repeat":"repeat","background-position":"center center","background-size":"auto","background-attachment":"scroll","background-type":"","background-media":"","overlay-type":"","overlay-color":"","overlay-opacity":"","overlay-gradient":""}},"ast-content-background-meta":{"desktop":{"background-color":"var(--ast-global-color-5)","background-image":"","background-repeat":"repeat","background-position":"center center","background-size":"auto","background-attachment":"scroll","background-type":"","background-media":"","overlay-type":"","overlay-color":"","overlay-opacity":"","overlay-gradient":""},"tablet":{"background-color":"var(--ast-global-color-5)","background-image":"","background-repeat":"repeat","background-position":"center center","background-size":"auto","background-attachment":"scroll","background-type":"","background-media":"","overlay-type":"","overlay-color":"","overlay-opacity":"","overlay-gradient":""},"mobile":{"background-color":"var(--ast-global-color-5)","background-image":"","background-repeat":"repeat","background-position":"center center","background-size":"auto","background-attachment":"scroll","background-type":"","background-media":"","overlay-type":"","overlay-color":"","overlay-opacity":"","overlay-gradient":""}}},"product_brand":[],"product_cat":[68],"product_tag":[],"class_list":{"0":"post-3084","1":"product","2":"type-product","3":"status-publish","4":"has-post-thumbnail","6":"product_cat-streaming","7":"pa_duration-1-year","8":"pa_duration-3-months","9":"pa_duration-6-months","10":"desktop-align-left","11":"tablet-align-left","12":"mobile-align-left","14":"first","15":"instock","16":"shipping-taxable","17":"purchasable","18":"product-type-variable"},"yoast_head":"<!-- This site is optimized with the Yoast SEO Premium plugin v22.3 (Yoast SEO v27.4) - https:\/\/yoast.com\/product\/yoast-seo-premium-wordpress\/ -->\n<title>get shahid vip only - 40$\/year full account<\/title>\n<meta name=\"description\" content=\"Shahid is an Arabic content streaming platform, headquartered in Dubai, United Arab Emirates. Founded by MBC Group. The platform was launched in 2008 and rebranded in 2020.\" \/>\n<meta name=\"robots\" content=\"index, follow, max-snippet:-1, max-image-preview:large, max-video-preview:-1\" \/>\n<link rel=\"canonical\" href=\"https:\/\/www.ishtarik.com\/de\/produkt\/shahid-vip\/\" \/>\n<meta property=\"og:locale\" content=\"de_DE\" \/>\n<meta property=\"og:type\" content=\"article\" \/>\n<meta property=\"og:title\" content=\"shahid vip\" \/>\n<meta property=\"og:description\" content=\"Shahid is an Arabic content streaming platform, headquartered in Dubai, United Arab Emirates. Founded by MBC Group. The platform was launched in 2008 and rebranded in 2020.\" \/>\n<meta property=\"og:url\" content=\"https:\/\/www.ishtarik.com\/de\/produkt\/shahid-vip\/\" \/>\n<meta property=\"og:site_name\" content=\"ishtarik\" \/>\n<meta property=\"article:modified_time\" content=\"2025-03-02T13:54:18+00:00\" \/>\n<meta property=\"og:image\" content=\"https:\/\/www.ishtarik.com\/wp-content\/uploads\/2022\/03\/A9-1.jpg\" \/>\n\t<meta property=\"og:image:width\" content=\"800\" \/>\n\t<meta property=\"og:image:height\" content=\"800\" \/>\n\t<meta property=\"og:image:type\" content=\"image\/jpeg\" \/>\n<meta name=\"twitter:card\" content=\"summary_large_image\" \/>\n<meta name=\"twitter:label1\" content=\"Gesch\u00e4tzte Lesezeit\" \/>\n\t<meta name=\"twitter:data1\" content=\"2\u00a0Minuten\" \/>\n<script type=\"application\/ld+json\" class=\"yoast-schema-graph\">{\"@context\":\"https:\\\/\\\/schema.org\",\"@graph\":[{\"@type\":\"WebPage\",\"@id\":\"https:\\\/\\\/www.ishtarik.com\\\/product\\\/shahid-vip\\\/\",\"url\":\"https:\\\/\\\/www.ishtarik.com\\\/product\\\/shahid-vip\\\/\",\"name\":\"get shahid vip only - 40$\\\/year full account\",\"isPartOf\":{\"@id\":\"https:\\\/\\\/www.ishtarik.com\\\/#website\"},\"primaryImageOfPage\":{\"@id\":\"https:\\\/\\\/www.ishtarik.com\\\/product\\\/shahid-vip\\\/#primaryimage\"},\"image\":{\"@id\":\"https:\\\/\\\/www.ishtarik.com\\\/product\\\/shahid-vip\\\/#primaryimage\"},\"thumbnailUrl\":\"https:\\\/\\\/i0.wp.com\\\/www.ishtarik.com\\\/wp-content\\\/uploads\\\/2022\\\/03\\\/A9-1.jpg?fit=800%2C800&ssl=1\",\"datePublished\":\"2022-03-06T16:34:37+00:00\",\"dateModified\":\"2025-03-02T13:54:18+00:00\",\"description\":\"Shahid is an Arabic content streaming platform, headquartered in Dubai, United Arab Emirates. Founded by MBC Group. The platform was launched in 2008 and rebranded in 2020.\",\"breadcrumb\":{\"@id\":\"https:\\\/\\\/www.ishtarik.com\\\/product\\\/shahid-vip\\\/#breadcrumb\"},\"inLanguage\":\"de\",\"potentialAction\":[{\"@type\":\"ReadAction\",\"target\":[\"https:\\\/\\\/www.ishtarik.com\\\/product\\\/shahid-vip\\\/\"]}]},{\"@type\":\"ImageObject\",\"inLanguage\":\"de\",\"@id\":\"https:\\\/\\\/www.ishtarik.com\\\/product\\\/shahid-vip\\\/#primaryimage\",\"url\":\"https:\\\/\\\/i0.wp.com\\\/www.ishtarik.com\\\/wp-content\\\/uploads\\\/2022\\\/03\\\/A9-1.jpg?fit=800%2C800&ssl=1\",\"contentUrl\":\"https:\\\/\\\/i0.wp.com\\\/www.ishtarik.com\\\/wp-content\\\/uploads\\\/2022\\\/03\\\/A9-1.jpg?fit=800%2C800&ssl=1\",\"width\":800,\"height\":800,\"caption\":\"shahid vip\"},{\"@type\":\"BreadcrumbList\",\"@id\":\"https:\\\/\\\/www.ishtarik.com\\\/product\\\/shahid-vip\\\/#breadcrumb\",\"itemListElement\":[{\"@type\":\"ListItem\",\"position\":1,\"name\":\"Home\",\"item\":\"https:\\\/\\\/www.ishtarik.com\\\/\"},{\"@type\":\"ListItem\",\"position\":2,\"name\":\"Store\",\"item\":\"https:\\\/\\\/www.ishtarik.com\\\/store\\\/\"},{\"@type\":\"ListItem\",\"position\":3,\"name\":\"shahid vip\"}]},{\"@type\":\"WebSite\",\"@id\":\"https:\\\/\\\/www.ishtarik.com\\\/#website\",\"url\":\"https:\\\/\\\/www.ishtarik.com\\\/\",\"name\":\"ishtarik\",\"description\":\"all subsbs\",\"publisher\":{\"@id\":\"https:\\\/\\\/www.ishtarik.com\\\/#\\\/schema\\\/person\\\/37be2f77278773416cef9ccf566adea1\"},\"potentialAction\":[{\"@type\":\"SearchAction\",\"target\":{\"@type\":\"EntryPoint\",\"urlTemplate\":\"https:\\\/\\\/www.ishtarik.com\\\/?s={search_term_string}\"},\"query-input\":{\"@type\":\"PropertyValueSpecification\",\"valueRequired\":true,\"valueName\":\"search_term_string\"}}],\"inLanguage\":\"de\"},{\"@type\":[\"Person\",\"Organization\"],\"@id\":\"https:\\\/\\\/www.ishtarik.com\\\/#\\\/schema\\\/person\\\/37be2f77278773416cef9ccf566adea1\",\"name\":\"admin\",\"image\":{\"@type\":\"ImageObject\",\"inLanguage\":\"de\",\"@id\":\"https:\\\/\\\/www.ishtarik.com\\\/wp-content\\\/uploads\\\/2022\\\/03\\\/cropped-logo-ichtiraki-1-1.png\",\"url\":\"https:\\\/\\\/www.ishtarik.com\\\/wp-content\\\/uploads\\\/2022\\\/03\\\/cropped-logo-ichtiraki-1-1.png\",\"contentUrl\":\"https:\\\/\\\/www.ishtarik.com\\\/wp-content\\\/uploads\\\/2022\\\/03\\\/cropped-logo-ichtiraki-1-1.png\",\"width\":450,\"height\":100,\"caption\":\"admin\"},\"logo\":{\"@id\":\"https:\\\/\\\/www.ishtarik.com\\\/wp-content\\\/uploads\\\/2022\\\/03\\\/cropped-logo-ichtiraki-1-1.png\"},\"sameAs\":[\"https:\\\/\\\/www.ishtarik.com\"]}]}<\/script>\n<!-- \/ Yoast SEO Premium plugin. -->","yoast_head_json":{"title":"nur Shahid Vip erhalten - 40$\/Jahr Vollkonto","description":"Shahid ist eine Streaming-Plattform f\u00fcr arabische Inhalte mit Hauptsitz in Dubai, Vereinigte Arabische Emirate. Sie wurde von der MBC-Gruppe gegr\u00fcndet. Die Plattform wurde 2008 ins Leben gerufen und im Jahr 2020 umbenannt.","robots":{"index":"index","follow":"follow","max-snippet":"max-snippet:-1","max-image-preview":"max-image-preview:large","max-video-preview":"max-video-preview:-1"},"canonical":"https:\/\/www.ishtarik.com\/de\/produkt\/shahid-vip\/","og_locale":"de_DE","og_type":"article","og_title":"shahid vip","og_description":"Shahid is an Arabic content streaming platform, headquartered in Dubai, United Arab Emirates. Founded by MBC Group. The platform was launched in 2008 and rebranded in 2020.","og_url":"https:\/\/www.ishtarik.com\/de\/produkt\/shahid-vip\/","og_site_name":"ishtarik","article_modified_time":"2025-03-02T13:54:18+00:00","og_image":[{"width":800,"height":800,"url":"https:\/\/www.ishtarik.com\/wp-content\/uploads\/2022\/03\/A9-1.jpg","type":"image\/jpeg"}],"twitter_card":"summary_large_image","twitter_misc":{"Gesch\u00e4tzte Lesezeit":"2\u00a0Minuten"},"schema":{"@context":"https:\/\/schema.org","@graph":[{"@type":"WebPage","@id":"https:\/\/www.ishtarik.com\/product\/shahid-vip\/","url":"https:\/\/www.ishtarik.com\/product\/shahid-vip\/","name":"nur Shahid Vip erhalten - 40$\/Jahr Vollkonto","isPartOf":{"@id":"https:\/\/www.ishtarik.com\/#website"},"primaryImageOfPage":{"@id":"https:\/\/www.ishtarik.com\/product\/shahid-vip\/#primaryimage"},"image":{"@id":"https:\/\/www.ishtarik.com\/product\/shahid-vip\/#primaryimage"},"thumbnailUrl":"https:\/\/i0.wp.com\/www.ishtarik.com\/wp-content\/uploads\/2022\/03\/A9-1.jpg?fit=800%2C800&ssl=1","datePublished":"2022-03-06T16:34:37+00:00","dateModified":"2025-03-02T13:54:18+00:00","description":"Shahid ist eine Streaming-Plattform f\u00fcr arabische Inhalte mit Hauptsitz in Dubai, Vereinigte Arabische Emirate. Sie wurde von der MBC-Gruppe gegr\u00fcndet. Die Plattform wurde 2008 ins Leben gerufen und im Jahr 2020 umbenannt.","breadcrumb":{"@id":"https:\/\/www.ishtarik.com\/product\/shahid-vip\/#breadcrumb"},"inLanguage":"de","potentialAction":[{"@type":"ReadAction","target":["https:\/\/www.ishtarik.com\/product\/shahid-vip\/"]}]},{"@type":"ImageObject","inLanguage":"de","@id":"https:\/\/www.ishtarik.com\/product\/shahid-vip\/#primaryimage","url":"https:\/\/i0.wp.com\/www.ishtarik.com\/wp-content\/uploads\/2022\/03\/A9-1.jpg?fit=800%2C800&ssl=1","contentUrl":"https:\/\/i0.wp.com\/www.ishtarik.com\/wp-content\/uploads\/2022\/03\/A9-1.jpg?fit=800%2C800&ssl=1","width":800,"height":800,"caption":"shahid vip"},{"@type":"BreadcrumbList","@id":"https:\/\/www.ishtarik.com\/product\/shahid-vip\/#breadcrumb","itemListElement":[{"@type":"ListItem","position":1,"name":"Home","item":"https:\/\/www.ishtarik.com\/"},{"@type":"ListItem","position":2,"name":"Store","item":"https:\/\/www.ishtarik.com\/store\/"},{"@type":"ListItem","position":3,"name":"shahid vip"}]},{"@type":"WebSite","@id":"https:\/\/www.ishtarik.com\/#website","url":"https:\/\/www.ishtarik.com\/","name":"ishtarik","description":"alle Unterkategorien","publisher":{"@id":"https:\/\/www.ishtarik.com\/#\/schema\/person\/37be2f77278773416cef9ccf566adea1"},"potentialAction":[{"@type":"SearchAction","target":{"@type":"EntryPoint","urlTemplate":"https:\/\/www.ishtarik.com\/?s={search_term_string}"},"query-input":{"@type":"PropertyValueSpecification","valueRequired":true,"valueName":"search_term_string"}}],"inLanguage":"de"},{"@type":["Person","Organization"],"@id":"https:\/\/www.ishtarik.com\/#\/schema\/person\/37be2f77278773416cef9ccf566adea1","name":"admin","image":{"@type":"ImageObject","inLanguage":"de","@id":"https:\/\/www.ishtarik.com\/wp-content\/uploads\/2022\/03\/cropped-logo-ichtiraki-1-1.png","url":"https:\/\/www.ishtarik.com\/wp-content\/uploads\/2022\/03\/cropped-logo-ichtiraki-1-1.png","contentUrl":"https:\/\/www.ishtarik.com\/wp-content\/uploads\/2022\/03\/cropped-logo-ichtiraki-1-1.png","width":450,"height":100,"caption":"admin"},"logo":{"@id":"https:\/\/www.ishtarik.com\/wp-content\/uploads\/2022\/03\/cropped-logo-ichtiraki-1-1.png"},"sameAs":["https:\/\/www.ishtarik.com"]}]}},"uagb_featured_image_src":{"full":["https:\/\/i0.wp.com\/www.ishtarik.com\/wp-content\/uploads\/2022\/03\/A9-1.jpg?fit=800%2C800&ssl=1",800,800,false],"thumbnail":["https:\/\/i0.wp.com\/www.ishtarik.com\/wp-content\/uploads\/2022\/03\/A9-1.jpg?resize=150%2C150&ssl=1",150,150,true],"medium":["https:\/\/i0.wp.com\/www.ishtarik.com\/wp-content\/uploads\/2022\/03\/A9-1.jpg?fit=300%2C300&ssl=1",300,300,true],"medium_large":["https:\/\/i0.wp.com\/www.ishtarik.com\/wp-content\/uploads\/2022\/03\/A9-1.jpg?fit=768%2C768&ssl=1",768,768,true],"large":["https:\/\/i0.wp.com\/www.ishtarik.com\/wp-content\/uploads\/2022\/03\/A9-1.jpg?fit=800%2C800&ssl=1",800,800,true],"1536x1536":["https:\/\/i0.wp.com\/www.ishtarik.com\/wp-content\/uploads\/2022\/03\/A9-1.jpg?fit=800%2C800&ssl=1",800,800,true],"2048x2048":["https:\/\/i0.wp.com\/www.ishtarik.com\/wp-content\/uploads\/2022\/03\/A9-1.jpg?fit=800%2C800&ssl=1",800,800,true],"trp-custom-language-flag":["https:\/\/i0.wp.com\/www.ishtarik.com\/wp-content\/uploads\/2022\/03\/A9-1.jpg?fit=12%2C12&ssl=1",12,12,true],"mailpoet_newsletter_max":["https:\/\/i0.wp.com\/www.ishtarik.com\/wp-content\/uploads\/2022\/03\/A9-1.jpg?fit=800%2C800&ssl=1",800,800,true],"woocommerce_thumbnail":["https:\/\/i0.wp.com\/www.ishtarik.com\/wp-content\/uploads\/2022\/03\/A9-1.jpg?resize=300%2C300&ssl=1",300,300,true],"woocommerce_single":["https:\/\/i0.wp.com\/www.ishtarik.com\/wp-content\/uploads\/2022\/03\/A9-1.jpg?fit=600%2C600&ssl=1",600,600,true],"woocommerce_gallery_thumbnail":["https:\/\/i0.wp.com\/www.ishtarik.com\/wp-content\/uploads\/2022\/03\/A9-1.jpg?resize=100%2C100&ssl=1",100,100,true]},"uagb_author_info":{"display_name":"admin","author_link":"https:\/\/www.ishtarik.com\/de\/author\/"},"uagb_comment_info":1,"uagb_excerpt":"attention : Your subscription works on a smart screen only. It does not work on a : computer mobile phone This for to protect your subscription &nbsp;","jetpack_sharing_enabled":true,"_links":{"self":[{"href":"https:\/\/www.ishtarik.com\/de\/wp-json\/wp\/v2\/product\/3084","targetHints":{"allow":["GET"]}}],"collection":[{"href":"https:\/\/www.ishtarik.com\/de\/wp-json\/wp\/v2\/product"}],"about":[{"href":"https:\/\/www.ishtarik.com\/de\/wp-json\/wp\/v2\/types\/product"}],"replies":[{"embeddable":true,"href":"https:\/\/www.ishtarik.com\/de\/wp-json\/wp\/v2\/comments?post=3084"}],"version-history":[{"count":0,"href":"https:\/\/www.ishtarik.com\/de\/wp-json\/wp\/v2\/product\/3084\/revisions"}],"wp:featuredmedia":[{"embeddable":true,"href":"https:\/\/www.ishtarik.com\/de\/wp-json\/wp\/v2\/media\/3068"}],"wp:attachment":[{"href":"https:\/\/www.ishtarik.com\/de\/wp-json\/wp\/v2\/media?parent=3084"}],"wp:term":[{"taxonomy":"product_brand","embeddable":true,"href":"https:\/\/www.ishtarik.com\/de\/wp-json\/wp\/v2\/product_brand?post=3084"},{"taxonomy":"product_cat","embeddable":true,"href":"https:\/\/www.ishtarik.com\/de\/wp-json\/wp\/v2\/product_cat?post=3084"},{"taxonomy":"product_tag","embeddable":true,"href":"https:\/\/www.ishtarik.com\/de\/wp-json\/wp\/v2\/product_tag?post=3084"}],"curies":[{"name":"wp","href":"https:\/\/api.w.org\/{rel}","templated":true}]}}