{"id":5470,"date":"2024-02-24T17:28:25","date_gmt":"2024-02-24T17:28:25","guid":{"rendered":"https:\/\/www.ishtarik.com\/?post_type=product&#038;p=5470"},"modified":"2025-12-08T23:50:18","modified_gmt":"2025-12-08T23:50:18","slug":"ibo-player-pro","status":"publish","type":"product","link":"https:\/\/www.ishtarik.com\/de\/produkt\/ibo-player-pro\/","title":{"rendered":"IBO PLAYER PRO"},"content":{"rendered":"<body><p style=\"text-align: center;\">Das Programm IBO PLAYER PRO enth\u00e4lt keine Kan\u00e4le, sondern nur einen Player f\u00fcr alle iptv-Abonnements<br>\nDie Unity-Software gilt als das leistungsf\u00e4higste Programm<br>\nbei seiner Geschwindigkeit<br>\nEs bietet unter anderem folgende Funktionen:<\/p>\n<p style=\"text-align: left;\"><strong>1- Mehrsprachigkeit<\/strong><\/p>\n<p style=\"text-align: left;\">Englisch, Franz\u00f6sisch, Spanisch, Russisch, Arabisch und mehr...!<\/p>\n<p><strong>2- Ger\u00e4tekonto<\/strong><\/p>\n<p>Unterst\u00fctzung von Ger\u00e4tekonten, Hinzuf\u00fcgen\/L\u00f6schen nach Wunsch.<\/p>\n<p><strong>3- Schnellsuche<\/strong><\/p>\n<p>Schnelles Suchen nach Elementen in Wiedergabelisten<\/p>\n<p><strong>4- Gesperrt durch die Eltern<\/strong><\/p>\n<p>Sie k\u00f6nnen Ihre eigene PIN f\u00fcr die Kindersicherung erstellen.<\/p>\n<p><strong>5- Tonspuren und Untertitel<\/strong><\/p>\n<p>Unterst\u00fctzt die Auswahl von Audiospuren und eingebetteten Untertiteln<\/p>\n<p><strong>6- Fortsetzung der Beobachtung<\/strong><\/p>\n<p>Speichert die zuletzt gespielten Listen und setzt die Wiedergabe an der zuletzt gespeicherten Position fort<\/p>\n<p><strong>7- Favoritenliste<\/strong><\/p>\n<p>Erm\u00f6glicht das Erstellen und Anpassen von Favoritengruppen f\u00fcr schnellen Zugriff<\/p>\n<p>\u00a0<\/p>\n<\/body>","protected":false},"excerpt":{"rendered":"<p style=\"text-align: center;\">Das Programm IBO PLAYER PRO enth\u00e4lt keine Kan\u00e4le, sondern nur einen Player f\u00fcr alle iptv-Abonnements<br \/>\nDie Unity-Software gilt als das leistungsf\u00e4higste Programm<br \/>\nbei seiner Geschwindigkeit<\/p>\n<p style=\"text-align: center;\">Unterst\u00fctzt alle Ger\u00e4te: <strong>fire stick , smart Samsung , smart LG , MAC , IOS , android , windows ..<\/strong><\/p>","protected":false},"featured_media":5476,"comment_status":"open","ping_status":"closed","template":"","meta":{"_uag_custom_page_level_css":"","site-sidebar-layout":"default","site-content-layout":"default","ast-site-content-layout":"default","site-content-style":"default","site-sidebar-style":"default","ast-global-header-display":"","ast-banner-title-visibility":"","ast-main-header-display":"","ast-hfb-above-header-display":"","ast-hfb-below-header-display":"","ast-hfb-mobile-header-display":"","site-post-title":"","ast-breadcrumbs-content":"","ast-featured-img":"","footer-sml-layout":"","ast-disable-related-posts":"","theme-transparent-header-meta":"default","adv-header-id-meta":"","stick-header-meta":"","header-above-stick-meta":"","header-main-stick-meta":"","header-below-stick-meta":"","astra-migrate-meta-layouts":"set","ast-page-background-enabled":"default","ast-page-background-meta":{"desktop":{"background-color":"","background-image":"","background-repeat":"repeat","background-position":"center center","background-size":"auto","background-attachment":"scroll","background-type":"","background-media":"","overlay-type":"","overlay-color":"","overlay-opacity":"","overlay-gradient":""},"tablet":{"background-color":"","background-image":"","background-repeat":"repeat","background-position":"center center","background-size":"auto","background-attachment":"scroll","background-type":"","background-media":"","overlay-type":"","overlay-color":"","overlay-opacity":"","overlay-gradient":""},"mobile":{"background-color":"","background-image":"","background-repeat":"repeat","background-position":"center center","background-size":"auto","background-attachment":"scroll","background-type":"","background-media":"","overlay-type":"","overlay-color":"","overlay-opacity":"","overlay-gradient":""}},"ast-content-background-meta":{"desktop":{"background-color":"var(--ast-global-color-5)","background-image":"","background-repeat":"repeat","background-position":"center center","background-size":"auto","background-attachment":"scroll","background-type":"","background-media":"","overlay-type":"","overlay-color":"","overlay-opacity":"","overlay-gradient":""},"tablet":{"background-color":"var(--ast-global-color-5)","background-image":"","background-repeat":"repeat","background-position":"center center","background-size":"auto","background-attachment":"scroll","background-type":"","background-media":"","overlay-type":"","overlay-color":"","overlay-opacity":"","overlay-gradient":""},"mobile":{"background-color":"var(--ast-global-color-5)","background-image":"","background-repeat":"repeat","background-position":"center center","background-size":"auto","background-attachment":"scroll","background-type":"","background-media":"","overlay-type":"","overlay-color":"","overlay-opacity":"","overlay-gradient":""}}},"product_brand":[],"product_cat":[305],"product_tag":[615,617,616,618,619],"class_list":{"0":"post-5470","1":"product","2":"type-product","3":"status-publish","4":"has-post-thumbnail","6":"product_cat-activation-mac-tv","7":"product_tag-ibo-player-pro","8":"product_tag-ibo-player-pro-iptv","9":"product_tag-ibo-pro","10":"product_tag-iptv-player-pro","11":"product_tag-player-pro","12":"pa_duration-1-year","13":"pa_duration-lifetime","14":"desktop-align-left","15":"tablet-align-left","16":"mobile-align-left","18":"first","19":"instock","20":"shipping-taxable","21":"purchasable","22":"product-type-variable"},"yoast_head":"<!-- This site is optimized with the Yoast SEO Premium plugin v22.3 (Yoast SEO v27.4) - https:\/\/yoast.com\/product\/yoast-seo-premium-wordpress\/ -->\n<title>IBO PLAYER PRO - ACTIVATION ONLY 5$<\/title>\n<meta name=\"description\" content=\"The IBO PLAYER PRO program does not contain any channels, only a player for all iptv subscriptions 1- Multi-Languages 2- Device Account...\" \/>\n<meta name=\"robots\" content=\"index, follow, max-snippet:-1, max-image-preview:large, max-video-preview:-1\" \/>\n<link rel=\"canonical\" href=\"https:\/\/www.ishtarik.com\/de\/produkt\/ibo-player-pro\/\" \/>\n<meta property=\"og:locale\" content=\"de_DE\" \/>\n<meta property=\"og:type\" content=\"article\" \/>\n<meta property=\"og:title\" content=\"IBO PLAYER PRO\" \/>\n<meta property=\"og:description\" content=\"The IBO PLAYER PRO program does not contain any channels, only a player for all iptv subscriptions 1- Multi-Languages 2- Device Account...\" \/>\n<meta property=\"og:url\" content=\"https:\/\/www.ishtarik.com\/de\/produkt\/ibo-player-pro\/\" \/>\n<meta property=\"og:site_name\" content=\"ishtarik\" \/>\n<meta property=\"article:modified_time\" content=\"2025-12-08T23:50:18+00:00\" \/>\n<meta property=\"og:image\" content=\"https:\/\/www.ishtarik.com\/wp-content\/uploads\/2024\/02\/product-logo-1.jpg\" \/>\n\t<meta property=\"og:image:width\" content=\"800\" \/>\n\t<meta property=\"og:image:height\" content=\"800\" \/>\n\t<meta property=\"og:image:type\" content=\"image\/jpeg\" \/>\n<meta name=\"twitter:card\" content=\"summary_large_image\" \/>\n<meta name=\"twitter:label1\" content=\"Gesch\u00e4tzte Lesezeit\" \/>\n\t<meta name=\"twitter:data1\" content=\"1\u00a0Minute\" \/>\n<script type=\"application\/ld+json\" class=\"yoast-schema-graph\">{\"@context\":\"https:\\\/\\\/schema.org\",\"@graph\":[{\"@type\":\"WebPage\",\"@id\":\"https:\\\/\\\/www.ishtarik.com\\\/product\\\/ibo-player-pro\\\/\",\"url\":\"https:\\\/\\\/www.ishtarik.com\\\/product\\\/ibo-player-pro\\\/\",\"name\":\"IBO PLAYER PRO - ACTIVATION ONLY 5$\",\"isPartOf\":{\"@id\":\"https:\\\/\\\/www.ishtarik.com\\\/#website\"},\"primaryImageOfPage\":{\"@id\":\"https:\\\/\\\/www.ishtarik.com\\\/product\\\/ibo-player-pro\\\/#primaryimage\"},\"image\":{\"@id\":\"https:\\\/\\\/www.ishtarik.com\\\/product\\\/ibo-player-pro\\\/#primaryimage\"},\"thumbnailUrl\":\"https:\\\/\\\/i0.wp.com\\\/www.ishtarik.com\\\/wp-content\\\/uploads\\\/2024\\\/02\\\/product-logo-1.jpg?fit=800%2C800&ssl=1\",\"datePublished\":\"2024-02-24T17:28:25+00:00\",\"dateModified\":\"2025-12-08T23:50:18+00:00\",\"description\":\"The IBO PLAYER PRO program does not contain any channels, only a player for all iptv subscriptions 1- Multi-Languages 2- Device Account...\",\"breadcrumb\":{\"@id\":\"https:\\\/\\\/www.ishtarik.com\\\/product\\\/ibo-player-pro\\\/#breadcrumb\"},\"inLanguage\":\"de\",\"potentialAction\":[{\"@type\":\"ReadAction\",\"target\":[\"https:\\\/\\\/www.ishtarik.com\\\/product\\\/ibo-player-pro\\\/\"]}]},{\"@type\":\"ImageObject\",\"inLanguage\":\"de\",\"@id\":\"https:\\\/\\\/www.ishtarik.com\\\/product\\\/ibo-player-pro\\\/#primaryimage\",\"url\":\"https:\\\/\\\/i0.wp.com\\\/www.ishtarik.com\\\/wp-content\\\/uploads\\\/2024\\\/02\\\/product-logo-1.jpg?fit=800%2C800&ssl=1\",\"contentUrl\":\"https:\\\/\\\/i0.wp.com\\\/www.ishtarik.com\\\/wp-content\\\/uploads\\\/2024\\\/02\\\/product-logo-1.jpg?fit=800%2C800&ssl=1\",\"width\":800,\"height\":800},{\"@type\":\"BreadcrumbList\",\"@id\":\"https:\\\/\\\/www.ishtarik.com\\\/product\\\/ibo-player-pro\\\/#breadcrumb\",\"itemListElement\":[{\"@type\":\"ListItem\",\"position\":1,\"name\":\"Home\",\"item\":\"https:\\\/\\\/www.ishtarik.com\\\/\"},{\"@type\":\"ListItem\",\"position\":2,\"name\":\"Store\",\"item\":\"https:\\\/\\\/www.ishtarik.com\\\/store\\\/\"},{\"@type\":\"ListItem\",\"position\":3,\"name\":\"IBO PLAYER PRO\"}]},{\"@type\":\"WebSite\",\"@id\":\"https:\\\/\\\/www.ishtarik.com\\\/#website\",\"url\":\"https:\\\/\\\/www.ishtarik.com\\\/\",\"name\":\"ishtarik\",\"description\":\"all subsbs\",\"publisher\":{\"@id\":\"https:\\\/\\\/www.ishtarik.com\\\/#\\\/schema\\\/person\\\/37be2f77278773416cef9ccf566adea1\"},\"potentialAction\":[{\"@type\":\"SearchAction\",\"target\":{\"@type\":\"EntryPoint\",\"urlTemplate\":\"https:\\\/\\\/www.ishtarik.com\\\/?s={search_term_string}\"},\"query-input\":{\"@type\":\"PropertyValueSpecification\",\"valueRequired\":true,\"valueName\":\"search_term_string\"}}],\"inLanguage\":\"de\"},{\"@type\":[\"Person\",\"Organization\"],\"@id\":\"https:\\\/\\\/www.ishtarik.com\\\/#\\\/schema\\\/person\\\/37be2f77278773416cef9ccf566adea1\",\"name\":\"admin\",\"image\":{\"@type\":\"ImageObject\",\"inLanguage\":\"de\",\"@id\":\"https:\\\/\\\/www.ishtarik.com\\\/wp-content\\\/uploads\\\/2022\\\/03\\\/cropped-logo-ichtiraki-1-1.png\",\"url\":\"https:\\\/\\\/www.ishtarik.com\\\/wp-content\\\/uploads\\\/2022\\\/03\\\/cropped-logo-ichtiraki-1-1.png\",\"contentUrl\":\"https:\\\/\\\/www.ishtarik.com\\\/wp-content\\\/uploads\\\/2022\\\/03\\\/cropped-logo-ichtiraki-1-1.png\",\"width\":450,\"height\":100,\"caption\":\"admin\"},\"logo\":{\"@id\":\"https:\\\/\\\/www.ishtarik.com\\\/wp-content\\\/uploads\\\/2022\\\/03\\\/cropped-logo-ichtiraki-1-1.png\"},\"sameAs\":[\"https:\\\/\\\/www.ishtarik.com\"]}]}<\/script>\n<!-- \/ Yoast SEO Premium plugin. -->","yoast_head_json":{"title":"IBO PLAYER PRO - NUR AKTIVIERUNG 5$","description":"Das Programm IBO PLAYER PRO enth\u00e4lt keine Kan\u00e4le, sondern nur einen Player f\u00fcr alle iptv-Abonnements 1- Multi-Languages 2- Device Account...","robots":{"index":"index","follow":"follow","max-snippet":"max-snippet:-1","max-image-preview":"max-image-preview:large","max-video-preview":"max-video-preview:-1"},"canonical":"https:\/\/www.ishtarik.com\/de\/produkt\/ibo-player-pro\/","og_locale":"de_DE","og_type":"article","og_title":"IBO PLAYER PRO","og_description":"The IBO PLAYER PRO program does not contain any channels, only a player for all iptv subscriptions 1- Multi-Languages 2- Device Account...","og_url":"https:\/\/www.ishtarik.com\/de\/produkt\/ibo-player-pro\/","og_site_name":"ishtarik","article_modified_time":"2025-12-08T23:50:18+00:00","og_image":[{"width":800,"height":800,"url":"https:\/\/www.ishtarik.com\/wp-content\/uploads\/2024\/02\/product-logo-1.jpg","type":"image\/jpeg"}],"twitter_card":"summary_large_image","twitter_misc":{"Gesch\u00e4tzte Lesezeit":"1\u00a0Minute"},"schema":{"@context":"https:\/\/schema.org","@graph":[{"@type":"WebPage","@id":"https:\/\/www.ishtarik.com\/product\/ibo-player-pro\/","url":"https:\/\/www.ishtarik.com\/product\/ibo-player-pro\/","name":"IBO PLAYER PRO - NUR AKTIVIERUNG 5$","isPartOf":{"@id":"https:\/\/www.ishtarik.com\/#website"},"primaryImageOfPage":{"@id":"https:\/\/www.ishtarik.com\/product\/ibo-player-pro\/#primaryimage"},"image":{"@id":"https:\/\/www.ishtarik.com\/product\/ibo-player-pro\/#primaryimage"},"thumbnailUrl":"https:\/\/i0.wp.com\/www.ishtarik.com\/wp-content\/uploads\/2024\/02\/product-logo-1.jpg?fit=800%2C800&ssl=1","datePublished":"2024-02-24T17:28:25+00:00","dateModified":"2025-12-08T23:50:18+00:00","description":"Das Programm IBO PLAYER PRO enth\u00e4lt keine Kan\u00e4le, sondern nur einen Player f\u00fcr alle iptv-Abonnements 1- Multi-Languages 2- Device Account...","breadcrumb":{"@id":"https:\/\/www.ishtarik.com\/product\/ibo-player-pro\/#breadcrumb"},"inLanguage":"de","potentialAction":[{"@type":"ReadAction","target":["https:\/\/www.ishtarik.com\/product\/ibo-player-pro\/"]}]},{"@type":"ImageObject","inLanguage":"de","@id":"https:\/\/www.ishtarik.com\/product\/ibo-player-pro\/#primaryimage","url":"https:\/\/i0.wp.com\/www.ishtarik.com\/wp-content\/uploads\/2024\/02\/product-logo-1.jpg?fit=800%2C800&ssl=1","contentUrl":"https:\/\/i0.wp.com\/www.ishtarik.com\/wp-content\/uploads\/2024\/02\/product-logo-1.jpg?fit=800%2C800&ssl=1","width":800,"height":800},{"@type":"BreadcrumbList","@id":"https:\/\/www.ishtarik.com\/product\/ibo-player-pro\/#breadcrumb","itemListElement":[{"@type":"ListItem","position":1,"name":"Home","item":"https:\/\/www.ishtarik.com\/"},{"@type":"ListItem","position":2,"name":"Store","item":"https:\/\/www.ishtarik.com\/store\/"},{"@type":"ListItem","position":3,"name":"IBO PLAYER PRO"}]},{"@type":"WebSite","@id":"https:\/\/www.ishtarik.com\/#website","url":"https:\/\/www.ishtarik.com\/","name":"ishtarik","description":"alle Unterkategorien","publisher":{"@id":"https:\/\/www.ishtarik.com\/#\/schema\/person\/37be2f77278773416cef9ccf566adea1"},"potentialAction":[{"@type":"SearchAction","target":{"@type":"EntryPoint","urlTemplate":"https:\/\/www.ishtarik.com\/?s={search_term_string}"},"query-input":{"@type":"PropertyValueSpecification","valueRequired":true,"valueName":"search_term_string"}}],"inLanguage":"de"},{"@type":["Person","Organization"],"@id":"https:\/\/www.ishtarik.com\/#\/schema\/person\/37be2f77278773416cef9ccf566adea1","name":"admin","image":{"@type":"ImageObject","inLanguage":"de","@id":"https:\/\/www.ishtarik.com\/wp-content\/uploads\/2022\/03\/cropped-logo-ichtiraki-1-1.png","url":"https:\/\/www.ishtarik.com\/wp-content\/uploads\/2022\/03\/cropped-logo-ichtiraki-1-1.png","contentUrl":"https:\/\/www.ishtarik.com\/wp-content\/uploads\/2022\/03\/cropped-logo-ichtiraki-1-1.png","width":450,"height":100,"caption":"admin"},"logo":{"@id":"https:\/\/www.ishtarik.com\/wp-content\/uploads\/2022\/03\/cropped-logo-ichtiraki-1-1.png"},"sameAs":["https:\/\/www.ishtarik.com"]}]}},"uagb_featured_image_src":{"full":["https:\/\/i0.wp.com\/www.ishtarik.com\/wp-content\/uploads\/2024\/02\/product-logo-1.jpg?fit=800%2C800&ssl=1",800,800,false],"thumbnail":["https:\/\/i0.wp.com\/www.ishtarik.com\/wp-content\/uploads\/2024\/02\/product-logo-1.jpg?resize=150%2C150&ssl=1",150,150,true],"medium":["https:\/\/i0.wp.com\/www.ishtarik.com\/wp-content\/uploads\/2024\/02\/product-logo-1.jpg?fit=300%2C300&ssl=1",300,300,true],"medium_large":["https:\/\/i0.wp.com\/www.ishtarik.com\/wp-content\/uploads\/2024\/02\/product-logo-1.jpg?fit=768%2C768&ssl=1",768,768,true],"large":["https:\/\/i0.wp.com\/www.ishtarik.com\/wp-content\/uploads\/2024\/02\/product-logo-1.jpg?fit=800%2C800&ssl=1",800,800,true],"1536x1536":["https:\/\/i0.wp.com\/www.ishtarik.com\/wp-content\/uploads\/2024\/02\/product-logo-1.jpg?fit=800%2C800&ssl=1",800,800,true],"2048x2048":["https:\/\/i0.wp.com\/www.ishtarik.com\/wp-content\/uploads\/2024\/02\/product-logo-1.jpg?fit=800%2C800&ssl=1",800,800,true],"trp-custom-language-flag":["https:\/\/i0.wp.com\/www.ishtarik.com\/wp-content\/uploads\/2024\/02\/product-logo-1.jpg?fit=12%2C12&ssl=1",12,12,true],"mailpoet_newsletter_max":["https:\/\/i0.wp.com\/www.ishtarik.com\/wp-content\/uploads\/2024\/02\/product-logo-1.jpg?fit=800%2C800&ssl=1",800,800,true],"woocommerce_thumbnail":["https:\/\/i0.wp.com\/www.ishtarik.com\/wp-content\/uploads\/2024\/02\/product-logo-1.jpg?resize=300%2C300&ssl=1",300,300,true],"woocommerce_single":["https:\/\/i0.wp.com\/www.ishtarik.com\/wp-content\/uploads\/2024\/02\/product-logo-1.jpg?fit=600%2C600&ssl=1",600,600,true],"woocommerce_gallery_thumbnail":["https:\/\/i0.wp.com\/www.ishtarik.com\/wp-content\/uploads\/2024\/02\/product-logo-1.jpg?resize=100%2C100&ssl=1",100,100,true]},"uagb_author_info":{"display_name":"admin","author_link":"https:\/\/www.ishtarik.com\/de\/author\/"},"uagb_comment_info":1,"uagb_excerpt":"The IBO PLAYER PRO\u00a0 program does not contain any channels, only a player for all iptv subscriptions Unity software is considered the most powerful program at his speed Support all device : fire stick , smart Samsung , smart LG , MAC , IOS , android , windows ..","jetpack_sharing_enabled":true,"_links":{"self":[{"href":"https:\/\/www.ishtarik.com\/de\/wp-json\/wp\/v2\/product\/5470","targetHints":{"allow":["GET"]}}],"collection":[{"href":"https:\/\/www.ishtarik.com\/de\/wp-json\/wp\/v2\/product"}],"about":[{"href":"https:\/\/www.ishtarik.com\/de\/wp-json\/wp\/v2\/types\/product"}],"replies":[{"embeddable":true,"href":"https:\/\/www.ishtarik.com\/de\/wp-json\/wp\/v2\/comments?post=5470"}],"version-history":[{"count":0,"href":"https:\/\/www.ishtarik.com\/de\/wp-json\/wp\/v2\/product\/5470\/revisions"}],"wp:featuredmedia":[{"embeddable":true,"href":"https:\/\/www.ishtarik.com\/de\/wp-json\/wp\/v2\/media\/5476"}],"wp:attachment":[{"href":"https:\/\/www.ishtarik.com\/de\/wp-json\/wp\/v2\/media?parent=5470"}],"wp:term":[{"taxonomy":"product_brand","embeddable":true,"href":"https:\/\/www.ishtarik.com\/de\/wp-json\/wp\/v2\/product_brand?post=5470"},{"taxonomy":"product_cat","embeddable":true,"href":"https:\/\/www.ishtarik.com\/de\/wp-json\/wp\/v2\/product_cat?post=5470"},{"taxonomy":"product_tag","embeddable":true,"href":"https:\/\/www.ishtarik.com\/de\/wp-json\/wp\/v2\/product_tag?post=5470"}],"curies":[{"name":"wp","href":"https:\/\/api.w.org\/{rel}","templated":true}]}}