{"id":4449,"date":"2023-03-28T17:37:28","date_gmt":"2023-03-28T17:37:28","guid":{"rendered":"https:\/\/www.ishtarik.com\/?page_id=4449"},"modified":"2024-02-21T22:34:50","modified_gmt":"2024-02-21T22:34:50","slug":"refund-policy","status":"publish","type":"page","link":"https:\/\/www.ishtarik.com\/es\/politica-de-reembolso\/","title":{"rendered":"Pol\u00edtica de reembolso"},"content":{"rendered":"<body>\t\t<div data-elementor-type=\"wp-page\" data-elementor-id=\"4449\" class=\"elementor elementor-4449\" data-elementor-post-type=\"page\">\n\t\t\t\t<div class=\"elementor-element elementor-element-2da24d9a e-flex e-con-boxed e-con e-parent\" data-id=\"2da24d9a\" data-element_type=\"container\" data-e-type=\"container\" data-settings='{\"background_background\":\"classic\"}'>\n\t\t\t\t\t<div class=\"e-con-inner\">\n\t\t\t\t\t<\/div>\n\t\t\t\t<\/div>\n\t\t<div class=\"elementor-element elementor-element-63549b5 e-flex e-con-boxed e-con e-parent\" data-id=\"63549b5\" data-element_type=\"container\" data-e-type=\"container\" data-settings='{\"background_background\":\"classic\"}'>\n\t\t\t\t\t<div class=\"e-con-inner\">\n\t\t\t\t<div class=\"elementor-element elementor-element-7da12b3f elementor-widget elementor-widget-heading\" data-id=\"7da12b3f\" data-element_type=\"widget\" data-e-type=\"widget\" data-widget_type=\"heading.default\">\n\t\t\t\t<div class=\"elementor-widget-container\">\n\t\t\t\t\t<h2 class=\"elementor-heading-title elementor-size-default\">Pol\u00edtica de devoluciones y reembolsos<\/h2>\t\t\t\t<\/div>\n\t\t\t\t<\/div>\n\t\t\t\t<div class=\"elementor-element elementor-element-7538e16b elementor-widget elementor-widget-text-editor\" data-id=\"7538e16b\" data-element_type=\"widget\" data-e-type=\"widget\" data-widget_type=\"text-editor.default\">\n\t\t\t\t<div class=\"elementor-widget-container\">\n\t\t\t\t\t\t\t\t\t<p>Gracias por elegir ishtarik.com. Nos esforzamos por ofrecer servicios IPTV y otros servicios de alta calidad a nuestros usuarios. Por favor, revise nuestra Pol\u00edtica de Devoluciones y Reembolsos cuidadosamente.<\/p>\n<p><strong>1. Pol\u00edtica de reembolso:<\/strong><\/p>\n<ul>\n<li>\n<p><strong>Reembolso de suscripciones:<\/strong> Ofrecemos una garant\u00eda de devoluci\u00f3n de dinero de 7 d\u00edas para nuestros servicios de suscripci\u00f3n. Si usted no est\u00e1 satisfecho con nuestro servicio dentro de los 7 d\u00edas de su suscripci\u00f3n inicial, usted puede solicitar un reembolso o puede cambiar el servidor si si compra TREX IPTV y no est\u00e1 satisfecho usted cambia a GOLD 4K u otro servicios . Los reembolsos solicitados despu\u00e9s del per\u00edodo especificado no ser\u00e1n procesados.<\/p>\n<\/li>\n<\/ul>\n<p><strong>2. 2. Derecho a reembolso:<\/strong><\/p>\n<ul>\n<li>Para tener derecho al reembolso, deber\u00e1 presentar un justificante de compra.<\/li>\n<li>Los reembolsos s\u00f3lo se efectuar\u00e1n al m\u00e9todo de pago original utilizado para la compra.<\/li>\n<li>Los reembolsos no son aplicables a servicios o productos que hayan sido utilizados, da\u00f1ados o alterados despu\u00e9s de la entrega.<\/li>\n<\/ul>\n<p><strong>3. Cancelaci\u00f3n de suscripciones:<\/strong><\/p>\n<ul>\n<li>Los usuarios pueden cancelar su suscripci\u00f3n en cualquier momento, y la cancelaci\u00f3n ser\u00e1 efectiva al final del ciclo de facturaci\u00f3n en curso.<\/li>\n<li>Las cancelaciones no dan derecho al reembolso prorrateado de la parte no utilizada del abono.<\/li>\n<\/ul>\n<p><strong>4. Tramitaci\u00f3n de reembolsos:<\/strong><\/p>\n<ul>\n<li>Los reembolsos se tramitar\u00e1n en un plazo de 7 d\u00edas laborables a partir de la recepci\u00f3n de los art\u00edculos devueltos o de la confirmaci\u00f3n del derecho al reembolso de la suscripci\u00f3n.<\/li>\n<li>El plazo de reembolso en su cuenta puede variar en funci\u00f3n de su m\u00e9todo de pago y de su entidad financiera.<\/li>\n<\/ul>\n<p><strong>5. 5. Cambios en la pol\u00edtica de reembolsos:<\/strong><\/p>\n<ul>\n<li>ishtarik.com se reserva el derecho de actualizar, cambiar o sustituir cualquier parte de la Pol\u00edtica de Devoluciones y Reembolsos a su discreci\u00f3n. Los cambios entrar\u00e1n en vigor inmediatamente despu\u00e9s de su publicaci\u00f3n en el sitio web.<\/li>\n<\/ul>\n<p><strong>Informaci\u00f3n de contacto:<\/strong><\/p>\n<ul>\n<li>Si tiene preguntas o dudas sobre nuestra pol\u00edtica de reembolsos y devoluciones.<\/li>\n<\/ul>\t\t\t\t\t\t\t\t<\/div>\n\t\t\t\t<\/div>\n\t\t\t\t\t<\/div>\n\t\t\t\t<\/div>\n\t\t\t\t<\/div>\n\t\t<\/body>","protected":false},"excerpt":{"rendered":"<p>Refund and Returns Policy Thank you for choosing ishtarik.com. We strive to provide high-quality IPTV services and anothers services to our users. Please review our Refund and Returns Policy carefully. 1. Refund Policy: Subscription Refunds: We offer a 7 day money-back guarantee for our subscription services. If you are not satisfied with our service within [&hellip;]<\/p>\n","protected":false},"author":3,"featured_media":0,"parent":0,"menu_order":0,"comment_status":"closed","ping_status":"closed","template":"","meta":{"_uag_custom_page_level_css":"","site-sidebar-layout":"no-sidebar","site-content-layout":"page-builder","ast-site-content-layout":"full-width-container","site-content-style":"unboxed","site-sidebar-style":"unboxed","ast-global-header-display":"","ast-banner-title-visibility":"","ast-main-header-display":"","ast-hfb-above-header-display":"","ast-hfb-below-header-display":"","ast-hfb-mobile-header-display":"","site-post-title":"disabled","ast-breadcrumbs-content":"","ast-featured-img":"disabled","footer-sml-layout":"","ast-disable-related-posts":"","theme-transparent-header-meta":"","adv-header-id-meta":"","stick-header-meta":"","header-above-stick-meta":"","header-main-stick-meta":"","header-below-stick-meta":"","astra-migrate-meta-layouts":"set","ast-page-background-enabled":"default","ast-page-background-meta":{"desktop":{"background-color":"","background-image":"","background-repeat":"repeat","background-position":"center center","background-size":"auto","background-attachment":"scroll","background-type":"","background-media":"","overlay-type":"","overlay-color":"","overlay-opacity":"","overlay-gradient":""},"tablet":{"background-color":"","background-image":"","background-repeat":"repeat","background-position":"center center","background-size":"auto","background-attachment":"scroll","background-type":"","background-media":"","overlay-type":"","overlay-color":"","overlay-opacity":"","overlay-gradient":""},"mobile":{"background-color":"","background-image":"","background-repeat":"repeat","background-position":"center center","background-size":"auto","background-attachment":"scroll","background-type":"","background-media":"","overlay-type":"","overlay-color":"","overlay-opacity":"","overlay-gradient":""}},"ast-content-background-meta":{"desktop":{"background-color":"var(--ast-global-color-5)","background-image":"","background-repeat":"repeat","background-position":"center center","background-size":"auto","background-attachment":"scroll","background-type":"","background-media":"","overlay-type":"","overlay-color":"","overlay-opacity":"","overlay-gradient":""},"tablet":{"background-color":"var(--ast-global-color-5)","background-image":"","background-repeat":"repeat","background-position":"center center","background-size":"auto","background-attachment":"scroll","background-type":"","background-media":"","overlay-type":"","overlay-color":"","overlay-opacity":"","overlay-gradient":""},"mobile":{"background-color":"var(--ast-global-color-5)","background-image":"","background-repeat":"repeat","background-position":"center center","background-size":"auto","background-attachment":"scroll","background-type":"","background-media":"","overlay-type":"","overlay-color":"","overlay-opacity":"","overlay-gradient":""}},"footnotes":""},"class_list":["post-4449","page","type-page","status-publish","hentry"],"yoast_head":"<!-- This site is optimized with the Yoast SEO Premium plugin v22.3 (Yoast SEO v27.4) - https:\/\/yoast.com\/product\/yoast-seo-premium-wordpress\/ -->\n<title>Refund Policy - ishtarik<\/title>\n<meta name=\"description\" content=\"Subscription Refunds: We offer a 7-day money-back guarantee for our subscription services. If you are unsatisfied with our service within seven days of your initial subscription\" \/>\n<meta name=\"robots\" content=\"index, follow, max-snippet:-1, max-image-preview:large, max-video-preview:-1\" \/>\n<link rel=\"canonical\" href=\"https:\/\/www.ishtarik.com\/es\/politica-de-reembolso\/\" \/>\n<meta property=\"og:locale\" content=\"es_ES\" \/>\n<meta property=\"og:type\" content=\"article\" \/>\n<meta property=\"og:title\" content=\"Refund Policy\" \/>\n<meta property=\"og:description\" content=\"Subscription Refunds: We offer a 7-day money-back guarantee for our subscription services. If you are unsatisfied with our service within seven days of your initial subscription\" \/>\n<meta property=\"og:url\" content=\"https:\/\/www.ishtarik.com\/es\/politica-de-reembolso\/\" \/>\n<meta property=\"og:site_name\" content=\"ishtarik\" \/>\n<meta property=\"article:modified_time\" content=\"2024-02-21T22:34:50+00:00\" \/>\n<meta name=\"twitter:card\" content=\"summary_large_image\" \/>\n<meta name=\"twitter:label1\" content=\"Tiempo de lectura\" \/>\n\t<meta name=\"twitter:data1\" content=\"2 minutos\" \/>\n<script type=\"application\/ld+json\" class=\"yoast-schema-graph\">{\"@context\":\"https:\\\/\\\/schema.org\",\"@graph\":[{\"@type\":\"WebPage\",\"@id\":\"https:\\\/\\\/www.ishtarik.com\\\/refund-policy\\\/\",\"url\":\"https:\\\/\\\/www.ishtarik.com\\\/refund-policy\\\/\",\"name\":\"Refund Policy - ishtarik\",\"isPartOf\":{\"@id\":\"https:\\\/\\\/www.ishtarik.com\\\/#website\"},\"datePublished\":\"2023-03-28T17:37:28+00:00\",\"dateModified\":\"2024-02-21T22:34:50+00:00\",\"description\":\"Subscription Refunds: We offer a 7-day money-back guarantee for our subscription services. If you are unsatisfied with our service within seven days of your initial subscription\",\"breadcrumb\":{\"@id\":\"https:\\\/\\\/www.ishtarik.com\\\/refund-policy\\\/#breadcrumb\"},\"inLanguage\":\"es\",\"potentialAction\":[{\"@type\":\"ReadAction\",\"target\":[\"https:\\\/\\\/www.ishtarik.com\\\/refund-policy\\\/\"]}]},{\"@type\":\"BreadcrumbList\",\"@id\":\"https:\\\/\\\/www.ishtarik.com\\\/refund-policy\\\/#breadcrumb\",\"itemListElement\":[{\"@type\":\"ListItem\",\"position\":1,\"name\":\"Home\",\"item\":\"https:\\\/\\\/www.ishtarik.com\\\/\"},{\"@type\":\"ListItem\",\"position\":2,\"name\":\"Refund Policy\"}]},{\"@type\":\"WebSite\",\"@id\":\"https:\\\/\\\/www.ishtarik.com\\\/#website\",\"url\":\"https:\\\/\\\/www.ishtarik.com\\\/\",\"name\":\"ishtarik\",\"description\":\"all subsbs\",\"publisher\":{\"@id\":\"https:\\\/\\\/www.ishtarik.com\\\/#\\\/schema\\\/person\\\/37be2f77278773416cef9ccf566adea1\"},\"potentialAction\":[{\"@type\":\"SearchAction\",\"target\":{\"@type\":\"EntryPoint\",\"urlTemplate\":\"https:\\\/\\\/www.ishtarik.com\\\/?s={search_term_string}\"},\"query-input\":{\"@type\":\"PropertyValueSpecification\",\"valueRequired\":true,\"valueName\":\"search_term_string\"}}],\"inLanguage\":\"es\"},{\"@type\":[\"Person\",\"Organization\"],\"@id\":\"https:\\\/\\\/www.ishtarik.com\\\/#\\\/schema\\\/person\\\/37be2f77278773416cef9ccf566adea1\",\"name\":\"admin\",\"image\":{\"@type\":\"ImageObject\",\"inLanguage\":\"es\",\"@id\":\"https:\\\/\\\/www.ishtarik.com\\\/wp-content\\\/uploads\\\/2022\\\/03\\\/cropped-logo-ichtiraki-1-1.png\",\"url\":\"https:\\\/\\\/www.ishtarik.com\\\/wp-content\\\/uploads\\\/2022\\\/03\\\/cropped-logo-ichtiraki-1-1.png\",\"contentUrl\":\"https:\\\/\\\/www.ishtarik.com\\\/wp-content\\\/uploads\\\/2022\\\/03\\\/cropped-logo-ichtiraki-1-1.png\",\"width\":450,\"height\":100,\"caption\":\"admin\"},\"logo\":{\"@id\":\"https:\\\/\\\/www.ishtarik.com\\\/wp-content\\\/uploads\\\/2022\\\/03\\\/cropped-logo-ichtiraki-1-1.png\"},\"sameAs\":[\"https:\\\/\\\/www.ishtarik.com\"]}]}<\/script>\n<!-- \/ Yoast SEO Premium plugin. -->","yoast_head_json":{"title":"Pol\u00edtica de devoluciones - ishtarik","description":"Reembolso de suscripciones: Ofrecemos una garant\u00eda de devoluci\u00f3n del dinero de 7 d\u00edas para nuestros servicios de suscripci\u00f3n. Si no est\u00e1 satisfecho con nuestro servicio en los siete d\u00edas siguientes a su suscripci\u00f3n inicial.","robots":{"index":"index","follow":"follow","max-snippet":"max-snippet:-1","max-image-preview":"max-image-preview:large","max-video-preview":"max-video-preview:-1"},"canonical":"https:\/\/www.ishtarik.com\/es\/politica-de-reembolso\/","og_locale":"es_ES","og_type":"article","og_title":"Refund Policy","og_description":"Subscription Refunds: We offer a 7-day money-back guarantee for our subscription services. If you are unsatisfied with our service within seven days of your initial subscription","og_url":"https:\/\/www.ishtarik.com\/es\/politica-de-reembolso\/","og_site_name":"ishtarik","article_modified_time":"2024-02-21T22:34:50+00:00","twitter_card":"summary_large_image","twitter_misc":{"Tiempo de lectura":"2 minutos"},"schema":{"@context":"https:\/\/schema.org","@graph":[{"@type":"WebPage","@id":"https:\/\/www.ishtarik.com\/refund-policy\/","url":"https:\/\/www.ishtarik.com\/refund-policy\/","name":"Pol\u00edtica de devoluciones - ishtarik","isPartOf":{"@id":"https:\/\/www.ishtarik.com\/#website"},"datePublished":"2023-03-28T17:37:28+00:00","dateModified":"2024-02-21T22:34:50+00:00","description":"Reembolso de suscripciones: Ofrecemos una garant\u00eda de devoluci\u00f3n del dinero de 7 d\u00edas para nuestros servicios de suscripci\u00f3n. Si no est\u00e1 satisfecho con nuestro servicio en los siete d\u00edas siguientes a su suscripci\u00f3n inicial.","breadcrumb":{"@id":"https:\/\/www.ishtarik.com\/refund-policy\/#breadcrumb"},"inLanguage":"es","potentialAction":[{"@type":"ReadAction","target":["https:\/\/www.ishtarik.com\/refund-policy\/"]}]},{"@type":"BreadcrumbList","@id":"https:\/\/www.ishtarik.com\/refund-policy\/#breadcrumb","itemListElement":[{"@type":"ListItem","position":1,"name":"Home","item":"https:\/\/www.ishtarik.com\/"},{"@type":"ListItem","position":2,"name":"Refund Policy"}]},{"@type":"WebSite","@id":"https:\/\/www.ishtarik.com\/#website","url":"https:\/\/www.ishtarik.com\/","name":"ishtarik","description":"todos los subsbs","publisher":{"@id":"https:\/\/www.ishtarik.com\/#\/schema\/person\/37be2f77278773416cef9ccf566adea1"},"potentialAction":[{"@type":"SearchAction","target":{"@type":"EntryPoint","urlTemplate":"https:\/\/www.ishtarik.com\/?s={search_term_string}"},"query-input":{"@type":"PropertyValueSpecification","valueRequired":true,"valueName":"search_term_string"}}],"inLanguage":"es"},{"@type":["Person","Organization"],"@id":"https:\/\/www.ishtarik.com\/#\/schema\/person\/37be2f77278773416cef9ccf566adea1","name":"admin","image":{"@type":"ImageObject","inLanguage":"es","@id":"https:\/\/www.ishtarik.com\/wp-content\/uploads\/2022\/03\/cropped-logo-ichtiraki-1-1.png","url":"https:\/\/www.ishtarik.com\/wp-content\/uploads\/2022\/03\/cropped-logo-ichtiraki-1-1.png","contentUrl":"https:\/\/www.ishtarik.com\/wp-content\/uploads\/2022\/03\/cropped-logo-ichtiraki-1-1.png","width":450,"height":100,"caption":"admin"},"logo":{"@id":"https:\/\/www.ishtarik.com\/wp-content\/uploads\/2022\/03\/cropped-logo-ichtiraki-1-1.png"},"sameAs":["https:\/\/www.ishtarik.com"]}]}},"uagb_featured_image_src":{"full":false,"thumbnail":false,"medium":false,"medium_large":false,"large":false,"1536x1536":false,"2048x2048":false,"trp-custom-language-flag":false,"mailpoet_newsletter_max":false,"woocommerce_thumbnail":false,"woocommerce_single":false,"woocommerce_gallery_thumbnail":false},"uagb_author_info":{"display_name":"admin","author_link":"https:\/\/www.ishtarik.com\/es\/author\/admin-2\/"},"uagb_comment_info":0,"uagb_excerpt":"Refund and Returns Policy Thank you for choosing ishtarik.com. We strive to provide high-quality IPTV services and anothers services to our users. Please review our Refund and Returns Policy carefully. 1. Refund Policy: Subscription Refunds: We offer a 7 day money-back guarantee for our subscription services. If you are not satisfied with our service within&hellip;","jetpack_sharing_enabled":true,"_links":{"self":[{"href":"https:\/\/www.ishtarik.com\/es\/wp-json\/wp\/v2\/pages\/4449","targetHints":{"allow":["GET"]}}],"collection":[{"href":"https:\/\/www.ishtarik.com\/es\/wp-json\/wp\/v2\/pages"}],"about":[{"href":"https:\/\/www.ishtarik.com\/es\/wp-json\/wp\/v2\/types\/page"}],"author":[{"embeddable":true,"href":"https:\/\/www.ishtarik.com\/es\/wp-json\/wp\/v2\/users\/3"}],"replies":[{"embeddable":true,"href":"https:\/\/www.ishtarik.com\/es\/wp-json\/wp\/v2\/comments?post=4449"}],"version-history":[{"count":0,"href":"https:\/\/www.ishtarik.com\/es\/wp-json\/wp\/v2\/pages\/4449\/revisions"}],"wp:attachment":[{"href":"https:\/\/www.ishtarik.com\/es\/wp-json\/wp\/v2\/media?parent=4449"}],"curies":[{"name":"wp","href":"https:\/\/api.w.org\/{rel}","templated":true}]}}