{"id":2988,"date":"2022-03-05T12:23:46","date_gmt":"2022-03-05T12:23:46","guid":{"rendered":"https:\/\/www.ishtarik.com\/?post_type=product&#038;p=2988"},"modified":"2026-03-19T03:03:32","modified_gmt":"2026-03-19T03:03:32","slug":"tango-pro","status":"publish","type":"product","link":"https:\/\/www.ishtarik.com\/es\/producto\/tango-pro\/","title":{"rendered":"Tango pro"},"content":{"rendered":"<body><p><\/p>\n<p style=\"text-align: center;\">Le ofrecemos la <strong>Tango pro<\/strong>\u00a0que es el mayor servidor que hemos descubierto hasta ahora<br>\nUn servidor que contiene todos los canales de deportes para ni\u00f1os, programas exclusivos de cine, series y mucho m\u00e1s<\/p>\n<p style=\"text-align: center;\">Canales directos en \u00e9l m\u00e1s de <strong>9,000<\/strong>:<\/p>\n<p style=\"text-align: center;\"><img data-recalc-dims=\"1\" loading=\"lazy\" decoding=\"async\" class=\"alignnone size-medium\" src=\"https:\/\/i0.wp.com\/media.giphy.com\/media\/gm4t5h1WZfpDU0ab2w\/giphy.gif?resize=480%2C270&#038;ssl=1\" width=\"480\" height=\"270\"><\/p>\n<p style=\"text-align: center;\">Pel\u00edculas con m\u00e1s de <strong>8,000:<\/strong><\/p>\n<p style=\"text-align: center;\"><strong><img data-recalc-dims=\"1\" loading=\"lazy\" decoding=\"async\" class=\"alignnone size-medium\" src=\"https:\/\/i0.wp.com\/media.giphy.com\/media\/a2nb5eacdDjvc0kuZ0\/giphy.gif?resize=480%2C270&#038;ssl=1\" width=\"480\" height=\"270\"><\/strong><\/p>\n<p style=\"text-align: center;\">Series en \u00e9l m\u00e1s de<strong> 3,000<\/strong>:<\/p>\n<p style=\"text-align: center;\"><img data-recalc-dims=\"1\" loading=\"lazy\" decoding=\"async\" class=\"alignnone size-medium\" src=\"https:\/\/i0.wp.com\/media.giphy.com\/media\/Pxzjo1qQHC0FoIU5FR\/giphy.gif?resize=480%2C270&#038;ssl=1\" width=\"480\" height=\"270\"><\/p>\n<p style=\"text-align: center;\">Estabilidad: 95%<br>\nCalidad: FHD<\/p>\n<p>canales son 90% en calidad FHD<\/p>\n<p>Soporta todos los dispositivos : fire stick , smart Samsung , smart LG , MAC , IOS , android , windows ...<\/p>\n<p><span style=\"color: #008000;\"><strong>Nota:<\/strong> Puede seguir el servicio 12 horas (1$)<\/span><\/p>\n<\/body>","protected":false},"excerpt":{"rendered":"<p style=\"text-align: center;\">Canales directos en \u00e9l m\u00e1s de <strong>9,000<\/strong><\/p>\n<p style=\"text-align: center;\">Pel\u00edculas con m\u00e1s de <strong>8,000<\/strong><\/p>\n<p style=\"text-align: center;\">Series en \u00e9l m\u00e1s de<strong> 3,000<\/strong><\/p>\n<p style=\"text-align: center;\">Estabilidad: <strong>95%<\/strong><\/p>\n<p style=\"text-align: center;\">canales son <strong>88% en calidad FHD<\/strong><\/p>\n<p style=\"text-align: center;\">Compatible con todos los dispositivos : <strong>fire stick , smart Samsung , smart LG , MAC , IOS , android , windows ..<\/strong><\/p>\n<p>&nbsp;<\/p>","protected":false},"featured_media":4400,"comment_status":"open","ping_status":"closed","template":"","meta":{"_uag_custom_page_level_css":"","site-sidebar-layout":"default","site-content-layout":"default","ast-site-content-layout":"default","site-content-style":"default","site-sidebar-style":"default","ast-global-header-display":"","ast-banner-title-visibility":"","ast-main-header-display":"","ast-hfb-above-header-display":"","ast-hfb-below-header-display":"","ast-hfb-mobile-header-display":"","site-post-title":"","ast-breadcrumbs-content":"","ast-featured-img":"","footer-sml-layout":"","ast-disable-related-posts":"","theme-transparent-header-meta":"default","adv-header-id-meta":"","stick-header-meta":"","header-above-stick-meta":"","header-main-stick-meta":"","header-below-stick-meta":"","astra-migrate-meta-layouts":"set","ast-page-background-enabled":"default","ast-page-background-meta":{"desktop":{"background-color":"","background-image":"","background-repeat":"repeat","background-position":"center center","background-size":"auto","background-attachment":"scroll","background-type":"","background-media":"","overlay-type":"","overlay-color":"","overlay-opacity":"","overlay-gradient":""},"tablet":{"background-color":"","background-image":"","background-repeat":"repeat","background-position":"center center","background-size":"auto","background-attachment":"scroll","background-type":"","background-media":"","overlay-type":"","overlay-color":"","overlay-opacity":"","overlay-gradient":""},"mobile":{"background-color":"","background-image":"","background-repeat":"repeat","background-position":"center center","background-size":"auto","background-attachment":"scroll","background-type":"","background-media":"","overlay-type":"","overlay-color":"","overlay-opacity":"","overlay-gradient":""}},"ast-content-background-meta":{"desktop":{"background-color":"var(--ast-global-color-5)","background-image":"","background-repeat":"repeat","background-position":"center center","background-size":"auto","background-attachment":"scroll","background-type":"","background-media":"","overlay-type":"","overlay-color":"","overlay-opacity":"","overlay-gradient":""},"tablet":{"background-color":"var(--ast-global-color-5)","background-image":"","background-repeat":"repeat","background-position":"center center","background-size":"auto","background-attachment":"scroll","background-type":"","background-media":"","overlay-type":"","overlay-color":"","overlay-opacity":"","overlay-gradient":""},"mobile":{"background-color":"var(--ast-global-color-5)","background-image":"","background-repeat":"repeat","background-position":"center center","background-size":"auto","background-attachment":"scroll","background-type":"","background-media":"","overlay-type":"","overlay-color":"","overlay-opacity":"","overlay-gradient":""}}},"product_brand":[],"product_cat":[53],"product_tag":[368,370,369,366,367],"class_list":{"0":"post-2988","1":"product","2":"type-product","3":"status-publish","4":"has-post-thumbnail","6":"product_cat-iptv","7":"product_tag-iptv-tango","8":"product_tag-server-tango","9":"product_tag-tango","10":"product_tag-tango-pro","11":"product_tag-tango-pro-iptv","12":"pa_duration-1-year","13":"pa_duration-3-months","14":"pa_duration-6-months","15":"pa_duration-test-iptv-12h","16":"desktop-align-left","17":"tablet-align-left","18":"mobile-align-left","20":"first","21":"instock","22":"shipping-taxable","23":"purchasable","24":"product-type-variable"},"yoast_head":"<!-- This site is optimized with the Yoast SEO Premium plugin v22.3 (Yoast SEO v27.4) - https:\/\/yoast.com\/product\/yoast-seo-premium-wordpress\/ -->\n<title>Tango pro IPTV \u0627\u0634\u062a\u0631\u0627\u0643 \u062a\u0627\u0646\u063a\u0648 \u0628\u0631\u0648<\/title>\n<meta name=\"description\" content=\"The Tango pro IPTV application contains this section on a very huge group of channels from all continents of the world, and it contains channels of all categories: such as sports channels - news channels - Islamic channels, children&#039;s channels, and several other sections that you will see inside the application.It also contains packages of channels divided according to the countries of the world, such as Egyptian channels - Algerian - Saudi - Syrian - Lebanese - French - Denmark - Sweden - Brazil - German - Indian and more other international packages.\" \/>\n<meta name=\"robots\" content=\"index, follow, max-snippet:-1, max-image-preview:large, max-video-preview:-1\" \/>\n<link rel=\"canonical\" href=\"https:\/\/www.ishtarik.com\/es\/producto\/tango-pro\/\" \/>\n<meta property=\"og:locale\" content=\"es_ES\" \/>\n<meta property=\"og:type\" content=\"article\" \/>\n<meta property=\"og:title\" content=\"Tango pro\" \/>\n<meta property=\"og:description\" content=\"The Tango pro IPTV application contains this section on a very huge group of channels from all continents of the world, and it contains channels of all categories: such as sports channels - news channels - Islamic channels, children&#039;s channels, and several other sections that you will see inside the application.It also contains packages of channels divided according to the countries of the world, such as Egyptian channels - Algerian - Saudi - Syrian - Lebanese - French - Denmark - Sweden - Brazil - German - Indian and more other international packages.\" \/>\n<meta property=\"og:url\" content=\"https:\/\/www.ishtarik.com\/es\/producto\/tango-pro\/\" \/>\n<meta property=\"og:site_name\" content=\"ishtarik\" \/>\n<meta property=\"article:modified_time\" content=\"2026-03-19T03:03:32+00:00\" \/>\n<meta property=\"og:image\" content=\"https:\/\/www.ishtarik.com\/wp-content\/uploads\/2022\/03\/B9.jpg\" \/>\n\t<meta property=\"og:image:width\" content=\"800\" \/>\n\t<meta property=\"og:image:height\" content=\"800\" \/>\n\t<meta property=\"og:image:type\" content=\"image\/jpeg\" \/>\n<meta name=\"twitter:card\" content=\"summary_large_image\" \/>\n<meta name=\"twitter:label1\" content=\"Tiempo de lectura\" \/>\n\t<meta name=\"twitter:data1\" content=\"2 minutos\" \/>\n<script type=\"application\/ld+json\" class=\"yoast-schema-graph\">{\"@context\":\"https:\\\/\\\/schema.org\",\"@graph\":[{\"@type\":\"WebPage\",\"@id\":\"https:\\\/\\\/www.ishtarik.com\\\/product\\\/tango-pro\\\/\",\"url\":\"https:\\\/\\\/www.ishtarik.com\\\/product\\\/tango-pro\\\/\",\"name\":\"Tango pro IPTV \u0627\u0634\u062a\u0631\u0627\u0643 \u062a\u0627\u0646\u063a\u0648 \u0628\u0631\u0648\",\"isPartOf\":{\"@id\":\"https:\\\/\\\/www.ishtarik.com\\\/#website\"},\"primaryImageOfPage\":{\"@id\":\"https:\\\/\\\/www.ishtarik.com\\\/product\\\/tango-pro\\\/#primaryimage\"},\"image\":{\"@id\":\"https:\\\/\\\/www.ishtarik.com\\\/product\\\/tango-pro\\\/#primaryimage\"},\"thumbnailUrl\":\"https:\\\/\\\/i0.wp.com\\\/www.ishtarik.com\\\/wp-content\\\/uploads\\\/2022\\\/03\\\/B9.jpg?fit=800%2C800&ssl=1\",\"datePublished\":\"2022-03-05T12:23:46+00:00\",\"dateModified\":\"2026-03-19T03:03:32+00:00\",\"description\":\"The Tango pro IPTV application contains this section on a very huge group of channels from all continents of the world, and it contains channels of all categories: such as sports channels - news channels - Islamic channels, children's channels, and several other sections that you will see inside the application.It also contains packages of channels divided according to the countries of the world, such as Egyptian channels - Algerian - Saudi - Syrian - Lebanese - French - Denmark - Sweden - Brazil - German - Indian and more other international packages.\",\"breadcrumb\":{\"@id\":\"https:\\\/\\\/www.ishtarik.com\\\/product\\\/tango-pro\\\/#breadcrumb\"},\"inLanguage\":\"es\",\"potentialAction\":[{\"@type\":\"ReadAction\",\"target\":[\"https:\\\/\\\/www.ishtarik.com\\\/product\\\/tango-pro\\\/\"]}]},{\"@type\":\"ImageObject\",\"inLanguage\":\"es\",\"@id\":\"https:\\\/\\\/www.ishtarik.com\\\/product\\\/tango-pro\\\/#primaryimage\",\"url\":\"https:\\\/\\\/i0.wp.com\\\/www.ishtarik.com\\\/wp-content\\\/uploads\\\/2022\\\/03\\\/B9.jpg?fit=800%2C800&ssl=1\",\"contentUrl\":\"https:\\\/\\\/i0.wp.com\\\/www.ishtarik.com\\\/wp-content\\\/uploads\\\/2022\\\/03\\\/B9.jpg?fit=800%2C800&ssl=1\",\"width\":800,\"height\":800},{\"@type\":\"BreadcrumbList\",\"@id\":\"https:\\\/\\\/www.ishtarik.com\\\/product\\\/tango-pro\\\/#breadcrumb\",\"itemListElement\":[{\"@type\":\"ListItem\",\"position\":1,\"name\":\"Home\",\"item\":\"https:\\\/\\\/www.ishtarik.com\\\/\"},{\"@type\":\"ListItem\",\"position\":2,\"name\":\"Store\",\"item\":\"https:\\\/\\\/www.ishtarik.com\\\/store\\\/\"},{\"@type\":\"ListItem\",\"position\":3,\"name\":\"Tango pro\"}]},{\"@type\":\"WebSite\",\"@id\":\"https:\\\/\\\/www.ishtarik.com\\\/#website\",\"url\":\"https:\\\/\\\/www.ishtarik.com\\\/\",\"name\":\"ishtarik\",\"description\":\"all subsbs\",\"publisher\":{\"@id\":\"https:\\\/\\\/www.ishtarik.com\\\/#\\\/schema\\\/person\\\/37be2f77278773416cef9ccf566adea1\"},\"potentialAction\":[{\"@type\":\"SearchAction\",\"target\":{\"@type\":\"EntryPoint\",\"urlTemplate\":\"https:\\\/\\\/www.ishtarik.com\\\/?s={search_term_string}\"},\"query-input\":{\"@type\":\"PropertyValueSpecification\",\"valueRequired\":true,\"valueName\":\"search_term_string\"}}],\"inLanguage\":\"es\"},{\"@type\":[\"Person\",\"Organization\"],\"@id\":\"https:\\\/\\\/www.ishtarik.com\\\/#\\\/schema\\\/person\\\/37be2f77278773416cef9ccf566adea1\",\"name\":\"admin\",\"image\":{\"@type\":\"ImageObject\",\"inLanguage\":\"es\",\"@id\":\"https:\\\/\\\/www.ishtarik.com\\\/wp-content\\\/uploads\\\/2022\\\/03\\\/cropped-logo-ichtiraki-1-1.png\",\"url\":\"https:\\\/\\\/www.ishtarik.com\\\/wp-content\\\/uploads\\\/2022\\\/03\\\/cropped-logo-ichtiraki-1-1.png\",\"contentUrl\":\"https:\\\/\\\/www.ishtarik.com\\\/wp-content\\\/uploads\\\/2022\\\/03\\\/cropped-logo-ichtiraki-1-1.png\",\"width\":450,\"height\":100,\"caption\":\"admin\"},\"logo\":{\"@id\":\"https:\\\/\\\/www.ishtarik.com\\\/wp-content\\\/uploads\\\/2022\\\/03\\\/cropped-logo-ichtiraki-1-1.png\"},\"sameAs\":[\"https:\\\/\\\/www.ishtarik.com\"]}]}<\/script>\n<!-- \/ Yoast SEO Premium plugin. -->","yoast_head_json":{"title":"Tango pro IPTV \u0627\u0634\u062a\u0631\u0627\u0643 \u062a\u0627\u0646\u063a\u0648 \u0628\u0631\u0648","description":"La aplicaci\u00f3n Tango pro IPTV contiene esta secci\u00f3n en un grupo muy grande de canales de todos los continentes del mundo, y contiene canales de todas las categor\u00edas: tales como canales de deportes - canales de noticias - canales isl\u00e1micos, canales infantiles, y varias otras secciones que ver\u00e1 dentro de la aplicaci\u00f3n.Tambi\u00e9n contiene paquetes de canales divididos seg\u00fan los pa\u00edses del mundo, tales como canales egipcios - argelinos - saud\u00edes - sirios - libaneses - franceses - Dinamarca - Suecia - Brasil - alemanes - indios y m\u00e1s otros paquetes internacionales.","robots":{"index":"index","follow":"follow","max-snippet":"max-snippet:-1","max-image-preview":"max-image-preview:large","max-video-preview":"max-video-preview:-1"},"canonical":"https:\/\/www.ishtarik.com\/es\/producto\/tango-pro\/","og_locale":"es_ES","og_type":"article","og_title":"Tango pro","og_description":"The Tango pro IPTV application contains this section on a very huge group of channels from all continents of the world, and it contains channels of all categories: such as sports channels - news channels - Islamic channels, children's channels, and several other sections that you will see inside the application.It also contains packages of channels divided according to the countries of the world, such as Egyptian channels - Algerian - Saudi - Syrian - Lebanese - French - Denmark - Sweden - Brazil - German - Indian and more other international packages.","og_url":"https:\/\/www.ishtarik.com\/es\/producto\/tango-pro\/","og_site_name":"ishtarik","article_modified_time":"2026-03-19T03:03:32+00:00","og_image":[{"width":800,"height":800,"url":"https:\/\/www.ishtarik.com\/wp-content\/uploads\/2022\/03\/B9.jpg","type":"image\/jpeg"}],"twitter_card":"summary_large_image","twitter_misc":{"Tiempo de lectura":"2 minutos"},"schema":{"@context":"https:\/\/schema.org","@graph":[{"@type":"WebPage","@id":"https:\/\/www.ishtarik.com\/product\/tango-pro\/","url":"https:\/\/www.ishtarik.com\/product\/tango-pro\/","name":"Tango pro IPTV \u0627\u0634\u062a\u0631\u0627\u0643 \u062a\u0627\u0646\u063a\u0648 \u0628\u0631\u0648","isPartOf":{"@id":"https:\/\/www.ishtarik.com\/#website"},"primaryImageOfPage":{"@id":"https:\/\/www.ishtarik.com\/product\/tango-pro\/#primaryimage"},"image":{"@id":"https:\/\/www.ishtarik.com\/product\/tango-pro\/#primaryimage"},"thumbnailUrl":"https:\/\/i0.wp.com\/www.ishtarik.com\/wp-content\/uploads\/2022\/03\/B9.jpg?fit=800%2C800&ssl=1","datePublished":"2022-03-05T12:23:46+00:00","dateModified":"2026-03-19T03:03:32+00:00","description":"La aplicaci\u00f3n Tango pro IPTV contiene esta secci\u00f3n en un grupo muy grande de canales de todos los continentes del mundo, y contiene canales de todas las categor\u00edas: tales como canales de deportes - canales de noticias - canales isl\u00e1micos, canales infantiles, y varias otras secciones que ver\u00e1 dentro de la aplicaci\u00f3n.Tambi\u00e9n contiene paquetes de canales divididos seg\u00fan los pa\u00edses del mundo, tales como canales egipcios - argelinos - saud\u00edes - sirios - libaneses - franceses - Dinamarca - Suecia - Brasil - alemanes - indios y m\u00e1s otros paquetes internacionales.","breadcrumb":{"@id":"https:\/\/www.ishtarik.com\/product\/tango-pro\/#breadcrumb"},"inLanguage":"es","potentialAction":[{"@type":"ReadAction","target":["https:\/\/www.ishtarik.com\/product\/tango-pro\/"]}]},{"@type":"ImageObject","inLanguage":"es","@id":"https:\/\/www.ishtarik.com\/product\/tango-pro\/#primaryimage","url":"https:\/\/i0.wp.com\/www.ishtarik.com\/wp-content\/uploads\/2022\/03\/B9.jpg?fit=800%2C800&ssl=1","contentUrl":"https:\/\/i0.wp.com\/www.ishtarik.com\/wp-content\/uploads\/2022\/03\/B9.jpg?fit=800%2C800&ssl=1","width":800,"height":800},{"@type":"BreadcrumbList","@id":"https:\/\/www.ishtarik.com\/product\/tango-pro\/#breadcrumb","itemListElement":[{"@type":"ListItem","position":1,"name":"Home","item":"https:\/\/www.ishtarik.com\/"},{"@type":"ListItem","position":2,"name":"Store","item":"https:\/\/www.ishtarik.com\/store\/"},{"@type":"ListItem","position":3,"name":"Tango pro"}]},{"@type":"WebSite","@id":"https:\/\/www.ishtarik.com\/#website","url":"https:\/\/www.ishtarik.com\/","name":"ishtarik","description":"todos los subsbs","publisher":{"@id":"https:\/\/www.ishtarik.com\/#\/schema\/person\/37be2f77278773416cef9ccf566adea1"},"potentialAction":[{"@type":"SearchAction","target":{"@type":"EntryPoint","urlTemplate":"https:\/\/www.ishtarik.com\/?s={search_term_string}"},"query-input":{"@type":"PropertyValueSpecification","valueRequired":true,"valueName":"search_term_string"}}],"inLanguage":"es"},{"@type":["Person","Organization"],"@id":"https:\/\/www.ishtarik.com\/#\/schema\/person\/37be2f77278773416cef9ccf566adea1","name":"admin","image":{"@type":"ImageObject","inLanguage":"es","@id":"https:\/\/www.ishtarik.com\/wp-content\/uploads\/2022\/03\/cropped-logo-ichtiraki-1-1.png","url":"https:\/\/www.ishtarik.com\/wp-content\/uploads\/2022\/03\/cropped-logo-ichtiraki-1-1.png","contentUrl":"https:\/\/www.ishtarik.com\/wp-content\/uploads\/2022\/03\/cropped-logo-ichtiraki-1-1.png","width":450,"height":100,"caption":"admin"},"logo":{"@id":"https:\/\/www.ishtarik.com\/wp-content\/uploads\/2022\/03\/cropped-logo-ichtiraki-1-1.png"},"sameAs":["https:\/\/www.ishtarik.com"]}]}},"uagb_featured_image_src":{"full":["https:\/\/i0.wp.com\/www.ishtarik.com\/wp-content\/uploads\/2022\/03\/B9.jpg?fit=800%2C800&ssl=1",800,800,false],"thumbnail":["https:\/\/i0.wp.com\/www.ishtarik.com\/wp-content\/uploads\/2022\/03\/B9.jpg?resize=150%2C150&ssl=1",150,150,true],"medium":["https:\/\/i0.wp.com\/www.ishtarik.com\/wp-content\/uploads\/2022\/03\/B9.jpg?fit=300%2C300&ssl=1",300,300,true],"medium_large":["https:\/\/i0.wp.com\/www.ishtarik.com\/wp-content\/uploads\/2022\/03\/B9.jpg?fit=768%2C768&ssl=1",768,768,true],"large":["https:\/\/i0.wp.com\/www.ishtarik.com\/wp-content\/uploads\/2022\/03\/B9.jpg?fit=800%2C800&ssl=1",800,800,true],"1536x1536":["https:\/\/i0.wp.com\/www.ishtarik.com\/wp-content\/uploads\/2022\/03\/B9.jpg?fit=800%2C800&ssl=1",800,800,true],"2048x2048":["https:\/\/i0.wp.com\/www.ishtarik.com\/wp-content\/uploads\/2022\/03\/B9.jpg?fit=800%2C800&ssl=1",800,800,true],"trp-custom-language-flag":["https:\/\/i0.wp.com\/www.ishtarik.com\/wp-content\/uploads\/2022\/03\/B9.jpg?fit=12%2C12&ssl=1",12,12,true],"mailpoet_newsletter_max":["https:\/\/i0.wp.com\/www.ishtarik.com\/wp-content\/uploads\/2022\/03\/B9.jpg?fit=800%2C800&ssl=1",800,800,true],"woocommerce_thumbnail":["https:\/\/i0.wp.com\/www.ishtarik.com\/wp-content\/uploads\/2022\/03\/B9.jpg?resize=300%2C300&ssl=1",300,300,true],"woocommerce_single":["https:\/\/i0.wp.com\/www.ishtarik.com\/wp-content\/uploads\/2022\/03\/B9.jpg?fit=600%2C600&ssl=1",600,600,true],"woocommerce_gallery_thumbnail":["https:\/\/i0.wp.com\/www.ishtarik.com\/wp-content\/uploads\/2022\/03\/B9.jpg?resize=100%2C100&ssl=1",100,100,true]},"uagb_author_info":{"display_name":"admin","author_link":"https:\/\/www.ishtarik.com\/es\/author\/"},"uagb_comment_info":12,"uagb_excerpt":"Direct channels on it more than 9,000 Movies with more than 8,000 Series on it more than 3,000 Stability: 95% channels are 88% in FHD quality Support all device : fire stick , smart Samsung , smart LG , MAC , IOS , android , windows .. &nbsp;","jetpack_sharing_enabled":true,"_links":{"self":[{"href":"https:\/\/www.ishtarik.com\/es\/wp-json\/wp\/v2\/product\/2988","targetHints":{"allow":["GET"]}}],"collection":[{"href":"https:\/\/www.ishtarik.com\/es\/wp-json\/wp\/v2\/product"}],"about":[{"href":"https:\/\/www.ishtarik.com\/es\/wp-json\/wp\/v2\/types\/product"}],"replies":[{"embeddable":true,"href":"https:\/\/www.ishtarik.com\/es\/wp-json\/wp\/v2\/comments?post=2988"}],"version-history":[{"count":0,"href":"https:\/\/www.ishtarik.com\/es\/wp-json\/wp\/v2\/product\/2988\/revisions"}],"wp:featuredmedia":[{"embeddable":true,"href":"https:\/\/www.ishtarik.com\/es\/wp-json\/wp\/v2\/media\/4400"}],"wp:attachment":[{"href":"https:\/\/www.ishtarik.com\/es\/wp-json\/wp\/v2\/media?parent=2988"}],"wp:term":[{"taxonomy":"product_brand","embeddable":true,"href":"https:\/\/www.ishtarik.com\/es\/wp-json\/wp\/v2\/product_brand?post=2988"},{"taxonomy":"product_cat","embeddable":true,"href":"https:\/\/www.ishtarik.com\/es\/wp-json\/wp\/v2\/product_cat?post=2988"},{"taxonomy":"product_tag","embeddable":true,"href":"https:\/\/www.ishtarik.com\/es\/wp-json\/wp\/v2\/product_tag?post=2988"}],"curies":[{"name":"wp","href":"https:\/\/api.w.org\/{rel}","templated":true}]}}