{"id":2994,"date":"2022-03-05T12:29:20","date_gmt":"2022-03-05T12:29:20","guid":{"rendered":"https:\/\/www.ishtarik.com\/?post_type=product&#038;p=2994"},"modified":"2026-04-10T15:38:40","modified_gmt":"2026-04-10T15:38:40","slug":"trex-iptv","status":"publish","type":"product","link":"https:\/\/www.ishtarik.com\/es\/producto\/trex-iptv\/","title":{"rendered":"Trex"},"content":{"rendered":"<body><p><\/p>\n<p style=\"text-align: center;\">Le ofrecemos la <strong>TREX iptv<\/strong> que es el mayor servidor que hemos descubierto hasta ahora<br>\nUn servidor que contiene todos los canales de deportes para ni\u00f1os, programas exclusivos de cine, series y mucho m\u00e1s<\/p>\n<p style=\"text-align: center;\">Canales directos en \u00e9l m\u00e1s de <strong>19,900<\/strong>:<img data-recalc-dims=\"1\" loading=\"lazy\" decoding=\"async\" class=\"size-medium aligncenter\" src=\"https:\/\/i0.wp.com\/media.giphy.com\/media\/dQQmwCcmqD9AuKYvJQ\/giphy.gif?resize=480%2C270&#038;ssl=1\" width=\"480\" height=\"270\"><\/p>\n<p style=\"text-align: center;\">Pel\u00edculas con m\u00e1s de <strong>90,000:<\/strong><img data-recalc-dims=\"1\" loading=\"lazy\" decoding=\"async\" class=\"size-medium aligncenter\" src=\"https:\/\/i0.wp.com\/media.giphy.com\/media\/oZqSwhTEXOaTz4wHfv\/giphy.gif?resize=480%2C270&#038;ssl=1\" alt=\"trex vod\" width=\"480\" height=\"270\"><\/p>\n<p style=\"text-align: center;\">Series en \u00e9l m\u00e1s de<strong> 13,800<\/strong>:<img data-recalc-dims=\"1\" loading=\"lazy\" decoding=\"async\" class=\"size-medium aligncenter\" src=\"https:\/\/i0.wp.com\/media.giphy.com\/media\/3GkaPYHQHhdjkKd379\/giphy.gif?resize=480%2C270&#038;ssl=1\" alt=\"serie tex\" width=\"480\" height=\"270\"><\/p>\n<p style=\"text-align: center;\">Estabilidad: 95%<br>\nCalidad 4K real<\/p>\n<p>El resto de canales son 90% en calidad FHD<\/p>\n<p>Soporta todos los dispositivos : fire stick , smart Samsung , smart LG , MAC , IOS , android , windows ...<\/p>\n<p>Para obtener la aplicaci\u00f3n que corresponde a tu dispositivo, entra en el sitio y descubre <strong>todas las aplicaciones trex<\/strong> :<\/p>\n<p><span style=\"color: #0000ff;\">https:\/\/loadbalance.xyz<\/span><\/p>\n<p><span style=\"color: #ff0000;\"><strong>Nota:<\/strong><\/span> El servidor no tiene <span style=\"color: #ff0000;\"><span style=\"color: #333300;\">a<\/span> periodo de prueba\u00a0<\/span><\/p>\n<\/body>","protected":false},"excerpt":{"rendered":"<p style=\"text-align: center;\">Canales directos en \u00e9l m\u00e1s de <strong>19,900<\/strong><\/p>\n<p style=\"text-align: center;\">Pel\u00edculas con m\u00e1s de <strong>90,000<\/strong><\/p>\n<p style=\"text-align: center;\">Series en \u00e9l m\u00e1s de<strong> 15,800<\/strong><\/p>\n<p style=\"text-align: center;\">Estabilidad: <strong>95%<\/strong><\/p>\n<p style=\"text-align: center;\">canales son <strong>90% en calidad FHD<\/strong><\/p>\n<p style=\"text-align: center;\">Compatible con todos los dispositivos : <strong>fire stick , smart Samsung , smart LG , MAC , IOS , android , windows ..<\/strong><\/p>\n<p><span style=\"color: #ff0000;\"><strong>Nota:<\/strong><\/span> El servidor no tiene <span style=\"color: #ff0000;\"><span style=\"color: #333300;\">a<\/span> periodo de prueba<\/span><\/p>","protected":false},"featured_media":2995,"comment_status":"open","ping_status":"closed","template":"","meta":{"_uag_custom_page_level_css":"","site-sidebar-layout":"default","site-content-layout":"default","ast-site-content-layout":"default","site-content-style":"default","site-sidebar-style":"default","ast-global-header-display":"","ast-banner-title-visibility":"","ast-main-header-display":"","ast-hfb-above-header-display":"","ast-hfb-below-header-display":"","ast-hfb-mobile-header-display":"","site-post-title":"","ast-breadcrumbs-content":"","ast-featured-img":"","footer-sml-layout":"","ast-disable-related-posts":"","theme-transparent-header-meta":"default","adv-header-id-meta":"","stick-header-meta":"","header-above-stick-meta":"","header-main-stick-meta":"","header-below-stick-meta":"","astra-migrate-meta-layouts":"set","ast-page-background-enabled":"default","ast-page-background-meta":{"desktop":{"background-color":"","background-image":"","background-repeat":"repeat","background-position":"center center","background-size":"auto","background-attachment":"scroll","background-type":"","background-media":"","overlay-type":"","overlay-color":"","overlay-opacity":"","overlay-gradient":""},"tablet":{"background-color":"","background-image":"","background-repeat":"repeat","background-position":"center center","background-size":"auto","background-attachment":"scroll","background-type":"","background-media":"","overlay-type":"","overlay-color":"","overlay-opacity":"","overlay-gradient":""},"mobile":{"background-color":"","background-image":"","background-repeat":"repeat","background-position":"center center","background-size":"auto","background-attachment":"scroll","background-type":"","background-media":"","overlay-type":"","overlay-color":"","overlay-opacity":"","overlay-gradient":""}},"ast-content-background-meta":{"desktop":{"background-color":"var(--ast-global-color-5)","background-image":"","background-repeat":"repeat","background-position":"center center","background-size":"auto","background-attachment":"scroll","background-type":"","background-media":"","overlay-type":"","overlay-color":"","overlay-opacity":"","overlay-gradient":""},"tablet":{"background-color":"var(--ast-global-color-5)","background-image":"","background-repeat":"repeat","background-position":"center center","background-size":"auto","background-attachment":"scroll","background-type":"","background-media":"","overlay-type":"","overlay-color":"","overlay-opacity":"","overlay-gradient":""},"mobile":{"background-color":"var(--ast-global-color-5)","background-image":"","background-repeat":"repeat","background-position":"center center","background-size":"auto","background-attachment":"scroll","background-type":"","background-media":"","overlay-type":"","overlay-color":"","overlay-opacity":"","overlay-gradient":""}}},"product_brand":[],"product_cat":[53],"product_tag":[337,338,155,154,156,335,334,336,157,158],"class_list":{"0":"post-2994","1":"product","2":"type-product","3":"status-publish","4":"has-post-thumbnail","6":"product_cat-iptv","7":"product_tag-premium-powers","8":"product_tag-serveur-trex-iptv","9":"product_tag-tex","10":"product_tag-tex-iptv","11":"product_tag-trex","12":"product_tag-trex-iptv","13":"product_tag-trex-ott","14":"product_tag-trex-ott-iptv","15":"product_tag-trix","16":"product_tag-trix-iptv","17":"pa_duration-1-month","18":"pa_duration-1-year","19":"pa_duration-3-months","20":"pa_duration-6-months","21":"desktop-align-left","22":"tablet-align-left","23":"mobile-align-left","25":"first","26":"instock","27":"shipping-taxable","28":"purchasable","29":"product-type-variable"},"yoast_head":"<!-- This site is optimized with the Yoast SEO Premium plugin v22.3 (Yoast SEO v27.4) - https:\/\/yoast.com\/product\/yoast-seo-premium-wordpress\/ -->\n<title>TREX IPTV - #1 Best In the USA, the Best Premium IPTV Service<\/title>\n<meta name=\"description\" content=\"We offer you the TREX iptv server, which is the largest server we have discovered so far A server that contains all sports channels for children, exclusive movie programs, series and more\" \/>\n<meta name=\"robots\" content=\"index, follow, max-snippet:-1, max-image-preview:large, max-video-preview:-1\" \/>\n<link rel=\"canonical\" href=\"https:\/\/www.ishtarik.com\/es\/producto\/trex-iptv\/\" \/>\n<meta property=\"og:locale\" content=\"es_ES\" \/>\n<meta property=\"og:type\" content=\"article\" \/>\n<meta property=\"og:title\" content=\"Trex\" \/>\n<meta property=\"og:description\" content=\"We offer you the TREX iptv server, which is the largest server we have discovered so far A server that contains all sports channels for children, exclusive movie programs, series and more\" \/>\n<meta property=\"og:url\" content=\"https:\/\/www.ishtarik.com\/es\/producto\/trex-iptv\/\" \/>\n<meta property=\"og:site_name\" content=\"ishtarik\" \/>\n<meta property=\"article:modified_time\" content=\"2026-04-10T15:38:40+00:00\" \/>\n<meta property=\"og:image\" content=\"https:\/\/www.ishtarik.com\/wp-content\/uploads\/2022\/03\/A10.jpg\" \/>\n\t<meta property=\"og:image:width\" content=\"800\" \/>\n\t<meta property=\"og:image:height\" content=\"800\" \/>\n\t<meta property=\"og:image:type\" content=\"image\/jpeg\" \/>\n<meta name=\"twitter:card\" content=\"summary_large_image\" \/>\n<meta name=\"twitter:label1\" content=\"Tiempo de lectura\" \/>\n\t<meta name=\"twitter:data1\" content=\"2 minutos\" \/>\n<script type=\"application\/ld+json\" class=\"yoast-schema-graph\">{\"@context\":\"https:\\\/\\\/schema.org\",\"@graph\":[{\"@type\":\"WebPage\",\"@id\":\"https:\\\/\\\/www.ishtarik.com\\\/product\\\/trex-iptv\\\/\",\"url\":\"https:\\\/\\\/www.ishtarik.com\\\/product\\\/trex-iptv\\\/\",\"name\":\"TREX IPTV - #1 Best In the USA, the Best Premium IPTV Service\",\"isPartOf\":{\"@id\":\"https:\\\/\\\/www.ishtarik.com\\\/#website\"},\"primaryImageOfPage\":{\"@id\":\"https:\\\/\\\/www.ishtarik.com\\\/product\\\/trex-iptv\\\/#primaryimage\"},\"image\":{\"@id\":\"https:\\\/\\\/www.ishtarik.com\\\/product\\\/trex-iptv\\\/#primaryimage\"},\"thumbnailUrl\":\"https:\\\/\\\/i0.wp.com\\\/www.ishtarik.com\\\/wp-content\\\/uploads\\\/2022\\\/03\\\/A10.jpg?fit=800%2C800&ssl=1\",\"datePublished\":\"2022-03-05T12:29:20+00:00\",\"dateModified\":\"2026-04-10T15:38:40+00:00\",\"description\":\"We offer you the TREX iptv server, which is the largest server we have discovered so far A server that contains all sports channels for children, exclusive movie programs, series and more\",\"breadcrumb\":{\"@id\":\"https:\\\/\\\/www.ishtarik.com\\\/product\\\/trex-iptv\\\/#breadcrumb\"},\"inLanguage\":\"es\",\"potentialAction\":[{\"@type\":\"ReadAction\",\"target\":[\"https:\\\/\\\/www.ishtarik.com\\\/product\\\/trex-iptv\\\/\"]}]},{\"@type\":\"ImageObject\",\"inLanguage\":\"es\",\"@id\":\"https:\\\/\\\/www.ishtarik.com\\\/product\\\/trex-iptv\\\/#primaryimage\",\"url\":\"https:\\\/\\\/i0.wp.com\\\/www.ishtarik.com\\\/wp-content\\\/uploads\\\/2022\\\/03\\\/A10.jpg?fit=800%2C800&ssl=1\",\"contentUrl\":\"https:\\\/\\\/i0.wp.com\\\/www.ishtarik.com\\\/wp-content\\\/uploads\\\/2022\\\/03\\\/A10.jpg?fit=800%2C800&ssl=1\",\"width\":800,\"height\":800},{\"@type\":\"BreadcrumbList\",\"@id\":\"https:\\\/\\\/www.ishtarik.com\\\/product\\\/trex-iptv\\\/#breadcrumb\",\"itemListElement\":[{\"@type\":\"ListItem\",\"position\":1,\"name\":\"Home\",\"item\":\"https:\\\/\\\/www.ishtarik.com\\\/\"},{\"@type\":\"ListItem\",\"position\":2,\"name\":\"Store\",\"item\":\"https:\\\/\\\/www.ishtarik.com\\\/store\\\/\"},{\"@type\":\"ListItem\",\"position\":3,\"name\":\"Trex\"}]},{\"@type\":\"WebSite\",\"@id\":\"https:\\\/\\\/www.ishtarik.com\\\/#website\",\"url\":\"https:\\\/\\\/www.ishtarik.com\\\/\",\"name\":\"ishtarik\",\"description\":\"all subsbs\",\"publisher\":{\"@id\":\"https:\\\/\\\/www.ishtarik.com\\\/#\\\/schema\\\/person\\\/37be2f77278773416cef9ccf566adea1\"},\"potentialAction\":[{\"@type\":\"SearchAction\",\"target\":{\"@type\":\"EntryPoint\",\"urlTemplate\":\"https:\\\/\\\/www.ishtarik.com\\\/?s={search_term_string}\"},\"query-input\":{\"@type\":\"PropertyValueSpecification\",\"valueRequired\":true,\"valueName\":\"search_term_string\"}}],\"inLanguage\":\"es\"},{\"@type\":[\"Person\",\"Organization\"],\"@id\":\"https:\\\/\\\/www.ishtarik.com\\\/#\\\/schema\\\/person\\\/37be2f77278773416cef9ccf566adea1\",\"name\":\"admin\",\"image\":{\"@type\":\"ImageObject\",\"inLanguage\":\"es\",\"@id\":\"https:\\\/\\\/www.ishtarik.com\\\/wp-content\\\/uploads\\\/2022\\\/03\\\/cropped-logo-ichtiraki-1-1.png\",\"url\":\"https:\\\/\\\/www.ishtarik.com\\\/wp-content\\\/uploads\\\/2022\\\/03\\\/cropped-logo-ichtiraki-1-1.png\",\"contentUrl\":\"https:\\\/\\\/www.ishtarik.com\\\/wp-content\\\/uploads\\\/2022\\\/03\\\/cropped-logo-ichtiraki-1-1.png\",\"width\":450,\"height\":100,\"caption\":\"admin\"},\"logo\":{\"@id\":\"https:\\\/\\\/www.ishtarik.com\\\/wp-content\\\/uploads\\\/2022\\\/03\\\/cropped-logo-ichtiraki-1-1.png\"},\"sameAs\":[\"https:\\\/\\\/www.ishtarik.com\"]}]}<\/script>\n<!-- \/ Yoast SEO Premium plugin. -->","yoast_head_json":{"title":"TREX IPTV - #1 Best In the USA, el Mejor Servicio IPTV Premium","description":"Te ofrecemos el servidor iptv TREX, que es el servidor m\u00e1s grande que hemos descubierto hasta ahora Un servidor que contiene todos los canales de deportes para ni\u00f1os, programas exclusivos de cine, series y mucho m\u00e1s","robots":{"index":"index","follow":"follow","max-snippet":"max-snippet:-1","max-image-preview":"max-image-preview:large","max-video-preview":"max-video-preview:-1"},"canonical":"https:\/\/www.ishtarik.com\/es\/producto\/trex-iptv\/","og_locale":"es_ES","og_type":"article","og_title":"Trex","og_description":"We offer you the TREX iptv server, which is the largest server we have discovered so far A server that contains all sports channels for children, exclusive movie programs, series and more","og_url":"https:\/\/www.ishtarik.com\/es\/producto\/trex-iptv\/","og_site_name":"ishtarik","article_modified_time":"2026-04-10T15:38:40+00:00","og_image":[{"width":800,"height":800,"url":"https:\/\/www.ishtarik.com\/wp-content\/uploads\/2022\/03\/A10.jpg","type":"image\/jpeg"}],"twitter_card":"summary_large_image","twitter_misc":{"Tiempo de lectura":"2 minutos"},"schema":{"@context":"https:\/\/schema.org","@graph":[{"@type":"WebPage","@id":"https:\/\/www.ishtarik.com\/product\/trex-iptv\/","url":"https:\/\/www.ishtarik.com\/product\/trex-iptv\/","name":"TREX IPTV - #1 Best In the USA, el Mejor Servicio IPTV Premium","isPartOf":{"@id":"https:\/\/www.ishtarik.com\/#website"},"primaryImageOfPage":{"@id":"https:\/\/www.ishtarik.com\/product\/trex-iptv\/#primaryimage"},"image":{"@id":"https:\/\/www.ishtarik.com\/product\/trex-iptv\/#primaryimage"},"thumbnailUrl":"https:\/\/i0.wp.com\/www.ishtarik.com\/wp-content\/uploads\/2022\/03\/A10.jpg?fit=800%2C800&ssl=1","datePublished":"2022-03-05T12:29:20+00:00","dateModified":"2026-04-10T15:38:40+00:00","description":"Te ofrecemos el servidor iptv TREX, que es el servidor m\u00e1s grande que hemos descubierto hasta ahora Un servidor que contiene todos los canales de deportes para ni\u00f1os, programas exclusivos de cine, series y mucho m\u00e1s","breadcrumb":{"@id":"https:\/\/www.ishtarik.com\/product\/trex-iptv\/#breadcrumb"},"inLanguage":"es","potentialAction":[{"@type":"ReadAction","target":["https:\/\/www.ishtarik.com\/product\/trex-iptv\/"]}]},{"@type":"ImageObject","inLanguage":"es","@id":"https:\/\/www.ishtarik.com\/product\/trex-iptv\/#primaryimage","url":"https:\/\/i0.wp.com\/www.ishtarik.com\/wp-content\/uploads\/2022\/03\/A10.jpg?fit=800%2C800&ssl=1","contentUrl":"https:\/\/i0.wp.com\/www.ishtarik.com\/wp-content\/uploads\/2022\/03\/A10.jpg?fit=800%2C800&ssl=1","width":800,"height":800},{"@type":"BreadcrumbList","@id":"https:\/\/www.ishtarik.com\/product\/trex-iptv\/#breadcrumb","itemListElement":[{"@type":"ListItem","position":1,"name":"Home","item":"https:\/\/www.ishtarik.com\/"},{"@type":"ListItem","position":2,"name":"Store","item":"https:\/\/www.ishtarik.com\/store\/"},{"@type":"ListItem","position":3,"name":"Trex"}]},{"@type":"WebSite","@id":"https:\/\/www.ishtarik.com\/#website","url":"https:\/\/www.ishtarik.com\/","name":"ishtarik","description":"todos los subsbs","publisher":{"@id":"https:\/\/www.ishtarik.com\/#\/schema\/person\/37be2f77278773416cef9ccf566adea1"},"potentialAction":[{"@type":"SearchAction","target":{"@type":"EntryPoint","urlTemplate":"https:\/\/www.ishtarik.com\/?s={search_term_string}"},"query-input":{"@type":"PropertyValueSpecification","valueRequired":true,"valueName":"search_term_string"}}],"inLanguage":"es"},{"@type":["Person","Organization"],"@id":"https:\/\/www.ishtarik.com\/#\/schema\/person\/37be2f77278773416cef9ccf566adea1","name":"admin","image":{"@type":"ImageObject","inLanguage":"es","@id":"https:\/\/www.ishtarik.com\/wp-content\/uploads\/2022\/03\/cropped-logo-ichtiraki-1-1.png","url":"https:\/\/www.ishtarik.com\/wp-content\/uploads\/2022\/03\/cropped-logo-ichtiraki-1-1.png","contentUrl":"https:\/\/www.ishtarik.com\/wp-content\/uploads\/2022\/03\/cropped-logo-ichtiraki-1-1.png","width":450,"height":100,"caption":"admin"},"logo":{"@id":"https:\/\/www.ishtarik.com\/wp-content\/uploads\/2022\/03\/cropped-logo-ichtiraki-1-1.png"},"sameAs":["https:\/\/www.ishtarik.com"]}]}},"uagb_featured_image_src":{"full":["https:\/\/i0.wp.com\/www.ishtarik.com\/wp-content\/uploads\/2022\/03\/A10.jpg?fit=800%2C800&ssl=1",800,800,false],"thumbnail":["https:\/\/i0.wp.com\/www.ishtarik.com\/wp-content\/uploads\/2022\/03\/A10.jpg?resize=150%2C150&ssl=1",150,150,true],"medium":["https:\/\/i0.wp.com\/www.ishtarik.com\/wp-content\/uploads\/2022\/03\/A10.jpg?fit=300%2C300&ssl=1",300,300,true],"medium_large":["https:\/\/i0.wp.com\/www.ishtarik.com\/wp-content\/uploads\/2022\/03\/A10.jpg?fit=768%2C768&ssl=1",768,768,true],"large":["https:\/\/i0.wp.com\/www.ishtarik.com\/wp-content\/uploads\/2022\/03\/A10.jpg?fit=800%2C800&ssl=1",800,800,true],"1536x1536":["https:\/\/i0.wp.com\/www.ishtarik.com\/wp-content\/uploads\/2022\/03\/A10.jpg?fit=800%2C800&ssl=1",800,800,true],"2048x2048":["https:\/\/i0.wp.com\/www.ishtarik.com\/wp-content\/uploads\/2022\/03\/A10.jpg?fit=800%2C800&ssl=1",800,800,true],"trp-custom-language-flag":["https:\/\/i0.wp.com\/www.ishtarik.com\/wp-content\/uploads\/2022\/03\/A10.jpg?fit=12%2C12&ssl=1",12,12,true],"mailpoet_newsletter_max":["https:\/\/i0.wp.com\/www.ishtarik.com\/wp-content\/uploads\/2022\/03\/A10.jpg?fit=800%2C800&ssl=1",800,800,true],"woocommerce_thumbnail":["https:\/\/i0.wp.com\/www.ishtarik.com\/wp-content\/uploads\/2022\/03\/A10.jpg?resize=300%2C300&ssl=1",300,300,true],"woocommerce_single":["https:\/\/i0.wp.com\/www.ishtarik.com\/wp-content\/uploads\/2022\/03\/A10.jpg?fit=600%2C600&ssl=1",600,600,true],"woocommerce_gallery_thumbnail":["https:\/\/i0.wp.com\/www.ishtarik.com\/wp-content\/uploads\/2022\/03\/A10.jpg?resize=100%2C100&ssl=1",100,100,true]},"uagb_author_info":{"display_name":"admin","author_link":"https:\/\/www.ishtarik.com\/es\/author\/"},"uagb_comment_info":17,"uagb_excerpt":"Direct channels on it more than 19,900 Movies with more than 90,000 Series on it more than 15,800 Stability: 95% channels are 90% in FHD quality Support all device : fire stick , smart Samsung , smart LG , MAC , IOS , android , windows .. Note: The server does not have a trial&hellip;","jetpack_sharing_enabled":true,"_links":{"self":[{"href":"https:\/\/www.ishtarik.com\/es\/wp-json\/wp\/v2\/product\/2994","targetHints":{"allow":["GET"]}}],"collection":[{"href":"https:\/\/www.ishtarik.com\/es\/wp-json\/wp\/v2\/product"}],"about":[{"href":"https:\/\/www.ishtarik.com\/es\/wp-json\/wp\/v2\/types\/product"}],"replies":[{"embeddable":true,"href":"https:\/\/www.ishtarik.com\/es\/wp-json\/wp\/v2\/comments?post=2994"}],"version-history":[{"count":0,"href":"https:\/\/www.ishtarik.com\/es\/wp-json\/wp\/v2\/product\/2994\/revisions"}],"wp:featuredmedia":[{"embeddable":true,"href":"https:\/\/www.ishtarik.com\/es\/wp-json\/wp\/v2\/media\/2995"}],"wp:attachment":[{"href":"https:\/\/www.ishtarik.com\/es\/wp-json\/wp\/v2\/media?parent=2994"}],"wp:term":[{"taxonomy":"product_brand","embeddable":true,"href":"https:\/\/www.ishtarik.com\/es\/wp-json\/wp\/v2\/product_brand?post=2994"},{"taxonomy":"product_cat","embeddable":true,"href":"https:\/\/www.ishtarik.com\/es\/wp-json\/wp\/v2\/product_cat?post=2994"},{"taxonomy":"product_tag","embeddable":true,"href":"https:\/\/www.ishtarik.com\/es\/wp-json\/wp\/v2\/product_tag?post=2994"}],"curies":[{"name":"wp","href":"https:\/\/api.w.org\/{rel}","templated":true}]}}