{"id":4449,"date":"2023-03-28T17:37:28","date_gmt":"2023-03-28T17:37:28","guid":{"rendered":"https:\/\/www.ishtarik.com\/?page_id=4449"},"modified":"2024-02-21T22:34:50","modified_gmt":"2024-02-21T22:34:50","slug":"refund-policy","status":"publish","type":"page","link":"https:\/\/www.ishtarik.com\/fr\/politique-de-remboursement\/","title":{"rendered":"Politique de remboursement"},"content":{"rendered":"<body>\t\t<div data-elementor-type=\"wp-page\" data-elementor-id=\"4449\" class=\"elementor elementor-4449\" data-elementor-post-type=\"page\">\n\t\t\t\t<div class=\"elementor-element elementor-element-2da24d9a e-flex e-con-boxed e-con e-parent\" data-id=\"2da24d9a\" data-element_type=\"container\" data-e-type=\"container\" data-settings='{\"background_background\":\"classic\"}'>\n\t\t\t\t\t<div class=\"e-con-inner\">\n\t\t\t\t\t<\/div>\n\t\t\t\t<\/div>\n\t\t<div class=\"elementor-element elementor-element-63549b5 e-flex e-con-boxed e-con e-parent\" data-id=\"63549b5\" data-element_type=\"container\" data-e-type=\"container\" data-settings='{\"background_background\":\"classic\"}'>\n\t\t\t\t\t<div class=\"e-con-inner\">\n\t\t\t\t<div class=\"elementor-element elementor-element-7da12b3f elementor-widget elementor-widget-heading\" data-id=\"7da12b3f\" data-element_type=\"widget\" data-e-type=\"widget\" data-widget_type=\"heading.default\">\n\t\t\t\t<div class=\"elementor-widget-container\">\n\t\t\t\t\t<h2 class=\"elementor-heading-title elementor-size-default\">Politique de remboursement et de retour<\/h2>\t\t\t\t<\/div>\n\t\t\t\t<\/div>\n\t\t\t\t<div class=\"elementor-element elementor-element-7538e16b elementor-widget elementor-widget-text-editor\" data-id=\"7538e16b\" data-element_type=\"widget\" data-e-type=\"widget\" data-widget_type=\"text-editor.default\">\n\t\t\t\t<div class=\"elementor-widget-container\">\n\t\t\t\t\t\t\t\t\t<p>Merci d'avoir choisi ishtarik.com. Nous nous effor\u00e7ons de fournir des services IPTV de haute qualit\u00e9 et d'autres services \u00e0 nos utilisateurs. Veuillez lire attentivement notre politique de remboursement et de retour.<\/p>\n<p><strong>1. Politique de remboursement :<\/strong><\/p>\n<ul>\n<li>\n<p><strong>Remboursement des abonnements :<\/strong> Nous offrons une garantie de remboursement de 7 jours pour nos services d'abonnement. Si vous n'\u00eates pas satisfait de notre service dans les 7 jours suivant votre abonnement initial, vous pouvez demander un remboursement ou vous pouvez changer de serveur si vous achetez TREX IPTV et que vous n'\u00eates pas satisfait, vous changez pour GOLD 4K ou un autre service. Les remboursements demand\u00e9s apr\u00e8s la p\u00e9riode sp\u00e9cifi\u00e9e ne seront pas trait\u00e9s.<\/p>\n<\/li>\n<\/ul>\n<p><strong>2. Droit au remboursement :<\/strong><\/p>\n<ul>\n<li>Pour b\u00e9n\u00e9ficier d'un remboursement, vous devez fournir une preuve d'achat.<\/li>\n<li>Les remboursements ne seront effectu\u00e9s que sur la m\u00e9thode de paiement originale utilis\u00e9e pour l'achat.<\/li>\n<li>Les remboursements ne sont pas applicables aux services ou produits qui ont \u00e9t\u00e9 utilis\u00e9s, endommag\u00e9s ou modifi\u00e9s apr\u00e8s la livraison.<\/li>\n<\/ul>\n<p><strong>3. Annulation de l'abonnement :<\/strong><\/p>\n<ul>\n<li>Les utilisateurs peuvent r\u00e9silier leur abonnement \u00e0 tout moment, et la r\u00e9siliation sera effective \u00e0 la fin du cycle de facturation en cours.<\/li>\n<li>Les annulations ne donnent pas droit \u00e0 un remboursement au prorata de la partie non utilis\u00e9e de l'abonnement.<\/li>\n<\/ul>\n<p><strong>4. Traitement des remboursements :<\/strong><\/p>\n<ul>\n<li>Les remboursements seront effectu\u00e9s dans les 7 jours ouvrables suivant la r\u00e9ception des articles retourn\u00e9s ou la confirmation de l'\u00e9ligibilit\u00e9 au remboursement de l'abonnement.<\/li>\n<li>Le d\u00e9lai de remboursement sur votre compte peut varier en fonction de votre m\u00e9thode de paiement et de votre institution financi\u00e8re.<\/li>\n<\/ul>\n<p><strong>5. Modifications de la politique de remboursement :<\/strong><\/p>\n<ul>\n<li>ishtarik.com se r\u00e9serve le droit de mettre \u00e0 jour, de modifier ou de remplacer toute partie de la politique de remboursement et de retour \u00e0 sa discr\u00e9tion. Les modifications seront effectives d\u00e8s leur publication sur le Site.<\/li>\n<\/ul>\n<p><strong>Informations de contact :<\/strong><\/p>\n<ul>\n<li>Pour toute question concernant notre politique de remboursement et de retour.<\/li>\n<\/ul>\t\t\t\t\t\t\t\t<\/div>\n\t\t\t\t<\/div>\n\t\t\t\t\t<\/div>\n\t\t\t\t<\/div>\n\t\t\t\t<\/div>\n\t\t<\/body>","protected":false},"excerpt":{"rendered":"<p>Refund and Returns Policy Thank you for choosing ishtarik.com. We strive to provide high-quality IPTV services and anothers services to our users. Please review our Refund and Returns Policy carefully. 1. Refund Policy: Subscription Refunds: We offer a 7 day money-back guarantee for our subscription services. If you are not satisfied with our service within [&hellip;]<\/p>\n","protected":false},"author":3,"featured_media":0,"parent":0,"menu_order":0,"comment_status":"closed","ping_status":"closed","template":"","meta":{"_uag_custom_page_level_css":"","site-sidebar-layout":"no-sidebar","site-content-layout":"page-builder","ast-site-content-layout":"full-width-container","site-content-style":"unboxed","site-sidebar-style":"unboxed","ast-global-header-display":"","ast-banner-title-visibility":"","ast-main-header-display":"","ast-hfb-above-header-display":"","ast-hfb-below-header-display":"","ast-hfb-mobile-header-display":"","site-post-title":"disabled","ast-breadcrumbs-content":"","ast-featured-img":"disabled","footer-sml-layout":"","ast-disable-related-posts":"","theme-transparent-header-meta":"","adv-header-id-meta":"","stick-header-meta":"","header-above-stick-meta":"","header-main-stick-meta":"","header-below-stick-meta":"","astra-migrate-meta-layouts":"set","ast-page-background-enabled":"default","ast-page-background-meta":{"desktop":{"background-color":"","background-image":"","background-repeat":"repeat","background-position":"center center","background-size":"auto","background-attachment":"scroll","background-type":"","background-media":"","overlay-type":"","overlay-color":"","overlay-opacity":"","overlay-gradient":""},"tablet":{"background-color":"","background-image":"","background-repeat":"repeat","background-position":"center center","background-size":"auto","background-attachment":"scroll","background-type":"","background-media":"","overlay-type":"","overlay-color":"","overlay-opacity":"","overlay-gradient":""},"mobile":{"background-color":"","background-image":"","background-repeat":"repeat","background-position":"center center","background-size":"auto","background-attachment":"scroll","background-type":"","background-media":"","overlay-type":"","overlay-color":"","overlay-opacity":"","overlay-gradient":""}},"ast-content-background-meta":{"desktop":{"background-color":"var(--ast-global-color-5)","background-image":"","background-repeat":"repeat","background-position":"center center","background-size":"auto","background-attachment":"scroll","background-type":"","background-media":"","overlay-type":"","overlay-color":"","overlay-opacity":"","overlay-gradient":""},"tablet":{"background-color":"var(--ast-global-color-5)","background-image":"","background-repeat":"repeat","background-position":"center center","background-size":"auto","background-attachment":"scroll","background-type":"","background-media":"","overlay-type":"","overlay-color":"","overlay-opacity":"","overlay-gradient":""},"mobile":{"background-color":"var(--ast-global-color-5)","background-image":"","background-repeat":"repeat","background-position":"center center","background-size":"auto","background-attachment":"scroll","background-type":"","background-media":"","overlay-type":"","overlay-color":"","overlay-opacity":"","overlay-gradient":""}},"footnotes":""},"class_list":["post-4449","page","type-page","status-publish","hentry"],"yoast_head":"<!-- This site is optimized with the Yoast SEO Premium plugin v22.3 (Yoast SEO v27.4) - https:\/\/yoast.com\/product\/yoast-seo-premium-wordpress\/ -->\n<title>Refund Policy - ishtarik<\/title>\n<meta name=\"description\" content=\"Subscription Refunds: We offer a 7-day money-back guarantee for our subscription services. If you are unsatisfied with our service within seven days of your initial subscription\" \/>\n<meta name=\"robots\" content=\"index, follow, max-snippet:-1, max-image-preview:large, max-video-preview:-1\" \/>\n<link rel=\"canonical\" href=\"https:\/\/www.ishtarik.com\/fr\/politique-de-remboursement\/\" \/>\n<meta property=\"og:locale\" content=\"fr_FR\" \/>\n<meta property=\"og:type\" content=\"article\" \/>\n<meta property=\"og:title\" content=\"Refund Policy\" \/>\n<meta property=\"og:description\" content=\"Subscription Refunds: We offer a 7-day money-back guarantee for our subscription services. If you are unsatisfied with our service within seven days of your initial subscription\" \/>\n<meta property=\"og:url\" content=\"https:\/\/www.ishtarik.com\/fr\/politique-de-remboursement\/\" \/>\n<meta property=\"og:site_name\" content=\"ishtarik\" \/>\n<meta property=\"article:modified_time\" content=\"2024-02-21T22:34:50+00:00\" \/>\n<meta name=\"twitter:card\" content=\"summary_large_image\" \/>\n<meta name=\"twitter:label1\" content=\"Dur\u00e9e de lecture estim\u00e9e\" \/>\n\t<meta name=\"twitter:data1\" content=\"2 minutes\" \/>\n<script type=\"application\/ld+json\" class=\"yoast-schema-graph\">{\"@context\":\"https:\\\/\\\/schema.org\",\"@graph\":[{\"@type\":\"WebPage\",\"@id\":\"https:\\\/\\\/www.ishtarik.com\\\/refund-policy\\\/\",\"url\":\"https:\\\/\\\/www.ishtarik.com\\\/refund-policy\\\/\",\"name\":\"Refund Policy - ishtarik\",\"isPartOf\":{\"@id\":\"https:\\\/\\\/www.ishtarik.com\\\/#website\"},\"datePublished\":\"2023-03-28T17:37:28+00:00\",\"dateModified\":\"2024-02-21T22:34:50+00:00\",\"description\":\"Subscription Refunds: We offer a 7-day money-back guarantee for our subscription services. If you are unsatisfied with our service within seven days of your initial subscription\",\"breadcrumb\":{\"@id\":\"https:\\\/\\\/www.ishtarik.com\\\/refund-policy\\\/#breadcrumb\"},\"inLanguage\":\"fr-FR\",\"potentialAction\":[{\"@type\":\"ReadAction\",\"target\":[\"https:\\\/\\\/www.ishtarik.com\\\/refund-policy\\\/\"]}]},{\"@type\":\"BreadcrumbList\",\"@id\":\"https:\\\/\\\/www.ishtarik.com\\\/refund-policy\\\/#breadcrumb\",\"itemListElement\":[{\"@type\":\"ListItem\",\"position\":1,\"name\":\"Home\",\"item\":\"https:\\\/\\\/www.ishtarik.com\\\/\"},{\"@type\":\"ListItem\",\"position\":2,\"name\":\"Refund Policy\"}]},{\"@type\":\"WebSite\",\"@id\":\"https:\\\/\\\/www.ishtarik.com\\\/#website\",\"url\":\"https:\\\/\\\/www.ishtarik.com\\\/\",\"name\":\"ishtarik\",\"description\":\"all subsbs\",\"publisher\":{\"@id\":\"https:\\\/\\\/www.ishtarik.com\\\/#\\\/schema\\\/person\\\/37be2f77278773416cef9ccf566adea1\"},\"potentialAction\":[{\"@type\":\"SearchAction\",\"target\":{\"@type\":\"EntryPoint\",\"urlTemplate\":\"https:\\\/\\\/www.ishtarik.com\\\/?s={search_term_string}\"},\"query-input\":{\"@type\":\"PropertyValueSpecification\",\"valueRequired\":true,\"valueName\":\"search_term_string\"}}],\"inLanguage\":\"fr-FR\"},{\"@type\":[\"Person\",\"Organization\"],\"@id\":\"https:\\\/\\\/www.ishtarik.com\\\/#\\\/schema\\\/person\\\/37be2f77278773416cef9ccf566adea1\",\"name\":\"admin\",\"image\":{\"@type\":\"ImageObject\",\"inLanguage\":\"fr-FR\",\"@id\":\"https:\\\/\\\/www.ishtarik.com\\\/wp-content\\\/uploads\\\/2022\\\/03\\\/cropped-logo-ichtiraki-1-1.png\",\"url\":\"https:\\\/\\\/www.ishtarik.com\\\/wp-content\\\/uploads\\\/2022\\\/03\\\/cropped-logo-ichtiraki-1-1.png\",\"contentUrl\":\"https:\\\/\\\/www.ishtarik.com\\\/wp-content\\\/uploads\\\/2022\\\/03\\\/cropped-logo-ichtiraki-1-1.png\",\"width\":450,\"height\":100,\"caption\":\"admin\"},\"logo\":{\"@id\":\"https:\\\/\\\/www.ishtarik.com\\\/wp-content\\\/uploads\\\/2022\\\/03\\\/cropped-logo-ichtiraki-1-1.png\"},\"sameAs\":[\"https:\\\/\\\/www.ishtarik.com\"]}]}<\/script>\n<!-- \/ Yoast SEO Premium plugin. -->","yoast_head_json":{"title":"Politique de remboursement - ishtarik","description":"Remboursement des abonnements : Nous offrons une garantie de remboursement de 7 jours pour nos services d'abonnement. Si vous n'\u00eates pas satisfait de notre service dans les sept jours suivant votre abonnement initial","robots":{"index":"index","follow":"follow","max-snippet":"max-snippet:-1","max-image-preview":"max-image-preview:large","max-video-preview":"max-video-preview:-1"},"canonical":"https:\/\/www.ishtarik.com\/fr\/politique-de-remboursement\/","og_locale":"fr_FR","og_type":"article","og_title":"Refund Policy","og_description":"Subscription Refunds: We offer a 7-day money-back guarantee for our subscription services. If you are unsatisfied with our service within seven days of your initial subscription","og_url":"https:\/\/www.ishtarik.com\/fr\/politique-de-remboursement\/","og_site_name":"ishtarik","article_modified_time":"2024-02-21T22:34:50+00:00","twitter_card":"summary_large_image","twitter_misc":{"Dur\u00e9e de lecture estim\u00e9e":"2 minutes"},"schema":{"@context":"https:\/\/schema.org","@graph":[{"@type":"WebPage","@id":"https:\/\/www.ishtarik.com\/refund-policy\/","url":"https:\/\/www.ishtarik.com\/refund-policy\/","name":"Politique de remboursement - ishtarik","isPartOf":{"@id":"https:\/\/www.ishtarik.com\/#website"},"datePublished":"2023-03-28T17:37:28+00:00","dateModified":"2024-02-21T22:34:50+00:00","description":"Remboursement des abonnements : Nous offrons une garantie de remboursement de 7 jours pour nos services d'abonnement. Si vous n'\u00eates pas satisfait de notre service dans les sept jours suivant votre abonnement initial","breadcrumb":{"@id":"https:\/\/www.ishtarik.com\/refund-policy\/#breadcrumb"},"inLanguage":"fr-FR","potentialAction":[{"@type":"ReadAction","target":["https:\/\/www.ishtarik.com\/refund-policy\/"]}]},{"@type":"BreadcrumbList","@id":"https:\/\/www.ishtarik.com\/refund-policy\/#breadcrumb","itemListElement":[{"@type":"ListItem","position":1,"name":"Home","item":"https:\/\/www.ishtarik.com\/"},{"@type":"ListItem","position":2,"name":"Refund Policy"}]},{"@type":"WebSite","@id":"https:\/\/www.ishtarik.com\/#website","url":"https:\/\/www.ishtarik.com\/","name":"ishtarik","description":"tous les sous-secteurs","publisher":{"@id":"https:\/\/www.ishtarik.com\/#\/schema\/person\/37be2f77278773416cef9ccf566adea1"},"potentialAction":[{"@type":"SearchAction","target":{"@type":"EntryPoint","urlTemplate":"https:\/\/www.ishtarik.com\/?s={search_term_string}"},"query-input":{"@type":"PropertyValueSpecification","valueRequired":true,"valueName":"search_term_string"}}],"inLanguage":"fr-FR"},{"@type":["Person","Organization"],"@id":"https:\/\/www.ishtarik.com\/#\/schema\/person\/37be2f77278773416cef9ccf566adea1","name":"l'administration","image":{"@type":"ImageObject","inLanguage":"fr-FR","@id":"https:\/\/www.ishtarik.com\/wp-content\/uploads\/2022\/03\/cropped-logo-ichtiraki-1-1.png","url":"https:\/\/www.ishtarik.com\/wp-content\/uploads\/2022\/03\/cropped-logo-ichtiraki-1-1.png","contentUrl":"https:\/\/www.ishtarik.com\/wp-content\/uploads\/2022\/03\/cropped-logo-ichtiraki-1-1.png","width":450,"height":100,"caption":"admin"},"logo":{"@id":"https:\/\/www.ishtarik.com\/wp-content\/uploads\/2022\/03\/cropped-logo-ichtiraki-1-1.png"},"sameAs":["https:\/\/www.ishtarik.com"]}]}},"uagb_featured_image_src":{"full":false,"thumbnail":false,"medium":false,"medium_large":false,"large":false,"1536x1536":false,"2048x2048":false,"trp-custom-language-flag":false,"mailpoet_newsletter_max":false,"woocommerce_thumbnail":false,"woocommerce_single":false,"woocommerce_gallery_thumbnail":false},"uagb_author_info":{"display_name":"admin","author_link":"https:\/\/www.ishtarik.com\/fr\/author\/admin-2\/"},"uagb_comment_info":0,"uagb_excerpt":"Refund and Returns Policy Thank you for choosing ishtarik.com. We strive to provide high-quality IPTV services and anothers services to our users. Please review our Refund and Returns Policy carefully. 1. Refund Policy: Subscription Refunds: We offer a 7 day money-back guarantee for our subscription services. If you are not satisfied with our service within\u2026","jetpack_sharing_enabled":true,"_links":{"self":[{"href":"https:\/\/www.ishtarik.com\/fr\/wp-json\/wp\/v2\/pages\/4449","targetHints":{"allow":["GET"]}}],"collection":[{"href":"https:\/\/www.ishtarik.com\/fr\/wp-json\/wp\/v2\/pages"}],"about":[{"href":"https:\/\/www.ishtarik.com\/fr\/wp-json\/wp\/v2\/types\/page"}],"author":[{"embeddable":true,"href":"https:\/\/www.ishtarik.com\/fr\/wp-json\/wp\/v2\/users\/3"}],"replies":[{"embeddable":true,"href":"https:\/\/www.ishtarik.com\/fr\/wp-json\/wp\/v2\/comments?post=4449"}],"version-history":[{"count":0,"href":"https:\/\/www.ishtarik.com\/fr\/wp-json\/wp\/v2\/pages\/4449\/revisions"}],"wp:attachment":[{"href":"https:\/\/www.ishtarik.com\/fr\/wp-json\/wp\/v2\/media?parent=4449"}],"curies":[{"name":"wp","href":"https:\/\/api.w.org\/{rel}","templated":true}]}}