{"id":3691,"date":"2022-04-29T02:05:05","date_gmt":"2022-04-29T02:05:05","guid":{"rendered":"https:\/\/www.ishtarik.com\/?post_type=product&#038;p=3691"},"modified":"2024-03-19T18:27:38","modified_gmt":"2024-03-19T18:27:38","slug":"dezeer","status":"publish","type":"product","link":"https:\/\/www.ishtarik.com\/fr\/produit\/dezeer\/","title":{"rendered":"dezeer"},"content":{"rendered":"<body><p>Deezer est une application de streaming musical qui vous donne acc\u00e8s \u00e0 plus de 90 millions de titres dans le monde entier et \u00e0 d'autres contenus audio tels que des podcasts. \u00c9coutez les chansons et les podcasts que vous aimez et d\u00e9couvrez vos nouveaux favoris gr\u00e2ce au lecteur de musique.<\/p>\n<\/body>","protected":false},"excerpt":{"rendered":"<p>Le compte est partag\u00e9 entre deux personnes seulement. Apr\u00e8s l'achat, vous devez respecter les conditions suivantes :<br \/>\n1- Ne modifiez rien dans les param\u00e8tres de votre compte<br \/>\n2- Ne pas changer de mot de passe<\/p>","protected":false},"featured_media":3692,"comment_status":"open","ping_status":"closed","template":"","meta":{"_uag_custom_page_level_css":"","site-sidebar-layout":"default","site-content-layout":"default","ast-site-content-layout":"default","site-content-style":"default","site-sidebar-style":"default","ast-global-header-display":"","ast-banner-title-visibility":"","ast-main-header-display":"","ast-hfb-above-header-display":"","ast-hfb-below-header-display":"","ast-hfb-mobile-header-display":"","site-post-title":"","ast-breadcrumbs-content":"","ast-featured-img":"","footer-sml-layout":"","ast-disable-related-posts":"","theme-transparent-header-meta":"default","adv-header-id-meta":"","stick-header-meta":"","header-above-stick-meta":"","header-main-stick-meta":"","header-below-stick-meta":"","astra-migrate-meta-layouts":"set","ast-page-background-enabled":"default","ast-page-background-meta":{"desktop":{"background-color":"","background-image":"","background-repeat":"repeat","background-position":"center center","background-size":"auto","background-attachment":"scroll","background-type":"","background-media":"","overlay-type":"","overlay-color":"","overlay-opacity":"","overlay-gradient":""},"tablet":{"background-color":"","background-image":"","background-repeat":"repeat","background-position":"center center","background-size":"auto","background-attachment":"scroll","background-type":"","background-media":"","overlay-type":"","overlay-color":"","overlay-opacity":"","overlay-gradient":""},"mobile":{"background-color":"","background-image":"","background-repeat":"repeat","background-position":"center center","background-size":"auto","background-attachment":"scroll","background-type":"","background-media":"","overlay-type":"","overlay-color":"","overlay-opacity":"","overlay-gradient":""}},"ast-content-background-meta":{"desktop":{"background-color":"var(--ast-global-color-5)","background-image":"","background-repeat":"repeat","background-position":"center center","background-size":"auto","background-attachment":"scroll","background-type":"","background-media":"","overlay-type":"","overlay-color":"","overlay-opacity":"","overlay-gradient":""},"tablet":{"background-color":"var(--ast-global-color-5)","background-image":"","background-repeat":"repeat","background-position":"center center","background-size":"auto","background-attachment":"scroll","background-type":"","background-media":"","overlay-type":"","overlay-color":"","overlay-opacity":"","overlay-gradient":""},"mobile":{"background-color":"var(--ast-global-color-5)","background-image":"","background-repeat":"repeat","background-position":"center center","background-size":"auto","background-attachment":"scroll","background-type":"","background-media":"","overlay-type":"","overlay-color":"","overlay-opacity":"","overlay-gradient":""}}},"product_brand":[],"product_cat":[71],"product_tag":[],"class_list":{"0":"post-3691","1":"product","2":"type-product","3":"status-publish","4":"has-post-thumbnail","6":"product_cat-music","7":"pa_duration-1-month","8":"pa_duration-1-year","9":"pa_duration-3-months","10":"pa_duration-6-months","11":"desktop-align-left","12":"tablet-align-left","13":"mobile-align-left","15":"first","16":"instock","17":"shipping-taxable","18":"purchasable","19":"product-type-variable"},"yoast_head":"<!-- This site is optimized with the Yoast SEO Premium plugin v22.3 (Yoast SEO v27.4) - https:\/\/yoast.com\/product\/yoast-seo-premium-wordpress\/ -->\n<title>dezeer 40$\/year<\/title>\n<meta name=\"description\" content=\"Deezer is a French digital distribution platform dedicated to streaming music in the form of a website and mobile applications, launched in August 2007.\" \/>\n<meta name=\"robots\" content=\"index, follow, max-snippet:-1, max-image-preview:large, max-video-preview:-1\" \/>\n<link rel=\"canonical\" href=\"https:\/\/www.ishtarik.com\/fr\/produit\/dezeer\/\" \/>\n<meta property=\"og:locale\" content=\"fr_FR\" \/>\n<meta property=\"og:type\" content=\"article\" \/>\n<meta property=\"og:title\" content=\"dezeer\" \/>\n<meta property=\"og:description\" content=\"Deezer is a French digital distribution platform dedicated to streaming music in the form of a website and mobile applications, launched in August 2007.\" \/>\n<meta property=\"og:url\" content=\"https:\/\/www.ishtarik.com\/fr\/produit\/dezeer\/\" \/>\n<meta property=\"og:site_name\" content=\"ishtarik\" \/>\n<meta property=\"article:modified_time\" content=\"2024-03-19T18:27:38+00:00\" \/>\n<meta property=\"og:image\" content=\"https:\/\/www.ishtarik.com\/wp-content\/uploads\/2022\/04\/A25.jpg\" \/>\n\t<meta property=\"og:image:width\" content=\"800\" \/>\n\t<meta property=\"og:image:height\" content=\"800\" \/>\n\t<meta property=\"og:image:type\" content=\"image\/jpeg\" \/>\n<meta name=\"twitter:card\" content=\"summary_large_image\" \/>\n<meta name=\"twitter:label1\" content=\"Dur\u00e9e de lecture estim\u00e9e\" \/>\n\t<meta name=\"twitter:data1\" content=\"1 minute\" \/>\n<script type=\"application\/ld+json\" class=\"yoast-schema-graph\">{\"@context\":\"https:\\\/\\\/schema.org\",\"@graph\":[{\"@type\":\"WebPage\",\"@id\":\"https:\\\/\\\/www.ishtarik.com\\\/product\\\/dezeer\\\/\",\"url\":\"https:\\\/\\\/www.ishtarik.com\\\/product\\\/dezeer\\\/\",\"name\":\"dezeer 40$\\\/year\",\"isPartOf\":{\"@id\":\"https:\\\/\\\/www.ishtarik.com\\\/#website\"},\"primaryImageOfPage\":{\"@id\":\"https:\\\/\\\/www.ishtarik.com\\\/product\\\/dezeer\\\/#primaryimage\"},\"image\":{\"@id\":\"https:\\\/\\\/www.ishtarik.com\\\/product\\\/dezeer\\\/#primaryimage\"},\"thumbnailUrl\":\"https:\\\/\\\/i0.wp.com\\\/www.ishtarik.com\\\/wp-content\\\/uploads\\\/2022\\\/04\\\/A25.jpg?fit=800%2C800&ssl=1\",\"datePublished\":\"2022-04-29T02:05:05+00:00\",\"dateModified\":\"2024-03-19T18:27:38+00:00\",\"description\":\"Deezer is a French digital distribution platform dedicated to streaming music in the form of a website and mobile applications, launched in August 2007.\",\"breadcrumb\":{\"@id\":\"https:\\\/\\\/www.ishtarik.com\\\/product\\\/dezeer\\\/#breadcrumb\"},\"inLanguage\":\"fr-FR\",\"potentialAction\":[{\"@type\":\"ReadAction\",\"target\":[\"https:\\\/\\\/www.ishtarik.com\\\/product\\\/dezeer\\\/\"]}]},{\"@type\":\"ImageObject\",\"inLanguage\":\"fr-FR\",\"@id\":\"https:\\\/\\\/www.ishtarik.com\\\/product\\\/dezeer\\\/#primaryimage\",\"url\":\"https:\\\/\\\/i0.wp.com\\\/www.ishtarik.com\\\/wp-content\\\/uploads\\\/2022\\\/04\\\/A25.jpg?fit=800%2C800&ssl=1\",\"contentUrl\":\"https:\\\/\\\/i0.wp.com\\\/www.ishtarik.com\\\/wp-content\\\/uploads\\\/2022\\\/04\\\/A25.jpg?fit=800%2C800&ssl=1\",\"width\":800,\"height\":800},{\"@type\":\"BreadcrumbList\",\"@id\":\"https:\\\/\\\/www.ishtarik.com\\\/product\\\/dezeer\\\/#breadcrumb\",\"itemListElement\":[{\"@type\":\"ListItem\",\"position\":1,\"name\":\"Home\",\"item\":\"https:\\\/\\\/www.ishtarik.com\\\/\"},{\"@type\":\"ListItem\",\"position\":2,\"name\":\"Store\",\"item\":\"https:\\\/\\\/www.ishtarik.com\\\/store\\\/\"},{\"@type\":\"ListItem\",\"position\":3,\"name\":\"dezeer\"}]},{\"@type\":\"WebSite\",\"@id\":\"https:\\\/\\\/www.ishtarik.com\\\/#website\",\"url\":\"https:\\\/\\\/www.ishtarik.com\\\/\",\"name\":\"ishtarik\",\"description\":\"all subsbs\",\"publisher\":{\"@id\":\"https:\\\/\\\/www.ishtarik.com\\\/#\\\/schema\\\/person\\\/37be2f77278773416cef9ccf566adea1\"},\"potentialAction\":[{\"@type\":\"SearchAction\",\"target\":{\"@type\":\"EntryPoint\",\"urlTemplate\":\"https:\\\/\\\/www.ishtarik.com\\\/?s={search_term_string}\"},\"query-input\":{\"@type\":\"PropertyValueSpecification\",\"valueRequired\":true,\"valueName\":\"search_term_string\"}}],\"inLanguage\":\"fr-FR\"},{\"@type\":[\"Person\",\"Organization\"],\"@id\":\"https:\\\/\\\/www.ishtarik.com\\\/#\\\/schema\\\/person\\\/37be2f77278773416cef9ccf566adea1\",\"name\":\"admin\",\"image\":{\"@type\":\"ImageObject\",\"inLanguage\":\"fr-FR\",\"@id\":\"https:\\\/\\\/www.ishtarik.com\\\/wp-content\\\/uploads\\\/2022\\\/03\\\/cropped-logo-ichtiraki-1-1.png\",\"url\":\"https:\\\/\\\/www.ishtarik.com\\\/wp-content\\\/uploads\\\/2022\\\/03\\\/cropped-logo-ichtiraki-1-1.png\",\"contentUrl\":\"https:\\\/\\\/www.ishtarik.com\\\/wp-content\\\/uploads\\\/2022\\\/03\\\/cropped-logo-ichtiraki-1-1.png\",\"width\":450,\"height\":100,\"caption\":\"admin\"},\"logo\":{\"@id\":\"https:\\\/\\\/www.ishtarik.com\\\/wp-content\\\/uploads\\\/2022\\\/03\\\/cropped-logo-ichtiraki-1-1.png\"},\"sameAs\":[\"https:\\\/\\\/www.ishtarik.com\"]}]}<\/script>\n<!-- \/ Yoast SEO Premium plugin. -->","yoast_head_json":{"title":"dezeer 40$\/an","description":"Deezer est une plateforme de distribution num\u00e9rique fran\u00e7aise d\u00e9di\u00e9e \u00e0 la musique en streaming sous la forme d'un site web et d'applications mobiles, lanc\u00e9e en ao\u00fbt 2007.","robots":{"index":"index","follow":"follow","max-snippet":"max-snippet:-1","max-image-preview":"max-image-preview:large","max-video-preview":"max-video-preview:-1"},"canonical":"https:\/\/www.ishtarik.com\/fr\/produit\/dezeer\/","og_locale":"fr_FR","og_type":"article","og_title":"dezeer","og_description":"Deezer is a French digital distribution platform dedicated to streaming music in the form of a website and mobile applications, launched in August 2007.","og_url":"https:\/\/www.ishtarik.com\/fr\/produit\/dezeer\/","og_site_name":"ishtarik","article_modified_time":"2024-03-19T18:27:38+00:00","og_image":[{"width":800,"height":800,"url":"https:\/\/www.ishtarik.com\/wp-content\/uploads\/2022\/04\/A25.jpg","type":"image\/jpeg"}],"twitter_card":"summary_large_image","twitter_misc":{"Dur\u00e9e de lecture estim\u00e9e":"1 minute"},"schema":{"@context":"https:\/\/schema.org","@graph":[{"@type":"WebPage","@id":"https:\/\/www.ishtarik.com\/product\/dezeer\/","url":"https:\/\/www.ishtarik.com\/product\/dezeer\/","name":"dezeer 40$\/an","isPartOf":{"@id":"https:\/\/www.ishtarik.com\/#website"},"primaryImageOfPage":{"@id":"https:\/\/www.ishtarik.com\/product\/dezeer\/#primaryimage"},"image":{"@id":"https:\/\/www.ishtarik.com\/product\/dezeer\/#primaryimage"},"thumbnailUrl":"https:\/\/i0.wp.com\/www.ishtarik.com\/wp-content\/uploads\/2022\/04\/A25.jpg?fit=800%2C800&ssl=1","datePublished":"2022-04-29T02:05:05+00:00","dateModified":"2024-03-19T18:27:38+00:00","description":"Deezer est une plateforme de distribution num\u00e9rique fran\u00e7aise d\u00e9di\u00e9e \u00e0 la musique en streaming sous la forme d'un site web et d'applications mobiles, lanc\u00e9e en ao\u00fbt 2007.","breadcrumb":{"@id":"https:\/\/www.ishtarik.com\/product\/dezeer\/#breadcrumb"},"inLanguage":"fr-FR","potentialAction":[{"@type":"ReadAction","target":["https:\/\/www.ishtarik.com\/product\/dezeer\/"]}]},{"@type":"ImageObject","inLanguage":"fr-FR","@id":"https:\/\/www.ishtarik.com\/product\/dezeer\/#primaryimage","url":"https:\/\/i0.wp.com\/www.ishtarik.com\/wp-content\/uploads\/2022\/04\/A25.jpg?fit=800%2C800&ssl=1","contentUrl":"https:\/\/i0.wp.com\/www.ishtarik.com\/wp-content\/uploads\/2022\/04\/A25.jpg?fit=800%2C800&ssl=1","width":800,"height":800},{"@type":"BreadcrumbList","@id":"https:\/\/www.ishtarik.com\/product\/dezeer\/#breadcrumb","itemListElement":[{"@type":"ListItem","position":1,"name":"Home","item":"https:\/\/www.ishtarik.com\/"},{"@type":"ListItem","position":2,"name":"Store","item":"https:\/\/www.ishtarik.com\/store\/"},{"@type":"ListItem","position":3,"name":"dezeer"}]},{"@type":"WebSite","@id":"https:\/\/www.ishtarik.com\/#website","url":"https:\/\/www.ishtarik.com\/","name":"ishtarik","description":"tous les sous-secteurs","publisher":{"@id":"https:\/\/www.ishtarik.com\/#\/schema\/person\/37be2f77278773416cef9ccf566adea1"},"potentialAction":[{"@type":"SearchAction","target":{"@type":"EntryPoint","urlTemplate":"https:\/\/www.ishtarik.com\/?s={search_term_string}"},"query-input":{"@type":"PropertyValueSpecification","valueRequired":true,"valueName":"search_term_string"}}],"inLanguage":"fr-FR"},{"@type":["Person","Organization"],"@id":"https:\/\/www.ishtarik.com\/#\/schema\/person\/37be2f77278773416cef9ccf566adea1","name":"l'administration","image":{"@type":"ImageObject","inLanguage":"fr-FR","@id":"https:\/\/www.ishtarik.com\/wp-content\/uploads\/2022\/03\/cropped-logo-ichtiraki-1-1.png","url":"https:\/\/www.ishtarik.com\/wp-content\/uploads\/2022\/03\/cropped-logo-ichtiraki-1-1.png","contentUrl":"https:\/\/www.ishtarik.com\/wp-content\/uploads\/2022\/03\/cropped-logo-ichtiraki-1-1.png","width":450,"height":100,"caption":"admin"},"logo":{"@id":"https:\/\/www.ishtarik.com\/wp-content\/uploads\/2022\/03\/cropped-logo-ichtiraki-1-1.png"},"sameAs":["https:\/\/www.ishtarik.com"]}]}},"uagb_featured_image_src":{"full":["https:\/\/i0.wp.com\/www.ishtarik.com\/wp-content\/uploads\/2022\/04\/A25.jpg?fit=800%2C800&ssl=1",800,800,false],"thumbnail":["https:\/\/i0.wp.com\/www.ishtarik.com\/wp-content\/uploads\/2022\/04\/A25.jpg?resize=150%2C150&ssl=1",150,150,true],"medium":["https:\/\/i0.wp.com\/www.ishtarik.com\/wp-content\/uploads\/2022\/04\/A25.jpg?fit=300%2C300&ssl=1",300,300,true],"medium_large":["https:\/\/i0.wp.com\/www.ishtarik.com\/wp-content\/uploads\/2022\/04\/A25.jpg?fit=768%2C768&ssl=1",768,768,true],"large":["https:\/\/i0.wp.com\/www.ishtarik.com\/wp-content\/uploads\/2022\/04\/A25.jpg?fit=800%2C800&ssl=1",800,800,true],"1536x1536":["https:\/\/i0.wp.com\/www.ishtarik.com\/wp-content\/uploads\/2022\/04\/A25.jpg?fit=800%2C800&ssl=1",800,800,true],"2048x2048":["https:\/\/i0.wp.com\/www.ishtarik.com\/wp-content\/uploads\/2022\/04\/A25.jpg?fit=800%2C800&ssl=1",800,800,true],"trp-custom-language-flag":["https:\/\/i0.wp.com\/www.ishtarik.com\/wp-content\/uploads\/2022\/04\/A25.jpg?fit=12%2C12&ssl=1",12,12,true],"mailpoet_newsletter_max":["https:\/\/i0.wp.com\/www.ishtarik.com\/wp-content\/uploads\/2022\/04\/A25.jpg?fit=800%2C800&ssl=1",800,800,true],"woocommerce_thumbnail":["https:\/\/i0.wp.com\/www.ishtarik.com\/wp-content\/uploads\/2022\/04\/A25.jpg?resize=300%2C300&ssl=1",300,300,true],"woocommerce_single":["https:\/\/i0.wp.com\/www.ishtarik.com\/wp-content\/uploads\/2022\/04\/A25.jpg?fit=600%2C600&ssl=1",600,600,true],"woocommerce_gallery_thumbnail":["https:\/\/i0.wp.com\/www.ishtarik.com\/wp-content\/uploads\/2022\/04\/A25.jpg?resize=100%2C100&ssl=1",100,100,true]},"uagb_author_info":{"display_name":"admin","author_link":"https:\/\/www.ishtarik.com\/fr\/author\/"},"uagb_comment_info":0,"uagb_excerpt":"The account is shared between two people only. After purchasing, you must respect the following conditions: 1- Do not change anything in your account settings 2- Do not change passwords","jetpack_sharing_enabled":true,"_links":{"self":[{"href":"https:\/\/www.ishtarik.com\/fr\/wp-json\/wp\/v2\/product\/3691","targetHints":{"allow":["GET"]}}],"collection":[{"href":"https:\/\/www.ishtarik.com\/fr\/wp-json\/wp\/v2\/product"}],"about":[{"href":"https:\/\/www.ishtarik.com\/fr\/wp-json\/wp\/v2\/types\/product"}],"replies":[{"embeddable":true,"href":"https:\/\/www.ishtarik.com\/fr\/wp-json\/wp\/v2\/comments?post=3691"}],"version-history":[{"count":0,"href":"https:\/\/www.ishtarik.com\/fr\/wp-json\/wp\/v2\/product\/3691\/revisions"}],"wp:featuredmedia":[{"embeddable":true,"href":"https:\/\/www.ishtarik.com\/fr\/wp-json\/wp\/v2\/media\/3692"}],"wp:attachment":[{"href":"https:\/\/www.ishtarik.com\/fr\/wp-json\/wp\/v2\/media?parent=3691"}],"wp:term":[{"taxonomy":"product_brand","embeddable":true,"href":"https:\/\/www.ishtarik.com\/fr\/wp-json\/wp\/v2\/product_brand?post=3691"},{"taxonomy":"product_cat","embeddable":true,"href":"https:\/\/www.ishtarik.com\/fr\/wp-json\/wp\/v2\/product_cat?post=3691"},{"taxonomy":"product_tag","embeddable":true,"href":"https:\/\/www.ishtarik.com\/fr\/wp-json\/wp\/v2\/product_tag?post=3691"}],"curies":[{"name":"wp","href":"https:\/\/api.w.org\/{rel}","templated":true}]}}