{"id":4228,"date":"2023-01-06T20:57:26","date_gmt":"2023-01-06T20:57:26","guid":{"rendered":"https:\/\/www.ishtarik.com\/?post_type=product&#038;p=4228"},"modified":"2026-03-06T01:16:28","modified_gmt":"2026-03-06T01:16:28","slug":"picott","status":"publish","type":"product","link":"https:\/\/www.ishtarik.com\/fr\/produit\/porsche-tv\/","title":{"rendered":"PIC OTT"},"content":{"rendered":"<body><p><\/p>\n<p style=\"text-align: center;\">Nous vous offrons la<strong> PIC OTT <\/strong>qui est le plus grand serveur que nous ayons d\u00e9couvert jusqu'\u00e0 pr\u00e9sent<br>\nUn serveur qui contient toutes les cha\u00eenes sportives pour enfants, des programmes de cin\u00e9ma exclusifs, des s\u00e9ries et plus encore.<\/p>\n<p style=\"text-align: center;\">Direct channels on it more than\u00a0<strong>13,000<\/strong>:<\/p>\n<p style=\"text-align: center;\"><img data-recalc-dims=\"1\" loading=\"lazy\" decoding=\"async\" class=\"alignnone size-medium\" src=\"https:\/\/i0.wp.com\/media.giphy.com\/media\/5MzR9j2bZmHLTFAyH7\/giphy.gif?resize=480%2C270&#038;ssl=1\" width=\"480\" height=\"270\"><\/p>\n<p style=\"text-align: center;\">Films avec plus de <strong>59,000:<\/strong><\/p>\n<p style=\"text-align: center;\"><img data-recalc-dims=\"1\" loading=\"lazy\" decoding=\"async\" class=\"alignnone size-medium\" src=\"https:\/\/i0.wp.com\/media.giphy.com\/media\/y4Xgsy2LosaXU9ZED4\/giphy.gif?resize=480%2C270&#038;ssl=1\" width=\"480\" height=\"270\"><\/p>\n<p style=\"text-align: center;\">S\u00e9rie sur le sujet plus que<strong> 17,000<\/strong>:<\/p>\n<p style=\"text-align: center;\"><img data-recalc-dims=\"1\" loading=\"lazy\" decoding=\"async\" class=\"alignnone size-medium\" src=\"https:\/\/i0.wp.com\/media.giphy.com\/media\/NNYCiEROYM01xzXZQH\/giphy.gif?resize=480%2C270&#038;ssl=1\" width=\"480\" height=\"270\"><\/p>\n<p style=\"text-align: center;\">Stabilit\u00e9 : 94%<br>\nQualit\u00e9 : FHD<\/p>\n<p>les cha\u00eenes sont 90% en qualit\u00e9 FHD<\/p>\n<p>Compatible avec tous les appareils : fire stick , smart Samsung , smart LG , MAC , IOS , android , windows .<\/p>\n<p><span style=\"color: #008000;\"><strong>Remarque :<\/strong> Vous pouvez essayer le service 24 heures a (1$)<\/span><\/p>\n<\/body>","protected":false},"excerpt":{"rendered":"<p style=\"text-align: center;\">Direct channels on it more than\u00a0<strong>13,000<\/strong><\/p>\n<p style=\"text-align: center;\">Films avec plus de <strong>59,000<\/strong><\/p>\n<p style=\"text-align: center;\">S\u00e9rie sur le sujet plus que<strong> 17,000<\/strong><\/p>\n<p style=\"text-align: center;\">Stabilit\u00e9 : <strong>94%<\/strong><\/p>\n<p style=\"text-align: center;\">Les canaux sont <strong>90% en qualit\u00e9 FHD<\/strong><\/p>\n<p style=\"text-align: center;\">Prise en charge de tous les appareils : <strong>fire stick , smart Samsung , smart LG , MAC , IOS , android , windows .<\/strong><\/p>","protected":false},"featured_media":9166,"comment_status":"open","ping_status":"closed","template":"","meta":{"_uag_custom_page_level_css":"","site-sidebar-layout":"default","site-content-layout":"default","ast-site-content-layout":"default","site-content-style":"default","site-sidebar-style":"default","ast-global-header-display":"","ast-banner-title-visibility":"","ast-main-header-display":"","ast-hfb-above-header-display":"","ast-hfb-below-header-display":"","ast-hfb-mobile-header-display":"","site-post-title":"","ast-breadcrumbs-content":"","ast-featured-img":"","footer-sml-layout":"","ast-disable-related-posts":"","theme-transparent-header-meta":"default","adv-header-id-meta":"","stick-header-meta":"","header-above-stick-meta":"","header-main-stick-meta":"","header-below-stick-meta":"","astra-migrate-meta-layouts":"set","ast-page-background-enabled":"default","ast-page-background-meta":{"desktop":{"background-color":"","background-image":"","background-repeat":"repeat","background-position":"center center","background-size":"auto","background-attachment":"scroll","background-type":"","background-media":"","overlay-type":"","overlay-color":"","overlay-opacity":"","overlay-gradient":""},"tablet":{"background-color":"","background-image":"","background-repeat":"repeat","background-position":"center center","background-size":"auto","background-attachment":"scroll","background-type":"","background-media":"","overlay-type":"","overlay-color":"","overlay-opacity":"","overlay-gradient":""},"mobile":{"background-color":"","background-image":"","background-repeat":"repeat","background-position":"center center","background-size":"auto","background-attachment":"scroll","background-type":"","background-media":"","overlay-type":"","overlay-color":"","overlay-opacity":"","overlay-gradient":""}},"ast-content-background-meta":{"desktop":{"background-color":"var(--ast-global-color-5)","background-image":"","background-repeat":"repeat","background-position":"center center","background-size":"auto","background-attachment":"scroll","background-type":"","background-media":"","overlay-type":"","overlay-color":"","overlay-opacity":"","overlay-gradient":""},"tablet":{"background-color":"var(--ast-global-color-5)","background-image":"","background-repeat":"repeat","background-position":"center center","background-size":"auto","background-attachment":"scroll","background-type":"","background-media":"","overlay-type":"","overlay-color":"","overlay-opacity":"","overlay-gradient":""},"mobile":{"background-color":"var(--ast-global-color-5)","background-image":"","background-repeat":"repeat","background-position":"center center","background-size":"auto","background-attachment":"scroll","background-type":"","background-media":"","overlay-type":"","overlay-color":"","overlay-opacity":"","overlay-gradient":""}}},"product_brand":[],"product_cat":[53],"product_tag":[],"class_list":{"0":"post-4228","1":"product","2":"type-product","3":"status-publish","4":"has-post-thumbnail","6":"product_cat-iptv","7":"pa_duration-1-month","8":"pa_duration-1-year","9":"pa_duration-3-months","10":"pa_duration-6-months","11":"pa_duration-test-24h","12":"desktop-align-left","13":"tablet-align-left","14":"mobile-align-left","16":"first","17":"instock","18":"shipping-taxable","19":"purchasable","20":"product-type-variable"},"yoast_head":"<!-- This site is optimized with the Yoast SEO Premium plugin v22.3 (Yoast SEO v27.4) - https:\/\/yoast.com\/product\/yoast-seo-premium-wordpress\/ -->\n<title>PIC OTT - ONLY 5$\/MONTH<\/title>\n<meta name=\"description\" content=\"We offer you the\u00a0PIC OTT server, which is the largest server we have discovered so farA server that contains all sports channels for children, exclusive movie programs, series and more\" \/>\n<meta name=\"robots\" content=\"index, follow, max-snippet:-1, max-image-preview:large, max-video-preview:-1\" \/>\n<link rel=\"canonical\" href=\"https:\/\/www.ishtarik.com\/fr\/produit\/porsche-tv\/\" \/>\n<meta property=\"og:locale\" content=\"fr_FR\" \/>\n<meta property=\"og:type\" content=\"article\" \/>\n<meta property=\"og:title\" content=\"PIC OTT\" \/>\n<meta property=\"og:description\" content=\"We offer you the\u00a0PIC OTT server, which is the largest server we have discovered so farA server that contains all sports channels for children, exclusive movie programs, series and more\" \/>\n<meta property=\"og:url\" content=\"https:\/\/www.ishtarik.com\/fr\/produit\/porsche-tv\/\" \/>\n<meta property=\"og:site_name\" content=\"ishtarik\" \/>\n<meta property=\"article:modified_time\" content=\"2026-03-06T01:16:28+00:00\" \/>\n<meta property=\"og:image\" content=\"https:\/\/www.ishtarik.com\/wp-content\/uploads\/2023\/01\/ChatGPT-Image-6-mars-2026-01_09_49.png\" \/>\n\t<meta property=\"og:image:width\" content=\"256\" \/>\n\t<meta property=\"og:image:height\" content=\"256\" \/>\n\t<meta property=\"og:image:type\" content=\"image\/png\" \/>\n<meta name=\"twitter:card\" content=\"summary_large_image\" \/>\n<meta name=\"twitter:label1\" content=\"Dur\u00e9e de lecture estim\u00e9e\" \/>\n\t<meta name=\"twitter:data1\" content=\"2 minutes\" \/>\n<script type=\"application\/ld+json\" class=\"yoast-schema-graph\">{\"@context\":\"https:\\\/\\\/schema.org\",\"@graph\":[{\"@type\":\"WebPage\",\"@id\":\"https:\\\/\\\/www.ishtarik.com\\\/product\\\/picott\\\/\",\"url\":\"https:\\\/\\\/www.ishtarik.com\\\/product\\\/picott\\\/\",\"name\":\"PIC OTT - ONLY 5$\\\/MONTH\",\"isPartOf\":{\"@id\":\"https:\\\/\\\/www.ishtarik.com\\\/#website\"},\"primaryImageOfPage\":{\"@id\":\"https:\\\/\\\/www.ishtarik.com\\\/product\\\/picott\\\/#primaryimage\"},\"image\":{\"@id\":\"https:\\\/\\\/www.ishtarik.com\\\/product\\\/picott\\\/#primaryimage\"},\"thumbnailUrl\":\"https:\\\/\\\/i0.wp.com\\\/www.ishtarik.com\\\/wp-content\\\/uploads\\\/2023\\\/01\\\/ChatGPT-Image-6-mars-2026-01_09_49.png?fit=256%2C256&ssl=1\",\"datePublished\":\"2023-01-06T20:57:26+00:00\",\"dateModified\":\"2026-03-06T01:16:28+00:00\",\"description\":\"We offer you the\u00a0PIC OTT server, which is the largest server we have discovered so farA server that contains all sports channels for children, exclusive movie programs, series and more\",\"breadcrumb\":{\"@id\":\"https:\\\/\\\/www.ishtarik.com\\\/product\\\/picott\\\/#breadcrumb\"},\"inLanguage\":\"fr-FR\",\"potentialAction\":[{\"@type\":\"ReadAction\",\"target\":[\"https:\\\/\\\/www.ishtarik.com\\\/product\\\/picott\\\/\"]}]},{\"@type\":\"ImageObject\",\"inLanguage\":\"fr-FR\",\"@id\":\"https:\\\/\\\/www.ishtarik.com\\\/product\\\/picott\\\/#primaryimage\",\"url\":\"https:\\\/\\\/i0.wp.com\\\/www.ishtarik.com\\\/wp-content\\\/uploads\\\/2023\\\/01\\\/ChatGPT-Image-6-mars-2026-01_09_49.png?fit=256%2C256&ssl=1\",\"contentUrl\":\"https:\\\/\\\/i0.wp.com\\\/www.ishtarik.com\\\/wp-content\\\/uploads\\\/2023\\\/01\\\/ChatGPT-Image-6-mars-2026-01_09_49.png?fit=256%2C256&ssl=1\",\"width\":256,\"height\":256},{\"@type\":\"BreadcrumbList\",\"@id\":\"https:\\\/\\\/www.ishtarik.com\\\/product\\\/picott\\\/#breadcrumb\",\"itemListElement\":[{\"@type\":\"ListItem\",\"position\":1,\"name\":\"Home\",\"item\":\"https:\\\/\\\/www.ishtarik.com\\\/\"},{\"@type\":\"ListItem\",\"position\":2,\"name\":\"Store\",\"item\":\"https:\\\/\\\/www.ishtarik.com\\\/store\\\/\"},{\"@type\":\"ListItem\",\"position\":3,\"name\":\"PIC OTT\"}]},{\"@type\":\"WebSite\",\"@id\":\"https:\\\/\\\/www.ishtarik.com\\\/#website\",\"url\":\"https:\\\/\\\/www.ishtarik.com\\\/\",\"name\":\"ishtarik\",\"description\":\"all subsbs\",\"publisher\":{\"@id\":\"https:\\\/\\\/www.ishtarik.com\\\/#\\\/schema\\\/person\\\/37be2f77278773416cef9ccf566adea1\"},\"potentialAction\":[{\"@type\":\"SearchAction\",\"target\":{\"@type\":\"EntryPoint\",\"urlTemplate\":\"https:\\\/\\\/www.ishtarik.com\\\/?s={search_term_string}\"},\"query-input\":{\"@type\":\"PropertyValueSpecification\",\"valueRequired\":true,\"valueName\":\"search_term_string\"}}],\"inLanguage\":\"fr-FR\"},{\"@type\":[\"Person\",\"Organization\"],\"@id\":\"https:\\\/\\\/www.ishtarik.com\\\/#\\\/schema\\\/person\\\/37be2f77278773416cef9ccf566adea1\",\"name\":\"admin\",\"image\":{\"@type\":\"ImageObject\",\"inLanguage\":\"fr-FR\",\"@id\":\"https:\\\/\\\/www.ishtarik.com\\\/wp-content\\\/uploads\\\/2022\\\/03\\\/cropped-logo-ichtiraki-1-1.png\",\"url\":\"https:\\\/\\\/www.ishtarik.com\\\/wp-content\\\/uploads\\\/2022\\\/03\\\/cropped-logo-ichtiraki-1-1.png\",\"contentUrl\":\"https:\\\/\\\/www.ishtarik.com\\\/wp-content\\\/uploads\\\/2022\\\/03\\\/cropped-logo-ichtiraki-1-1.png\",\"width\":450,\"height\":100,\"caption\":\"admin\"},\"logo\":{\"@id\":\"https:\\\/\\\/www.ishtarik.com\\\/wp-content\\\/uploads\\\/2022\\\/03\\\/cropped-logo-ichtiraki-1-1.png\"},\"sameAs\":[\"https:\\\/\\\/www.ishtarik.com\"]}]}<\/script>\n<!-- \/ Yoast SEO Premium plugin. -->","yoast_head_json":{"title":"PIC OTT - SEULEMENT 5$\/MOIS","description":"Nous vous proposons le serveur PIC OTT, qui est le plus grand serveur que nous ayons d\u00e9couvert jusqu'\u00e0 pr\u00e9sentUn serveur qui contient toutes les cha\u00eenes de sport pour enfants, des programmes de cin\u00e9ma exclusifs, des s\u00e9ries et plus encore","robots":{"index":"index","follow":"follow","max-snippet":"max-snippet:-1","max-image-preview":"max-image-preview:large","max-video-preview":"max-video-preview:-1"},"canonical":"https:\/\/www.ishtarik.com\/fr\/produit\/porsche-tv\/","og_locale":"fr_FR","og_type":"article","og_title":"PIC OTT","og_description":"We offer you the\u00a0PIC OTT server, which is the largest server we have discovered so farA server that contains all sports channels for children, exclusive movie programs, series and more","og_url":"https:\/\/www.ishtarik.com\/fr\/produit\/porsche-tv\/","og_site_name":"ishtarik","article_modified_time":"2026-03-06T01:16:28+00:00","og_image":[{"width":256,"height":256,"url":"https:\/\/www.ishtarik.com\/wp-content\/uploads\/2023\/01\/ChatGPT-Image-6-mars-2026-01_09_49.png","type":"image\/png"}],"twitter_card":"summary_large_image","twitter_misc":{"Dur\u00e9e de lecture estim\u00e9e":"2 minutes"},"schema":{"@context":"https:\/\/schema.org","@graph":[{"@type":"WebPage","@id":"https:\/\/www.ishtarik.com\/product\/picott\/","url":"https:\/\/www.ishtarik.com\/product\/picott\/","name":"PIC OTT - SEULEMENT 5$\/MOIS","isPartOf":{"@id":"https:\/\/www.ishtarik.com\/#website"},"primaryImageOfPage":{"@id":"https:\/\/www.ishtarik.com\/product\/picott\/#primaryimage"},"image":{"@id":"https:\/\/www.ishtarik.com\/product\/picott\/#primaryimage"},"thumbnailUrl":"https:\/\/i0.wp.com\/www.ishtarik.com\/wp-content\/uploads\/2023\/01\/ChatGPT-Image-6-mars-2026-01_09_49.png?fit=256%2C256&ssl=1","datePublished":"2023-01-06T20:57:26+00:00","dateModified":"2026-03-06T01:16:28+00:00","description":"Nous vous proposons le serveur PIC OTT, qui est le plus grand serveur que nous ayons d\u00e9couvert jusqu'\u00e0 pr\u00e9sentUn serveur qui contient toutes les cha\u00eenes de sport pour enfants, des programmes de cin\u00e9ma exclusifs, des s\u00e9ries et plus encore","breadcrumb":{"@id":"https:\/\/www.ishtarik.com\/product\/picott\/#breadcrumb"},"inLanguage":"fr-FR","potentialAction":[{"@type":"ReadAction","target":["https:\/\/www.ishtarik.com\/product\/picott\/"]}]},{"@type":"ImageObject","inLanguage":"fr-FR","@id":"https:\/\/www.ishtarik.com\/product\/picott\/#primaryimage","url":"https:\/\/i0.wp.com\/www.ishtarik.com\/wp-content\/uploads\/2023\/01\/ChatGPT-Image-6-mars-2026-01_09_49.png?fit=256%2C256&ssl=1","contentUrl":"https:\/\/i0.wp.com\/www.ishtarik.com\/wp-content\/uploads\/2023\/01\/ChatGPT-Image-6-mars-2026-01_09_49.png?fit=256%2C256&ssl=1","width":256,"height":256},{"@type":"BreadcrumbList","@id":"https:\/\/www.ishtarik.com\/product\/picott\/#breadcrumb","itemListElement":[{"@type":"ListItem","position":1,"name":"Home","item":"https:\/\/www.ishtarik.com\/"},{"@type":"ListItem","position":2,"name":"Store","item":"https:\/\/www.ishtarik.com\/store\/"},{"@type":"ListItem","position":3,"name":"PIC OTT"}]},{"@type":"WebSite","@id":"https:\/\/www.ishtarik.com\/#website","url":"https:\/\/www.ishtarik.com\/","name":"ishtarik","description":"tous les sous-secteurs","publisher":{"@id":"https:\/\/www.ishtarik.com\/#\/schema\/person\/37be2f77278773416cef9ccf566adea1"},"potentialAction":[{"@type":"SearchAction","target":{"@type":"EntryPoint","urlTemplate":"https:\/\/www.ishtarik.com\/?s={search_term_string}"},"query-input":{"@type":"PropertyValueSpecification","valueRequired":true,"valueName":"search_term_string"}}],"inLanguage":"fr-FR"},{"@type":["Person","Organization"],"@id":"https:\/\/www.ishtarik.com\/#\/schema\/person\/37be2f77278773416cef9ccf566adea1","name":"l'administration","image":{"@type":"ImageObject","inLanguage":"fr-FR","@id":"https:\/\/www.ishtarik.com\/wp-content\/uploads\/2022\/03\/cropped-logo-ichtiraki-1-1.png","url":"https:\/\/www.ishtarik.com\/wp-content\/uploads\/2022\/03\/cropped-logo-ichtiraki-1-1.png","contentUrl":"https:\/\/www.ishtarik.com\/wp-content\/uploads\/2022\/03\/cropped-logo-ichtiraki-1-1.png","width":450,"height":100,"caption":"admin"},"logo":{"@id":"https:\/\/www.ishtarik.com\/wp-content\/uploads\/2022\/03\/cropped-logo-ichtiraki-1-1.png"},"sameAs":["https:\/\/www.ishtarik.com"]}]}},"uagb_featured_image_src":{"full":["https:\/\/i0.wp.com\/www.ishtarik.com\/wp-content\/uploads\/2023\/01\/ChatGPT-Image-6-mars-2026-01_09_49.png?fit=256%2C256&ssl=1",256,256,false],"thumbnail":["https:\/\/i0.wp.com\/www.ishtarik.com\/wp-content\/uploads\/2023\/01\/ChatGPT-Image-6-mars-2026-01_09_49.png?resize=150%2C150&ssl=1",150,150,true],"medium":["https:\/\/i0.wp.com\/www.ishtarik.com\/wp-content\/uploads\/2023\/01\/ChatGPT-Image-6-mars-2026-01_09_49.png?fit=256%2C256&ssl=1",256,256,true],"medium_large":["https:\/\/i0.wp.com\/www.ishtarik.com\/wp-content\/uploads\/2023\/01\/ChatGPT-Image-6-mars-2026-01_09_49.png?fit=256%2C256&ssl=1",256,256,true],"large":["https:\/\/i0.wp.com\/www.ishtarik.com\/wp-content\/uploads\/2023\/01\/ChatGPT-Image-6-mars-2026-01_09_49.png?fit=256%2C256&ssl=1",256,256,true],"1536x1536":["https:\/\/i0.wp.com\/www.ishtarik.com\/wp-content\/uploads\/2023\/01\/ChatGPT-Image-6-mars-2026-01_09_49.png?fit=256%2C256&ssl=1",256,256,true],"2048x2048":["https:\/\/i0.wp.com\/www.ishtarik.com\/wp-content\/uploads\/2023\/01\/ChatGPT-Image-6-mars-2026-01_09_49.png?fit=256%2C256&ssl=1",256,256,true],"trp-custom-language-flag":["https:\/\/i0.wp.com\/www.ishtarik.com\/wp-content\/uploads\/2023\/01\/ChatGPT-Image-6-mars-2026-01_09_49.png?fit=12%2C12&ssl=1",12,12,true],"mailpoet_newsletter_max":["https:\/\/i0.wp.com\/www.ishtarik.com\/wp-content\/uploads\/2023\/01\/ChatGPT-Image-6-mars-2026-01_09_49.png?fit=256%2C256&ssl=1",256,256,true],"woocommerce_thumbnail":["https:\/\/i0.wp.com\/www.ishtarik.com\/wp-content\/uploads\/2023\/01\/ChatGPT-Image-6-mars-2026-01_09_49.png?resize=256%2C256&ssl=1",256,256,true],"woocommerce_single":["https:\/\/i0.wp.com\/www.ishtarik.com\/wp-content\/uploads\/2023\/01\/ChatGPT-Image-6-mars-2026-01_09_49.png?fit=256%2C256&ssl=1",256,256,true],"woocommerce_gallery_thumbnail":["https:\/\/i0.wp.com\/www.ishtarik.com\/wp-content\/uploads\/2023\/01\/ChatGPT-Image-6-mars-2026-01_09_49.png?resize=100%2C100&ssl=1",100,100,true]},"uagb_author_info":{"display_name":"admin","author_link":"https:\/\/www.ishtarik.com\/fr\/author\/"},"uagb_comment_info":1,"uagb_excerpt":"Direct channels on it more than\u00a013,000 Movies with more than 59,000 Series on it more than 17,000 Stability: 94% channels are 90% in FHD quality Support all device : fire stick , smart Samsung , smart LG , MAC , IOS , android , windows ..","jetpack_sharing_enabled":true,"_links":{"self":[{"href":"https:\/\/www.ishtarik.com\/fr\/wp-json\/wp\/v2\/product\/4228","targetHints":{"allow":["GET"]}}],"collection":[{"href":"https:\/\/www.ishtarik.com\/fr\/wp-json\/wp\/v2\/product"}],"about":[{"href":"https:\/\/www.ishtarik.com\/fr\/wp-json\/wp\/v2\/types\/product"}],"replies":[{"embeddable":true,"href":"https:\/\/www.ishtarik.com\/fr\/wp-json\/wp\/v2\/comments?post=4228"}],"version-history":[{"count":0,"href":"https:\/\/www.ishtarik.com\/fr\/wp-json\/wp\/v2\/product\/4228\/revisions"}],"wp:featuredmedia":[{"embeddable":true,"href":"https:\/\/www.ishtarik.com\/fr\/wp-json\/wp\/v2\/media\/9166"}],"wp:attachment":[{"href":"https:\/\/www.ishtarik.com\/fr\/wp-json\/wp\/v2\/media?parent=4228"}],"wp:term":[{"taxonomy":"product_brand","embeddable":true,"href":"https:\/\/www.ishtarik.com\/fr\/wp-json\/wp\/v2\/product_brand?post=4228"},{"taxonomy":"product_cat","embeddable":true,"href":"https:\/\/www.ishtarik.com\/fr\/wp-json\/wp\/v2\/product_cat?post=4228"},{"taxonomy":"product_tag","embeddable":true,"href":"https:\/\/www.ishtarik.com\/fr\/wp-json\/wp\/v2\/product_tag?post=4228"}],"curies":[{"name":"wp","href":"https:\/\/api.w.org\/{rel}","templated":true}]}}