{"id":5380,"date":"2024-02-23T02:06:03","date_gmt":"2024-02-23T02:06:03","guid":{"rendered":"https:\/\/www.ishtarik.com\/?post_type=product&#038;p=5380"},"modified":"2026-04-18T14:31:29","modified_gmt":"2026-04-18T14:31:29","slug":"strong-8k","status":"publish","type":"product","link":"https:\/\/www.ishtarik.com\/fr\/produit\/strong-4k\/","title":{"rendered":"STRONG 8K"},"content":{"rendered":"<body><p><\/p>\n<p style=\"text-align: center;\">les <strong>STRONG 8k IPTV <\/strong> est consid\u00e9r\u00e9 comme un serveur puissant dans le monde. Ce serveur est consid\u00e9r\u00e9 comme l'un des plus puissants au monde et ses points forts sont sa grande stabilit\u00e9 et sa qualit\u00e9 d'image qui atteint 4K, avec des mises \u00e0 jour qui se poursuivent quotidiennement sur toutes les cha\u00eenes, films et s\u00e9ries.<\/p>\n<p style=\"text-align: center;\">Direct channels on it more than <strong>20,000<\/strong>:<\/p>\n<p style=\"text-align: center;\"><img data-recalc-dims=\"1\" loading=\"lazy\" decoding=\"async\" class=\"alignnone size-medium\" src=\"https:\/\/i0.wp.com\/media.giphy.com\/media\/5fUpvWIQyy93SKzp0Q\/giphy.gif?resize=480%2C270&#038;ssl=1\" width=\"480\" height=\"270\"><\/p>\n<p style=\"text-align: center;\">Films avec plus de <strong>80,000:<\/strong><\/p>\n<p style=\"text-align: center;\"><strong><img data-recalc-dims=\"1\" loading=\"lazy\" decoding=\"async\" class=\"alignnone size-medium\" src=\"https:\/\/i0.wp.com\/media.giphy.com\/media\/tGu4jZy99ysNvDx5Qj\/giphy.gif?resize=480%2C270&#038;ssl=1\" width=\"480\" height=\"270\"><\/strong><\/p>\n<p style=\"text-align: center;\">S\u00e9rie sur le sujet plus que<strong> 15,800<\/strong>:<\/p>\n<p style=\"text-align: center;\"><img data-recalc-dims=\"1\" loading=\"lazy\" decoding=\"async\" class=\"alignnone size-medium\" src=\"https:\/\/i0.wp.com\/media.giphy.com\/media\/mQunql0jLEP5Yzk90K\/giphy.gif?resize=480%2C270&#038;ssl=1\" width=\"480\" height=\"270\"><\/p>\n<p style=\"text-align: center;\">Stabilit\u00e9 : 96%<br>\nQualit\u00e9 : FHD, 4K (3%)<\/p>\n<p>les cha\u00eenes sont 90% en qualit\u00e9 FHD<\/p>\n<p>Compatible avec tous les appareils : fire stick , smart Samsung , smart LG , MAC , IOS , android , windows .<\/p>\n<p><span style=\"color: #008000;\"><strong>Remarque :<\/strong> Vous pouvez suivre le service 24 heures sur 24 (1$)<\/span><\/p>\n<\/body>","protected":false},"excerpt":{"rendered":"<p style=\"text-align: center;\">Direct channels on it more than <strong>20,000<\/strong><\/p>\n<p style=\"text-align: center;\">Films avec plus de <strong>80,000<\/strong><\/p>\n<p style=\"text-align: center;\">S\u00e9rie sur le sujet plus que<strong> 15,800<\/strong><\/p>\n<p style=\"text-align: center;\">Stabilit\u00e9 : <strong>96%<\/strong><\/p>\n<p style=\"text-align: center;\">Les canaux sont <strong>90% en qualit\u00e9 FHD, qualit\u00e9 4k (3%)<\/strong><\/p>\n<p style=\"text-align: center;\">Prise en charge de tous les appareils : <strong>fire stick , smart Samsung , smart LG , MAC , IOS , android , windows .<\/strong><\/p>\n<p style=\"text-align: center;\">\u00a0 \u00a0 \u00a0 \u00a0 \u00a0 \u00a0 \u00a0 nom de l'application : <strong>4<\/strong><strong>k JOUEUR<\/strong><\/p>","protected":false},"featured_media":9114,"comment_status":"open","ping_status":"closed","template":"","meta":{"_uag_custom_page_level_css":"","site-sidebar-layout":"default","site-content-layout":"default","ast-site-content-layout":"default","site-content-style":"default","site-sidebar-style":"default","ast-global-header-display":"","ast-banner-title-visibility":"","ast-main-header-display":"","ast-hfb-above-header-display":"","ast-hfb-below-header-display":"","ast-hfb-mobile-header-display":"","site-post-title":"","ast-breadcrumbs-content":"","ast-featured-img":"","footer-sml-layout":"","ast-disable-related-posts":"","theme-transparent-header-meta":"default","adv-header-id-meta":"","stick-header-meta":"","header-above-stick-meta":"","header-main-stick-meta":"","header-below-stick-meta":"","astra-migrate-meta-layouts":"set","ast-page-background-enabled":"default","ast-page-background-meta":{"desktop":{"background-color":"","background-image":"","background-repeat":"repeat","background-position":"center center","background-size":"auto","background-attachment":"scroll","background-type":"","background-media":"","overlay-type":"","overlay-color":"","overlay-opacity":"","overlay-gradient":""},"tablet":{"background-color":"","background-image":"","background-repeat":"repeat","background-position":"center center","background-size":"auto","background-attachment":"scroll","background-type":"","background-media":"","overlay-type":"","overlay-color":"","overlay-opacity":"","overlay-gradient":""},"mobile":{"background-color":"","background-image":"","background-repeat":"repeat","background-position":"center center","background-size":"auto","background-attachment":"scroll","background-type":"","background-media":"","overlay-type":"","overlay-color":"","overlay-opacity":"","overlay-gradient":""}},"ast-content-background-meta":{"desktop":{"background-color":"var(--ast-global-color-5)","background-image":"","background-repeat":"repeat","background-position":"center center","background-size":"auto","background-attachment":"scroll","background-type":"","background-media":"","overlay-type":"","overlay-color":"","overlay-opacity":"","overlay-gradient":""},"tablet":{"background-color":"var(--ast-global-color-5)","background-image":"","background-repeat":"repeat","background-position":"center center","background-size":"auto","background-attachment":"scroll","background-type":"","background-media":"","overlay-type":"","overlay-color":"","overlay-opacity":"","overlay-gradient":""},"mobile":{"background-color":"var(--ast-global-color-5)","background-image":"","background-repeat":"repeat","background-position":"center center","background-size":"auto","background-attachment":"scroll","background-type":"","background-media":"","overlay-type":"","overlay-color":"","overlay-opacity":"","overlay-gradient":""}}},"product_brand":[],"product_cat":[53],"product_tag":[670,379,671,382,383,378,381,669,377,380],"class_list":{"0":"post-5380","1":"product","2":"type-product","3":"status-publish","4":"has-post-thumbnail","6":"product_cat-iptv","7":"product_tag-8k","8":"product_tag-iptv-4k","9":"product_tag-iptv-8k","10":"product_tag-iptv-strong","11":"product_tag-iptv-strong-4k","12":"product_tag-strong","13":"product_tag-strong-4k-iptv","14":"product_tag-strong-8k","15":"product_tag-strong-iptv","16":"product_tag-strong-iptv-4k","17":"pa_duration-1-year","18":"pa_duration-3-months","19":"pa_duration-6-months","20":"pa_duration-test-24h","21":"desktop-align-left","22":"tablet-align-left","23":"mobile-align-left","25":"first","26":"instock","27":"shipping-taxable","28":"purchasable","29":"product-type-variable"},"yoast_head":"<!-- This site is optimized with the Yoast SEO Premium plugin v22.3 (Yoast SEO v27.4) - https:\/\/yoast.com\/product\/yoast-seo-premium-wordpress\/ -->\n<title>STRONG 8K IPTV<\/title>\n<meta name=\"description\" content=\"The Strong 8K IPTV server is considered a powerful server in the world and contains more than 20,000 direct channels, more than 80,000 movies, and more than 15,000 series\" \/>\n<meta name=\"robots\" content=\"index, follow, max-snippet:-1, max-image-preview:large, max-video-preview:-1\" \/>\n<link rel=\"canonical\" href=\"https:\/\/www.ishtarik.com\/fr\/produit\/strong-4k\/\" \/>\n<meta property=\"og:locale\" content=\"fr_FR\" \/>\n<meta property=\"og:type\" content=\"article\" \/>\n<meta property=\"og:title\" content=\"STRONG 8K\" \/>\n<meta property=\"og:description\" content=\"The Strong 8K IPTV server is considered a powerful server in the world and contains more than 20,000 direct channels, more than 80,000 movies, and more than 15,000 series\" \/>\n<meta property=\"og:url\" content=\"https:\/\/www.ishtarik.com\/fr\/produit\/strong-4k\/\" \/>\n<meta property=\"og:site_name\" content=\"ishtarik\" \/>\n<meta property=\"article:modified_time\" content=\"2026-04-18T14:31:29+00:00\" \/>\n<meta property=\"og:image\" content=\"https:\/\/www.ishtarik.com\/wp-content\/uploads\/2024\/02\/WhatsApp-Image-2026-02-21-at-01.32.40.jpeg\" \/>\n\t<meta property=\"og:image:width\" content=\"1024\" \/>\n\t<meta property=\"og:image:height\" content=\"1024\" \/>\n\t<meta property=\"og:image:type\" content=\"image\/jpeg\" \/>\n<meta name=\"twitter:card\" content=\"summary_large_image\" \/>\n<meta name=\"twitter:label1\" content=\"Dur\u00e9e de lecture estim\u00e9e\" \/>\n\t<meta name=\"twitter:data1\" content=\"2 minutes\" \/>\n<script type=\"application\/ld+json\" class=\"yoast-schema-graph\">{\"@context\":\"https:\\\/\\\/schema.org\",\"@graph\":[{\"@type\":\"WebPage\",\"@id\":\"https:\\\/\\\/www.ishtarik.com\\\/product\\\/strong-8k\\\/\",\"url\":\"https:\\\/\\\/www.ishtarik.com\\\/product\\\/strong-8k\\\/\",\"name\":\"STRONG 8K IPTV\",\"isPartOf\":{\"@id\":\"https:\\\/\\\/www.ishtarik.com\\\/#website\"},\"primaryImageOfPage\":{\"@id\":\"https:\\\/\\\/www.ishtarik.com\\\/product\\\/strong-8k\\\/#primaryimage\"},\"image\":{\"@id\":\"https:\\\/\\\/www.ishtarik.com\\\/product\\\/strong-8k\\\/#primaryimage\"},\"thumbnailUrl\":\"https:\\\/\\\/i0.wp.com\\\/www.ishtarik.com\\\/wp-content\\\/uploads\\\/2024\\\/02\\\/WhatsApp-Image-2026-02-21-at-01.32.40.jpeg?fit=1024%2C1024&ssl=1\",\"datePublished\":\"2024-02-23T02:06:03+00:00\",\"dateModified\":\"2026-04-18T14:31:29+00:00\",\"description\":\"The Strong 8K IPTV server is considered a powerful server in the world and contains more than 20,000 direct channels, more than 80,000 movies, and more than 15,000 series\",\"breadcrumb\":{\"@id\":\"https:\\\/\\\/www.ishtarik.com\\\/product\\\/strong-8k\\\/#breadcrumb\"},\"inLanguage\":\"fr-FR\",\"potentialAction\":[{\"@type\":\"ReadAction\",\"target\":[\"https:\\\/\\\/www.ishtarik.com\\\/product\\\/strong-8k\\\/\"]}]},{\"@type\":\"ImageObject\",\"inLanguage\":\"fr-FR\",\"@id\":\"https:\\\/\\\/www.ishtarik.com\\\/product\\\/strong-8k\\\/#primaryimage\",\"url\":\"https:\\\/\\\/i0.wp.com\\\/www.ishtarik.com\\\/wp-content\\\/uploads\\\/2024\\\/02\\\/WhatsApp-Image-2026-02-21-at-01.32.40.jpeg?fit=1024%2C1024&ssl=1\",\"contentUrl\":\"https:\\\/\\\/i0.wp.com\\\/www.ishtarik.com\\\/wp-content\\\/uploads\\\/2024\\\/02\\\/WhatsApp-Image-2026-02-21-at-01.32.40.jpeg?fit=1024%2C1024&ssl=1\",\"width\":1024,\"height\":1024},{\"@type\":\"BreadcrumbList\",\"@id\":\"https:\\\/\\\/www.ishtarik.com\\\/product\\\/strong-8k\\\/#breadcrumb\",\"itemListElement\":[{\"@type\":\"ListItem\",\"position\":1,\"name\":\"Home\",\"item\":\"https:\\\/\\\/www.ishtarik.com\\\/\"},{\"@type\":\"ListItem\",\"position\":2,\"name\":\"Store\",\"item\":\"https:\\\/\\\/www.ishtarik.com\\\/store\\\/\"},{\"@type\":\"ListItem\",\"position\":3,\"name\":\"STRONG 8K\"}]},{\"@type\":\"WebSite\",\"@id\":\"https:\\\/\\\/www.ishtarik.com\\\/#website\",\"url\":\"https:\\\/\\\/www.ishtarik.com\\\/\",\"name\":\"ishtarik\",\"description\":\"all subsbs\",\"publisher\":{\"@id\":\"https:\\\/\\\/www.ishtarik.com\\\/#\\\/schema\\\/person\\\/37be2f77278773416cef9ccf566adea1\"},\"potentialAction\":[{\"@type\":\"SearchAction\",\"target\":{\"@type\":\"EntryPoint\",\"urlTemplate\":\"https:\\\/\\\/www.ishtarik.com\\\/?s={search_term_string}\"},\"query-input\":{\"@type\":\"PropertyValueSpecification\",\"valueRequired\":true,\"valueName\":\"search_term_string\"}}],\"inLanguage\":\"fr-FR\"},{\"@type\":[\"Person\",\"Organization\"],\"@id\":\"https:\\\/\\\/www.ishtarik.com\\\/#\\\/schema\\\/person\\\/37be2f77278773416cef9ccf566adea1\",\"name\":\"admin\",\"image\":{\"@type\":\"ImageObject\",\"inLanguage\":\"fr-FR\",\"@id\":\"https:\\\/\\\/www.ishtarik.com\\\/wp-content\\\/uploads\\\/2022\\\/03\\\/cropped-logo-ichtiraki-1-1.png\",\"url\":\"https:\\\/\\\/www.ishtarik.com\\\/wp-content\\\/uploads\\\/2022\\\/03\\\/cropped-logo-ichtiraki-1-1.png\",\"contentUrl\":\"https:\\\/\\\/www.ishtarik.com\\\/wp-content\\\/uploads\\\/2022\\\/03\\\/cropped-logo-ichtiraki-1-1.png\",\"width\":450,\"height\":100,\"caption\":\"admin\"},\"logo\":{\"@id\":\"https:\\\/\\\/www.ishtarik.com\\\/wp-content\\\/uploads\\\/2022\\\/03\\\/cropped-logo-ichtiraki-1-1.png\"},\"sameAs\":[\"https:\\\/\\\/www.ishtarik.com\"]}]}<\/script>\n<!-- \/ Yoast SEO Premium plugin. -->","yoast_head_json":{"title":"STRONG 8K IPTV","description":"The Strong 8K IPTV server is considered a powerful server in the world and contains more than 20,000 direct channels, more than 80,000 movies, and more than 15,000 series","robots":{"index":"index","follow":"follow","max-snippet":"max-snippet:-1","max-image-preview":"max-image-preview:large","max-video-preview":"max-video-preview:-1"},"canonical":"https:\/\/www.ishtarik.com\/fr\/produit\/strong-4k\/","og_locale":"fr_FR","og_type":"article","og_title":"STRONG 8K","og_description":"The Strong 8K IPTV server is considered a powerful server in the world and contains more than 20,000 direct channels, more than 80,000 movies, and more than 15,000 series","og_url":"https:\/\/www.ishtarik.com\/fr\/produit\/strong-4k\/","og_site_name":"ishtarik","article_modified_time":"2026-04-18T14:31:29+00:00","og_image":[{"width":1024,"height":1024,"url":"https:\/\/www.ishtarik.com\/wp-content\/uploads\/2024\/02\/WhatsApp-Image-2026-02-21-at-01.32.40.jpeg","type":"image\/jpeg"}],"twitter_card":"summary_large_image","twitter_misc":{"Dur\u00e9e de lecture estim\u00e9e":"2 minutes"},"schema":{"@context":"https:\/\/schema.org","@graph":[{"@type":"WebPage","@id":"https:\/\/www.ishtarik.com\/product\/strong-8k\/","url":"https:\/\/www.ishtarik.com\/product\/strong-8k\/","name":"STRONG 8K IPTV","isPartOf":{"@id":"https:\/\/www.ishtarik.com\/#website"},"primaryImageOfPage":{"@id":"https:\/\/www.ishtarik.com\/product\/strong-8k\/#primaryimage"},"image":{"@id":"https:\/\/www.ishtarik.com\/product\/strong-8k\/#primaryimage"},"thumbnailUrl":"https:\/\/i0.wp.com\/www.ishtarik.com\/wp-content\/uploads\/2024\/02\/WhatsApp-Image-2026-02-21-at-01.32.40.jpeg?fit=1024%2C1024&ssl=1","datePublished":"2024-02-23T02:06:03+00:00","dateModified":"2026-04-18T14:31:29+00:00","description":"The Strong 8K IPTV server is considered a powerful server in the world and contains more than 20,000 direct channels, more than 80,000 movies, and more than 15,000 series","breadcrumb":{"@id":"https:\/\/www.ishtarik.com\/product\/strong-8k\/#breadcrumb"},"inLanguage":"fr-FR","potentialAction":[{"@type":"ReadAction","target":["https:\/\/www.ishtarik.com\/product\/strong-8k\/"]}]},{"@type":"ImageObject","inLanguage":"fr-FR","@id":"https:\/\/www.ishtarik.com\/product\/strong-8k\/#primaryimage","url":"https:\/\/i0.wp.com\/www.ishtarik.com\/wp-content\/uploads\/2024\/02\/WhatsApp-Image-2026-02-21-at-01.32.40.jpeg?fit=1024%2C1024&ssl=1","contentUrl":"https:\/\/i0.wp.com\/www.ishtarik.com\/wp-content\/uploads\/2024\/02\/WhatsApp-Image-2026-02-21-at-01.32.40.jpeg?fit=1024%2C1024&ssl=1","width":1024,"height":1024},{"@type":"BreadcrumbList","@id":"https:\/\/www.ishtarik.com\/product\/strong-8k\/#breadcrumb","itemListElement":[{"@type":"ListItem","position":1,"name":"Home","item":"https:\/\/www.ishtarik.com\/"},{"@type":"ListItem","position":2,"name":"Store","item":"https:\/\/www.ishtarik.com\/store\/"},{"@type":"ListItem","position":3,"name":"STRONG 8K"}]},{"@type":"WebSite","@id":"https:\/\/www.ishtarik.com\/#website","url":"https:\/\/www.ishtarik.com\/","name":"ishtarik","description":"tous les sous-secteurs","publisher":{"@id":"https:\/\/www.ishtarik.com\/#\/schema\/person\/37be2f77278773416cef9ccf566adea1"},"potentialAction":[{"@type":"SearchAction","target":{"@type":"EntryPoint","urlTemplate":"https:\/\/www.ishtarik.com\/?s={search_term_string}"},"query-input":{"@type":"PropertyValueSpecification","valueRequired":true,"valueName":"search_term_string"}}],"inLanguage":"fr-FR"},{"@type":["Person","Organization"],"@id":"https:\/\/www.ishtarik.com\/#\/schema\/person\/37be2f77278773416cef9ccf566adea1","name":"l'administration","image":{"@type":"ImageObject","inLanguage":"fr-FR","@id":"https:\/\/www.ishtarik.com\/wp-content\/uploads\/2022\/03\/cropped-logo-ichtiraki-1-1.png","url":"https:\/\/www.ishtarik.com\/wp-content\/uploads\/2022\/03\/cropped-logo-ichtiraki-1-1.png","contentUrl":"https:\/\/www.ishtarik.com\/wp-content\/uploads\/2022\/03\/cropped-logo-ichtiraki-1-1.png","width":450,"height":100,"caption":"admin"},"logo":{"@id":"https:\/\/www.ishtarik.com\/wp-content\/uploads\/2022\/03\/cropped-logo-ichtiraki-1-1.png"},"sameAs":["https:\/\/www.ishtarik.com"]}]}},"uagb_featured_image_src":{"full":["https:\/\/i0.wp.com\/www.ishtarik.com\/wp-content\/uploads\/2024\/02\/WhatsApp-Image-2026-02-21-at-01.32.40.jpeg?fit=1024%2C1024&ssl=1",1024,1024,false],"thumbnail":["https:\/\/i0.wp.com\/www.ishtarik.com\/wp-content\/uploads\/2024\/02\/WhatsApp-Image-2026-02-21-at-01.32.40.jpeg?resize=150%2C150&ssl=1",150,150,true],"medium":["https:\/\/i0.wp.com\/www.ishtarik.com\/wp-content\/uploads\/2024\/02\/WhatsApp-Image-2026-02-21-at-01.32.40.jpeg?fit=300%2C300&ssl=1",300,300,true],"medium_large":["https:\/\/i0.wp.com\/www.ishtarik.com\/wp-content\/uploads\/2024\/02\/WhatsApp-Image-2026-02-21-at-01.32.40.jpeg?fit=768%2C768&ssl=1",768,768,true],"large":["https:\/\/i0.wp.com\/www.ishtarik.com\/wp-content\/uploads\/2024\/02\/WhatsApp-Image-2026-02-21-at-01.32.40.jpeg?fit=1024%2C1024&ssl=1",1024,1024,true],"1536x1536":["https:\/\/i0.wp.com\/www.ishtarik.com\/wp-content\/uploads\/2024\/02\/WhatsApp-Image-2026-02-21-at-01.32.40.jpeg?fit=1024%2C1024&ssl=1",1024,1024,true],"2048x2048":["https:\/\/i0.wp.com\/www.ishtarik.com\/wp-content\/uploads\/2024\/02\/WhatsApp-Image-2026-02-21-at-01.32.40.jpeg?fit=1024%2C1024&ssl=1",1024,1024,true],"trp-custom-language-flag":["https:\/\/i0.wp.com\/www.ishtarik.com\/wp-content\/uploads\/2024\/02\/WhatsApp-Image-2026-02-21-at-01.32.40.jpeg?fit=12%2C12&ssl=1",12,12,true],"mailpoet_newsletter_max":["https:\/\/i0.wp.com\/www.ishtarik.com\/wp-content\/uploads\/2024\/02\/WhatsApp-Image-2026-02-21-at-01.32.40.jpeg?fit=1024%2C1024&ssl=1",1024,1024,true],"woocommerce_thumbnail":["https:\/\/i0.wp.com\/www.ishtarik.com\/wp-content\/uploads\/2024\/02\/WhatsApp-Image-2026-02-21-at-01.32.40.jpeg?resize=300%2C300&ssl=1",300,300,true],"woocommerce_single":["https:\/\/i0.wp.com\/www.ishtarik.com\/wp-content\/uploads\/2024\/02\/WhatsApp-Image-2026-02-21-at-01.32.40.jpeg?fit=600%2C600&ssl=1",600,600,true],"woocommerce_gallery_thumbnail":["https:\/\/i0.wp.com\/www.ishtarik.com\/wp-content\/uploads\/2024\/02\/WhatsApp-Image-2026-02-21-at-01.32.40.jpeg?resize=100%2C100&ssl=1",100,100,true]},"uagb_author_info":{"display_name":"admin","author_link":"https:\/\/www.ishtarik.com\/fr\/author\/"},"uagb_comment_info":0,"uagb_excerpt":"Direct channels on it more than 20,000 Movies with more than 80,000 Series on it more than 15,800 Stability: 96% channels are 90% in FHD quality, 4k quality (3%) Support all device : fire stick , smart Samsung , smart LG , MAC , IOS , android , windows .. \u00a0 \u00a0 \u00a0 \u00a0 \u00a0\u2026","jetpack_sharing_enabled":true,"_links":{"self":[{"href":"https:\/\/www.ishtarik.com\/fr\/wp-json\/wp\/v2\/product\/5380","targetHints":{"allow":["GET"]}}],"collection":[{"href":"https:\/\/www.ishtarik.com\/fr\/wp-json\/wp\/v2\/product"}],"about":[{"href":"https:\/\/www.ishtarik.com\/fr\/wp-json\/wp\/v2\/types\/product"}],"replies":[{"embeddable":true,"href":"https:\/\/www.ishtarik.com\/fr\/wp-json\/wp\/v2\/comments?post=5380"}],"version-history":[{"count":0,"href":"https:\/\/www.ishtarik.com\/fr\/wp-json\/wp\/v2\/product\/5380\/revisions"}],"wp:featuredmedia":[{"embeddable":true,"href":"https:\/\/www.ishtarik.com\/fr\/wp-json\/wp\/v2\/media\/9114"}],"wp:attachment":[{"href":"https:\/\/www.ishtarik.com\/fr\/wp-json\/wp\/v2\/media?parent=5380"}],"wp:term":[{"taxonomy":"product_brand","embeddable":true,"href":"https:\/\/www.ishtarik.com\/fr\/wp-json\/wp\/v2\/product_brand?post=5380"},{"taxonomy":"product_cat","embeddable":true,"href":"https:\/\/www.ishtarik.com\/fr\/wp-json\/wp\/v2\/product_cat?post=5380"},{"taxonomy":"product_tag","embeddable":true,"href":"https:\/\/www.ishtarik.com\/fr\/wp-json\/wp\/v2\/product_tag?post=5380"}],"curies":[{"name":"wp","href":"https:\/\/api.w.org\/{rel}","templated":true}]}}