{"id":5443,"date":"2024-02-23T22:58:55","date_gmt":"2024-02-23T22:58:55","guid":{"rendered":"https:\/\/www.ishtarik.com\/?post_type=product&#038;p=5443"},"modified":"2025-12-09T01:06:15","modified_gmt":"2025-12-09T01:06:15","slug":"scorpion-ott","status":"publish","type":"product","link":"https:\/\/www.ishtarik.com\/fr\/produit\/scorpion-ott\/","title":{"rendered":"SCORPION OTT"},"content":{"rendered":"<body><p><\/p>\n<p style=\"text-align: center;\">les <strong>SCORPION OTT IPTV <\/strong> est consid\u00e9r\u00e9 comme un serveur puissant dans le monde. Ce serveur est consid\u00e9r\u00e9 comme l'un des plus puissants au monde et ses points forts sont sa grande stabilit\u00e9 et sa qualit\u00e9 d'image qui atteint 4K, avec des mises \u00e0 jour qui se poursuivent quotidiennement sur toutes les cha\u00eenes, films et s\u00e9ries.<\/p>\n<p style=\"text-align: center;\">Direct channels on it more than <strong>10,000<\/strong>:<\/p>\n<p style=\"text-align: center;\"><img data-recalc-dims=\"1\" loading=\"lazy\" decoding=\"async\" class=\"alignnone size-medium\" src=\"https:\/\/i0.wp.com\/media.giphy.com\/media\/5fUpvWIQyy93SKzp0Q\/giphy.gif?resize=480%2C270&#038;ssl=1\" width=\"480\" height=\"270\"><\/p>\n<p style=\"text-align: center;\">Films avec plus de <strong>42,000:<\/strong><\/p>\n<p style=\"text-align: center;\"><strong><img data-recalc-dims=\"1\" loading=\"lazy\" decoding=\"async\" class=\"alignnone size-medium\" src=\"https:\/\/i0.wp.com\/media.giphy.com\/media\/tGu4jZy99ysNvDx5Qj\/giphy.gif?resize=480%2C270&#038;ssl=1\" width=\"480\" height=\"270\"><\/strong><\/p>\n<p style=\"text-align: center;\">S\u00e9rie sur le sujet plus que<strong> 6,100<\/strong>:<\/p>\n<p style=\"text-align: center;\"><img data-recalc-dims=\"1\" loading=\"lazy\" decoding=\"async\" class=\"alignnone size-medium\" src=\"https:\/\/i0.wp.com\/media.giphy.com\/media\/mQunql0jLEP5Yzk90K\/giphy.gif?resize=480%2C270&#038;ssl=1\" width=\"480\" height=\"270\"><\/p>\n<p style=\"text-align: center;\">Stabilit\u00e9 : 90%<br>\nQualit\u00e9 : FHD, HD(10%)<\/p>\n<p>les cha\u00eenes sont 90% en qualit\u00e9 FHD<\/p>\n<p>Compatible avec tous les appareils : fire stick , smart Samsung , smart LG , MAC , IOS , android , windows .<\/p>\n<p>\u00a0<\/p>\n<\/body>","protected":false},"excerpt":{"rendered":"<p style=\"text-align: center;\">Direct channels on it more than <strong>10,000<\/strong><\/p>\n<p style=\"text-align: center;\">Films avec plus de <strong>42<\/strong><strong>,000<\/strong><\/p>\n<p style=\"text-align: center;\">S\u00e9rie sur le sujet plus que<strong> 6,100<\/strong><\/p>\n<p style=\"text-align: center;\">Stabilit\u00e9 : <strong>90%<\/strong><\/p>\n<p style=\"text-align: center;\">Les canaux sont <strong>90% en qualit\u00e9 FHD, qualit\u00e9 HD (10%)<\/strong><\/p>\n<p style=\"text-align: center;\">Prise en charge de tous les appareils : <strong>fire stick , smart Samsung , smart LG , MAC , IOS , android , windows .<\/strong><\/p>\n<p style=\"text-align: center;\">","protected":false},"featured_media":5480,"comment_status":"open","ping_status":"closed","template":"","meta":{"_uag_custom_page_level_css":"","site-sidebar-layout":"default","site-content-layout":"default","ast-site-content-layout":"default","site-content-style":"default","site-sidebar-style":"default","ast-global-header-display":"","ast-banner-title-visibility":"","ast-main-header-display":"","ast-hfb-above-header-display":"","ast-hfb-below-header-display":"","ast-hfb-mobile-header-display":"","site-post-title":"","ast-breadcrumbs-content":"","ast-featured-img":"","footer-sml-layout":"","ast-disable-related-posts":"","theme-transparent-header-meta":"default","adv-header-id-meta":"","stick-header-meta":"","header-above-stick-meta":"","header-main-stick-meta":"","header-below-stick-meta":"","astra-migrate-meta-layouts":"set","ast-page-background-enabled":"default","ast-page-background-meta":{"desktop":{"background-color":"","background-image":"","background-repeat":"repeat","background-position":"center center","background-size":"auto","background-attachment":"scroll","background-type":"","background-media":"","overlay-type":"","overlay-color":"","overlay-opacity":"","overlay-gradient":""},"tablet":{"background-color":"","background-image":"","background-repeat":"repeat","background-position":"center center","background-size":"auto","background-attachment":"scroll","background-type":"","background-media":"","overlay-type":"","overlay-color":"","overlay-opacity":"","overlay-gradient":""},"mobile":{"background-color":"","background-image":"","background-repeat":"repeat","background-position":"center center","background-size":"auto","background-attachment":"scroll","background-type":"","background-media":"","overlay-type":"","overlay-color":"","overlay-opacity":"","overlay-gradient":""}},"ast-content-background-meta":{"desktop":{"background-color":"var(--ast-global-color-5)","background-image":"","background-repeat":"repeat","background-position":"center center","background-size":"auto","background-attachment":"scroll","background-type":"","background-media":"","overlay-type":"","overlay-color":"","overlay-opacity":"","overlay-gradient":""},"tablet":{"background-color":"var(--ast-global-color-5)","background-image":"","background-repeat":"repeat","background-position":"center center","background-size":"auto","background-attachment":"scroll","background-type":"","background-media":"","overlay-type":"","overlay-color":"","overlay-opacity":"","overlay-gradient":""},"mobile":{"background-color":"var(--ast-global-color-5)","background-image":"","background-repeat":"repeat","background-position":"center center","background-size":"auto","background-attachment":"scroll","background-type":"","background-media":"","overlay-type":"","overlay-color":"","overlay-opacity":"","overlay-gradient":""}}},"product_brand":[],"product_cat":[53],"product_tag":[600,598,599,601],"class_list":{"0":"post-5443","1":"product","2":"type-product","3":"status-publish","4":"has-post-thumbnail","6":"product_cat-iptv","7":"product_tag-iptv-scorpion","8":"product_tag-scorpion-iptv","9":"product_tag-scorpion-ott","10":"product_tag-server-scorpion","11":"pa_duration-1-year","12":"pa_duration-3-months","13":"pa_duration-6-months","14":"pa_duration-test-24h","15":"desktop-align-left","16":"tablet-align-left","17":"mobile-align-left","19":"first","20":"instock","21":"shipping-taxable","22":"purchasable","23":"product-type-variable"},"yoast_head":"<!-- This site is optimized with the Yoast SEO Premium plugin v22.3 (Yoast SEO v27.4) - https:\/\/yoast.com\/product\/yoast-seo-premium-wordpress\/ -->\n<title>SCORPION IPTV - BEST OTT<\/title>\n<meta name=\"description\" content=\"The SCORPION IPTV server is considered a powerful server in the world and contains more than 10,000 direct channels, more than 42,000 movies, and more than 6,000 series\" \/>\n<meta name=\"robots\" content=\"index, follow, max-snippet:-1, max-image-preview:large, max-video-preview:-1\" \/>\n<link rel=\"canonical\" href=\"https:\/\/www.ishtarik.com\/fr\/produit\/scorpion-ott\/\" \/>\n<meta property=\"og:locale\" content=\"fr_FR\" \/>\n<meta property=\"og:type\" content=\"article\" \/>\n<meta property=\"og:title\" content=\"SCORPION OTT\" \/>\n<meta property=\"og:description\" content=\"The SCORPION IPTV server is considered a powerful server in the world and contains more than 10,000 direct channels, more than 42,000 movies, and more than 6,000 series\" \/>\n<meta property=\"og:url\" content=\"https:\/\/www.ishtarik.com\/fr\/produit\/scorpion-ott\/\" \/>\n<meta property=\"og:site_name\" content=\"ishtarik\" \/>\n<meta property=\"article:modified_time\" content=\"2025-12-09T01:06:15+00:00\" \/>\n<meta property=\"og:image\" content=\"https:\/\/www.ishtarik.com\/wp-content\/uploads\/2024\/02\/product-logo7.jpg\" \/>\n\t<meta property=\"og:image:width\" content=\"800\" \/>\n\t<meta property=\"og:image:height\" content=\"800\" \/>\n\t<meta property=\"og:image:type\" content=\"image\/jpeg\" \/>\n<meta name=\"twitter:card\" content=\"summary_large_image\" \/>\n<meta name=\"twitter:label1\" content=\"Dur\u00e9e de lecture estim\u00e9e\" \/>\n\t<meta name=\"twitter:data1\" content=\"2 minutes\" \/>\n<script type=\"application\/ld+json\" class=\"yoast-schema-graph\">{\"@context\":\"https:\\\/\\\/schema.org\",\"@graph\":[{\"@type\":\"WebPage\",\"@id\":\"https:\\\/\\\/www.ishtarik.com\\\/product\\\/scorpion-ott\\\/\",\"url\":\"https:\\\/\\\/www.ishtarik.com\\\/product\\\/scorpion-ott\\\/\",\"name\":\"SCORPION IPTV - BEST OTT\",\"isPartOf\":{\"@id\":\"https:\\\/\\\/www.ishtarik.com\\\/#website\"},\"primaryImageOfPage\":{\"@id\":\"https:\\\/\\\/www.ishtarik.com\\\/product\\\/scorpion-ott\\\/#primaryimage\"},\"image\":{\"@id\":\"https:\\\/\\\/www.ishtarik.com\\\/product\\\/scorpion-ott\\\/#primaryimage\"},\"thumbnailUrl\":\"https:\\\/\\\/i0.wp.com\\\/www.ishtarik.com\\\/wp-content\\\/uploads\\\/2024\\\/02\\\/product-logo7.jpg?fit=800%2C800&ssl=1\",\"datePublished\":\"2024-02-23T22:58:55+00:00\",\"dateModified\":\"2025-12-09T01:06:15+00:00\",\"description\":\"The SCORPION IPTV server is considered a powerful server in the world and contains more than 10,000 direct channels, more than 42,000 movies, and more than 6,000 series\",\"breadcrumb\":{\"@id\":\"https:\\\/\\\/www.ishtarik.com\\\/product\\\/scorpion-ott\\\/#breadcrumb\"},\"inLanguage\":\"fr-FR\",\"potentialAction\":[{\"@type\":\"ReadAction\",\"target\":[\"https:\\\/\\\/www.ishtarik.com\\\/product\\\/scorpion-ott\\\/\"]}]},{\"@type\":\"ImageObject\",\"inLanguage\":\"fr-FR\",\"@id\":\"https:\\\/\\\/www.ishtarik.com\\\/product\\\/scorpion-ott\\\/#primaryimage\",\"url\":\"https:\\\/\\\/i0.wp.com\\\/www.ishtarik.com\\\/wp-content\\\/uploads\\\/2024\\\/02\\\/product-logo7.jpg?fit=800%2C800&ssl=1\",\"contentUrl\":\"https:\\\/\\\/i0.wp.com\\\/www.ishtarik.com\\\/wp-content\\\/uploads\\\/2024\\\/02\\\/product-logo7.jpg?fit=800%2C800&ssl=1\",\"width\":800,\"height\":800},{\"@type\":\"BreadcrumbList\",\"@id\":\"https:\\\/\\\/www.ishtarik.com\\\/product\\\/scorpion-ott\\\/#breadcrumb\",\"itemListElement\":[{\"@type\":\"ListItem\",\"position\":1,\"name\":\"Home\",\"item\":\"https:\\\/\\\/www.ishtarik.com\\\/\"},{\"@type\":\"ListItem\",\"position\":2,\"name\":\"Store\",\"item\":\"https:\\\/\\\/www.ishtarik.com\\\/store\\\/\"},{\"@type\":\"ListItem\",\"position\":3,\"name\":\"SCORPION OTT\"}]},{\"@type\":\"WebSite\",\"@id\":\"https:\\\/\\\/www.ishtarik.com\\\/#website\",\"url\":\"https:\\\/\\\/www.ishtarik.com\\\/\",\"name\":\"ishtarik\",\"description\":\"all subsbs\",\"publisher\":{\"@id\":\"https:\\\/\\\/www.ishtarik.com\\\/#\\\/schema\\\/person\\\/37be2f77278773416cef9ccf566adea1\"},\"potentialAction\":[{\"@type\":\"SearchAction\",\"target\":{\"@type\":\"EntryPoint\",\"urlTemplate\":\"https:\\\/\\\/www.ishtarik.com\\\/?s={search_term_string}\"},\"query-input\":{\"@type\":\"PropertyValueSpecification\",\"valueRequired\":true,\"valueName\":\"search_term_string\"}}],\"inLanguage\":\"fr-FR\"},{\"@type\":[\"Person\",\"Organization\"],\"@id\":\"https:\\\/\\\/www.ishtarik.com\\\/#\\\/schema\\\/person\\\/37be2f77278773416cef9ccf566adea1\",\"name\":\"admin\",\"image\":{\"@type\":\"ImageObject\",\"inLanguage\":\"fr-FR\",\"@id\":\"https:\\\/\\\/www.ishtarik.com\\\/wp-content\\\/uploads\\\/2022\\\/03\\\/cropped-logo-ichtiraki-1-1.png\",\"url\":\"https:\\\/\\\/www.ishtarik.com\\\/wp-content\\\/uploads\\\/2022\\\/03\\\/cropped-logo-ichtiraki-1-1.png\",\"contentUrl\":\"https:\\\/\\\/www.ishtarik.com\\\/wp-content\\\/uploads\\\/2022\\\/03\\\/cropped-logo-ichtiraki-1-1.png\",\"width\":450,\"height\":100,\"caption\":\"admin\"},\"logo\":{\"@id\":\"https:\\\/\\\/www.ishtarik.com\\\/wp-content\\\/uploads\\\/2022\\\/03\\\/cropped-logo-ichtiraki-1-1.png\"},\"sameAs\":[\"https:\\\/\\\/www.ishtarik.com\"]}]}<\/script>\n<!-- \/ Yoast SEO Premium plugin. -->","yoast_head_json":{"title":"SCORPION IPTV - BEST OTT","description":"Le serveur SCORPION IPTV est consid\u00e9r\u00e9 comme le serveur le plus puissant au monde et contient plus de 10 000 cha\u00eenes directes, plus de 42 000 films et plus de 6 000 s\u00e9ries.","robots":{"index":"index","follow":"follow","max-snippet":"max-snippet:-1","max-image-preview":"max-image-preview:large","max-video-preview":"max-video-preview:-1"},"canonical":"https:\/\/www.ishtarik.com\/fr\/produit\/scorpion-ott\/","og_locale":"fr_FR","og_type":"article","og_title":"SCORPION OTT","og_description":"The SCORPION IPTV server is considered a powerful server in the world and contains more than 10,000 direct channels, more than 42,000 movies, and more than 6,000 series","og_url":"https:\/\/www.ishtarik.com\/fr\/produit\/scorpion-ott\/","og_site_name":"ishtarik","article_modified_time":"2025-12-09T01:06:15+00:00","og_image":[{"width":800,"height":800,"url":"https:\/\/www.ishtarik.com\/wp-content\/uploads\/2024\/02\/product-logo7.jpg","type":"image\/jpeg"}],"twitter_card":"summary_large_image","twitter_misc":{"Dur\u00e9e de lecture estim\u00e9e":"2 minutes"},"schema":{"@context":"https:\/\/schema.org","@graph":[{"@type":"WebPage","@id":"https:\/\/www.ishtarik.com\/product\/scorpion-ott\/","url":"https:\/\/www.ishtarik.com\/product\/scorpion-ott\/","name":"SCORPION IPTV - BEST OTT","isPartOf":{"@id":"https:\/\/www.ishtarik.com\/#website"},"primaryImageOfPage":{"@id":"https:\/\/www.ishtarik.com\/product\/scorpion-ott\/#primaryimage"},"image":{"@id":"https:\/\/www.ishtarik.com\/product\/scorpion-ott\/#primaryimage"},"thumbnailUrl":"https:\/\/i0.wp.com\/www.ishtarik.com\/wp-content\/uploads\/2024\/02\/product-logo7.jpg?fit=800%2C800&ssl=1","datePublished":"2024-02-23T22:58:55+00:00","dateModified":"2025-12-09T01:06:15+00:00","description":"Le serveur SCORPION IPTV est consid\u00e9r\u00e9 comme le serveur le plus puissant au monde et contient plus de 10 000 cha\u00eenes directes, plus de 42 000 films et plus de 6 000 s\u00e9ries.","breadcrumb":{"@id":"https:\/\/www.ishtarik.com\/product\/scorpion-ott\/#breadcrumb"},"inLanguage":"fr-FR","potentialAction":[{"@type":"ReadAction","target":["https:\/\/www.ishtarik.com\/product\/scorpion-ott\/"]}]},{"@type":"ImageObject","inLanguage":"fr-FR","@id":"https:\/\/www.ishtarik.com\/product\/scorpion-ott\/#primaryimage","url":"https:\/\/i0.wp.com\/www.ishtarik.com\/wp-content\/uploads\/2024\/02\/product-logo7.jpg?fit=800%2C800&ssl=1","contentUrl":"https:\/\/i0.wp.com\/www.ishtarik.com\/wp-content\/uploads\/2024\/02\/product-logo7.jpg?fit=800%2C800&ssl=1","width":800,"height":800},{"@type":"BreadcrumbList","@id":"https:\/\/www.ishtarik.com\/product\/scorpion-ott\/#breadcrumb","itemListElement":[{"@type":"ListItem","position":1,"name":"Home","item":"https:\/\/www.ishtarik.com\/"},{"@type":"ListItem","position":2,"name":"Store","item":"https:\/\/www.ishtarik.com\/store\/"},{"@type":"ListItem","position":3,"name":"SCORPION OTT"}]},{"@type":"WebSite","@id":"https:\/\/www.ishtarik.com\/#website","url":"https:\/\/www.ishtarik.com\/","name":"ishtarik","description":"tous les sous-secteurs","publisher":{"@id":"https:\/\/www.ishtarik.com\/#\/schema\/person\/37be2f77278773416cef9ccf566adea1"},"potentialAction":[{"@type":"SearchAction","target":{"@type":"EntryPoint","urlTemplate":"https:\/\/www.ishtarik.com\/?s={search_term_string}"},"query-input":{"@type":"PropertyValueSpecification","valueRequired":true,"valueName":"search_term_string"}}],"inLanguage":"fr-FR"},{"@type":["Person","Organization"],"@id":"https:\/\/www.ishtarik.com\/#\/schema\/person\/37be2f77278773416cef9ccf566adea1","name":"l'administration","image":{"@type":"ImageObject","inLanguage":"fr-FR","@id":"https:\/\/www.ishtarik.com\/wp-content\/uploads\/2022\/03\/cropped-logo-ichtiraki-1-1.png","url":"https:\/\/www.ishtarik.com\/wp-content\/uploads\/2022\/03\/cropped-logo-ichtiraki-1-1.png","contentUrl":"https:\/\/www.ishtarik.com\/wp-content\/uploads\/2022\/03\/cropped-logo-ichtiraki-1-1.png","width":450,"height":100,"caption":"admin"},"logo":{"@id":"https:\/\/www.ishtarik.com\/wp-content\/uploads\/2022\/03\/cropped-logo-ichtiraki-1-1.png"},"sameAs":["https:\/\/www.ishtarik.com"]}]}},"uagb_featured_image_src":{"full":["https:\/\/i0.wp.com\/www.ishtarik.com\/wp-content\/uploads\/2024\/02\/product-logo7.jpg?fit=800%2C800&ssl=1",800,800,false],"thumbnail":["https:\/\/i0.wp.com\/www.ishtarik.com\/wp-content\/uploads\/2024\/02\/product-logo7.jpg?resize=150%2C150&ssl=1",150,150,true],"medium":["https:\/\/i0.wp.com\/www.ishtarik.com\/wp-content\/uploads\/2024\/02\/product-logo7.jpg?fit=300%2C300&ssl=1",300,300,true],"medium_large":["https:\/\/i0.wp.com\/www.ishtarik.com\/wp-content\/uploads\/2024\/02\/product-logo7.jpg?fit=768%2C768&ssl=1",768,768,true],"large":["https:\/\/i0.wp.com\/www.ishtarik.com\/wp-content\/uploads\/2024\/02\/product-logo7.jpg?fit=800%2C800&ssl=1",800,800,true],"1536x1536":["https:\/\/i0.wp.com\/www.ishtarik.com\/wp-content\/uploads\/2024\/02\/product-logo7.jpg?fit=800%2C800&ssl=1",800,800,true],"2048x2048":["https:\/\/i0.wp.com\/www.ishtarik.com\/wp-content\/uploads\/2024\/02\/product-logo7.jpg?fit=800%2C800&ssl=1",800,800,true],"trp-custom-language-flag":["https:\/\/i0.wp.com\/www.ishtarik.com\/wp-content\/uploads\/2024\/02\/product-logo7.jpg?fit=12%2C12&ssl=1",12,12,true],"mailpoet_newsletter_max":["https:\/\/i0.wp.com\/www.ishtarik.com\/wp-content\/uploads\/2024\/02\/product-logo7.jpg?fit=800%2C800&ssl=1",800,800,true],"woocommerce_thumbnail":["https:\/\/i0.wp.com\/www.ishtarik.com\/wp-content\/uploads\/2024\/02\/product-logo7.jpg?resize=300%2C300&ssl=1",300,300,true],"woocommerce_single":["https:\/\/i0.wp.com\/www.ishtarik.com\/wp-content\/uploads\/2024\/02\/product-logo7.jpg?fit=600%2C600&ssl=1",600,600,true],"woocommerce_gallery_thumbnail":["https:\/\/i0.wp.com\/www.ishtarik.com\/wp-content\/uploads\/2024\/02\/product-logo7.jpg?resize=100%2C100&ssl=1",100,100,true]},"uagb_author_info":{"display_name":"admin","author_link":"https:\/\/www.ishtarik.com\/fr\/author\/"},"uagb_comment_info":0,"uagb_excerpt":"Direct channels on it more than 10,000 Movies with more than 42,000 Series on it more than 6,100 Stability: 90% channels are 90% in FHD quality, HD quality (10%) Support all device : fire stick , smart Samsung , smart LG , MAC , IOS , android , windows ..","jetpack_sharing_enabled":true,"_links":{"self":[{"href":"https:\/\/www.ishtarik.com\/fr\/wp-json\/wp\/v2\/product\/5443","targetHints":{"allow":["GET"]}}],"collection":[{"href":"https:\/\/www.ishtarik.com\/fr\/wp-json\/wp\/v2\/product"}],"about":[{"href":"https:\/\/www.ishtarik.com\/fr\/wp-json\/wp\/v2\/types\/product"}],"replies":[{"embeddable":true,"href":"https:\/\/www.ishtarik.com\/fr\/wp-json\/wp\/v2\/comments?post=5443"}],"version-history":[{"count":0,"href":"https:\/\/www.ishtarik.com\/fr\/wp-json\/wp\/v2\/product\/5443\/revisions"}],"wp:featuredmedia":[{"embeddable":true,"href":"https:\/\/www.ishtarik.com\/fr\/wp-json\/wp\/v2\/media\/5480"}],"wp:attachment":[{"href":"https:\/\/www.ishtarik.com\/fr\/wp-json\/wp\/v2\/media?parent=5443"}],"wp:term":[{"taxonomy":"product_brand","embeddable":true,"href":"https:\/\/www.ishtarik.com\/fr\/wp-json\/wp\/v2\/product_brand?post=5443"},{"taxonomy":"product_cat","embeddable":true,"href":"https:\/\/www.ishtarik.com\/fr\/wp-json\/wp\/v2\/product_cat?post=5443"},{"taxonomy":"product_tag","embeddable":true,"href":"https:\/\/www.ishtarik.com\/fr\/wp-json\/wp\/v2\/product_tag?post=5443"}],"curies":[{"name":"wp","href":"https:\/\/api.w.org\/{rel}","templated":true}]}}