{"id":2929,"date":"2022-03-04T18:50:13","date_gmt":"2022-03-04T18:50:13","guid":{"rendered":"https:\/\/www.ishtarik.com\/?post_type=product&#038;p=2929"},"modified":"2026-04-23T03:53:26","modified_gmt":"2026-04-23T03:53:26","slug":"dlta-4k","status":"publish","type":"product","link":"https:\/\/www.ishtarik.com\/it\/prodotto\/dlta-4k\/","title":{"rendered":"DLTA 4K"},"content":{"rendered":"<body><p><\/p>\n<p style=\"text-align: center;\">Vi offriamo il <strong>DLTA 4k\u00a0<\/strong>\u00a0che \u00e8 il server pi\u00f9 grande che abbiamo scoperto finora.<br>\nUn server che contiene tutti i canali sportivi per bambini, programmi cinematografici esclusivi, serie e altro ancora<\/p>\n<p style=\"text-align: center;\">Canali diretti su di esso pi\u00f9 di <strong>9,000<\/strong>:<\/p>\n<p style=\"text-align: center;\"><img data-recalc-dims=\"1\" loading=\"lazy\" decoding=\"async\" class=\"alignnone size-medium\" src=\"https:\/\/i0.wp.com\/media.giphy.com\/media\/5fUpvWIQyy93SKzp0Q\/giphy.gif?resize=480%2C270&#038;ssl=1\" width=\"480\" height=\"270\"><\/p>\n<p style=\"text-align: center;\">Film con pi\u00f9 di <strong>60,000:<\/strong><\/p>\n<p style=\"text-align: center;\"><strong><img data-recalc-dims=\"1\" loading=\"lazy\" decoding=\"async\" class=\"alignnone size-medium\" src=\"https:\/\/i0.wp.com\/media.giphy.com\/media\/tGu4jZy99ysNvDx5Qj\/giphy.gif?resize=480%2C270&#038;ssl=1\" width=\"480\" height=\"270\"><\/strong><\/p>\n<p style=\"text-align: center;\">Serie su di esso pi\u00f9 di<strong> 2,800<\/strong>:<\/p>\n<p style=\"text-align: center;\"><img data-recalc-dims=\"1\" loading=\"lazy\" decoding=\"async\" class=\"alignnone size-medium\" src=\"https:\/\/i0.wp.com\/media.giphy.com\/media\/mQunql0jLEP5Yzk90K\/giphy.gif?resize=480%2C270&#038;ssl=1\" width=\"480\" height=\"270\"><\/p>\n<p style=\"text-align: center;\">Stabilit\u00e0: 96%<br>\nQualit\u00e0: FHD, 4K (1%)<\/p>\n<p>i canali sono 90% in qualit\u00e0 FHD<\/p>\n<p>Supporta tutti i dispositivi: fire stick, smart Samsung, smart LG, MAC, IOS, Android, Windows.<\/p>\n<p><span style=\"color: #008000;\"><strong>Nota:<\/strong> \u00c8 possibile seguire il servizio 24 ore (1$)<\/span><\/p>\n<\/body>","protected":false},"excerpt":{"rendered":"<p style=\"text-align: center;\">Canali diretti su di esso pi\u00f9 di <strong>9,000<\/strong><\/p>\n<p style=\"text-align: center;\">Film con pi\u00f9 di <strong>60,000<\/strong><\/p>\n<p style=\"text-align: center;\">Serie su di esso pi\u00f9 di<strong> 2,800<\/strong><\/p>\n<p style=\"text-align: center;\">Stabilit\u00e0: <strong>96%<\/strong><\/p>\n<p style=\"text-align: center;\">i canali sono <strong>90% in qualit\u00e0 FHD, 4k (1%)<\/strong><\/p>\n<p style=\"text-align: center;\">Supporta tutti i dispositivi: <strong>Fire Stick, Samsung intelligente, LG intelligente, MAC, IOS, Android, Windows.<\/strong><\/p>\n<p style=\"text-align: center;\">\u00a0 \u00a0 \u00a0 \u00a0 \u00a0 \u00a0 \u00a0 nome dell'applicazione : <strong>GIOCATORE DI LUNA<\/strong><\/p>","protected":false},"featured_media":2931,"comment_status":"open","ping_status":"closed","template":"","meta":{"_uag_custom_page_level_css":"","site-sidebar-layout":"default","site-content-layout":"default","ast-site-content-layout":"default","site-content-style":"default","site-sidebar-style":"default","ast-global-header-display":"","ast-banner-title-visibility":"","ast-main-header-display":"","ast-hfb-above-header-display":"","ast-hfb-below-header-display":"","ast-hfb-mobile-header-display":"","site-post-title":"","ast-breadcrumbs-content":"","ast-featured-img":"","footer-sml-layout":"","ast-disable-related-posts":"","theme-transparent-header-meta":"default","adv-header-id-meta":"","stick-header-meta":"","header-above-stick-meta":"","header-main-stick-meta":"","header-below-stick-meta":"","astra-migrate-meta-layouts":"set","ast-page-background-enabled":"default","ast-page-background-meta":{"desktop":{"background-color":"","background-image":"","background-repeat":"repeat","background-position":"center center","background-size":"auto","background-attachment":"scroll","background-type":"","background-media":"","overlay-type":"","overlay-color":"","overlay-opacity":"","overlay-gradient":""},"tablet":{"background-color":"","background-image":"","background-repeat":"repeat","background-position":"center center","background-size":"auto","background-attachment":"scroll","background-type":"","background-media":"","overlay-type":"","overlay-color":"","overlay-opacity":"","overlay-gradient":""},"mobile":{"background-color":"","background-image":"","background-repeat":"repeat","background-position":"center center","background-size":"auto","background-attachment":"scroll","background-type":"","background-media":"","overlay-type":"","overlay-color":"","overlay-opacity":"","overlay-gradient":""}},"ast-content-background-meta":{"desktop":{"background-color":"var(--ast-global-color-5)","background-image":"","background-repeat":"repeat","background-position":"center center","background-size":"auto","background-attachment":"scroll","background-type":"","background-media":"","overlay-type":"","overlay-color":"","overlay-opacity":"","overlay-gradient":""},"tablet":{"background-color":"var(--ast-global-color-5)","background-image":"","background-repeat":"repeat","background-position":"center center","background-size":"auto","background-attachment":"scroll","background-type":"","background-media":"","overlay-type":"","overlay-color":"","overlay-opacity":"","overlay-gradient":""},"mobile":{"background-color":"var(--ast-global-color-5)","background-image":"","background-repeat":"repeat","background-position":"center center","background-size":"auto","background-attachment":"scroll","background-type":"","background-media":"","overlay-type":"","overlay-color":"","overlay-opacity":"","overlay-gradient":""}}},"product_brand":[],"product_cat":[53],"product_tag":[60,54,59,57,61,62,55,58,56],"class_list":{"0":"post-2929","1":"product","2":"type-product","3":"status-publish","4":"has-post-thumbnail","6":"product_cat-iptv","7":"product_tag-4k","8":"product_tag-delta","9":"product_tag-delta-4k","10":"product_tag-delta4k","11":"product_tag-dilta","12":"product_tag-dilta-4k","13":"product_tag-dlta","14":"product_tag-dlta-4k","15":"product_tag-dlta4k","16":"pa_duration-1-year","17":"pa_duration-3-months","18":"pa_duration-6-months","19":"pa_duration-test-24h","20":"desktop-align-left","21":"tablet-align-left","22":"mobile-align-left","24":"first","25":"instock","26":"sale","27":"shipping-taxable","28":"purchasable","29":"product-type-variable"},"yoast_head":"<!-- This site is optimized with the Yoast SEO Premium plugin v22.3 (Yoast SEO v27.4) - https:\/\/yoast.com\/product\/yoast-seo-premium-wordpress\/ -->\n<title>DLTA 4K IPTV<\/title>\n<meta name=\"description\" content=\"The Dlta 4K server . It contains more than 14,000 channels, more than 40,000 movies, and more than 4,000 series. Updates are made to it on a daily basis and every 24 hours. The support team is excellent and interacts well. It solves problems if any problem occurs at the same time.\" \/>\n<meta name=\"robots\" content=\"index, follow, max-snippet:-1, max-image-preview:large, max-video-preview:-1\" \/>\n<link rel=\"canonical\" href=\"https:\/\/www.ishtarik.com\/it\/prodotto\/dlta-4k\/\" \/>\n<meta property=\"og:locale\" content=\"it_IT\" \/>\n<meta property=\"og:type\" content=\"article\" \/>\n<meta property=\"og:title\" content=\"DLTA 4K\" \/>\n<meta property=\"og:description\" content=\"The Dlta 4K server . It contains more than 14,000 channels, more than 40,000 movies, and more than 4,000 series. Updates are made to it on a daily basis and every 24 hours. The support team is excellent and interacts well. It solves problems if any problem occurs at the same time.\" \/>\n<meta property=\"og:url\" content=\"https:\/\/www.ishtarik.com\/it\/prodotto\/dlta-4k\/\" \/>\n<meta property=\"og:site_name\" content=\"ishtarik\" \/>\n<meta property=\"article:modified_time\" content=\"2026-04-23T03:53:26+00:00\" \/>\n<meta property=\"og:image\" content=\"https:\/\/www.ishtarik.com\/wp-content\/uploads\/2022\/03\/B1.jpg\" \/>\n\t<meta property=\"og:image:width\" content=\"800\" \/>\n\t<meta property=\"og:image:height\" content=\"800\" \/>\n\t<meta property=\"og:image:type\" content=\"image\/jpeg\" \/>\n<meta name=\"twitter:card\" content=\"summary_large_image\" \/>\n<meta name=\"twitter:label1\" content=\"Tempo di lettura stimato\" \/>\n\t<meta name=\"twitter:data1\" content=\"2 minuti\" \/>\n<script type=\"application\/ld+json\" class=\"yoast-schema-graph\">{\"@context\":\"https:\\\/\\\/schema.org\",\"@graph\":[{\"@type\":\"WebPage\",\"@id\":\"https:\\\/\\\/www.ishtarik.com\\\/product\\\/dlta-4k\\\/\",\"url\":\"https:\\\/\\\/www.ishtarik.com\\\/product\\\/dlta-4k\\\/\",\"name\":\"DLTA 4K IPTV\",\"isPartOf\":{\"@id\":\"https:\\\/\\\/www.ishtarik.com\\\/#website\"},\"primaryImageOfPage\":{\"@id\":\"https:\\\/\\\/www.ishtarik.com\\\/product\\\/dlta-4k\\\/#primaryimage\"},\"image\":{\"@id\":\"https:\\\/\\\/www.ishtarik.com\\\/product\\\/dlta-4k\\\/#primaryimage\"},\"thumbnailUrl\":\"https:\\\/\\\/i0.wp.com\\\/www.ishtarik.com\\\/wp-content\\\/uploads\\\/2022\\\/03\\\/B1.jpg?fit=800%2C800&ssl=1\",\"datePublished\":\"2022-03-04T18:50:13+00:00\",\"dateModified\":\"2026-04-23T03:53:26+00:00\",\"description\":\"The Dlta 4K server . It contains more than 14,000 channels, more than 40,000 movies, and more than 4,000 series. Updates are made to it on a daily basis and every 24 hours. The support team is excellent and interacts well. It solves problems if any problem occurs at the same time.\",\"breadcrumb\":{\"@id\":\"https:\\\/\\\/www.ishtarik.com\\\/product\\\/dlta-4k\\\/#breadcrumb\"},\"inLanguage\":\"it-IT\",\"potentialAction\":[{\"@type\":\"ReadAction\",\"target\":[\"https:\\\/\\\/www.ishtarik.com\\\/product\\\/dlta-4k\\\/\"]}]},{\"@type\":\"ImageObject\",\"inLanguage\":\"it-IT\",\"@id\":\"https:\\\/\\\/www.ishtarik.com\\\/product\\\/dlta-4k\\\/#primaryimage\",\"url\":\"https:\\\/\\\/i0.wp.com\\\/www.ishtarik.com\\\/wp-content\\\/uploads\\\/2022\\\/03\\\/B1.jpg?fit=800%2C800&ssl=1\",\"contentUrl\":\"https:\\\/\\\/i0.wp.com\\\/www.ishtarik.com\\\/wp-content\\\/uploads\\\/2022\\\/03\\\/B1.jpg?fit=800%2C800&ssl=1\",\"width\":800,\"height\":800},{\"@type\":\"BreadcrumbList\",\"@id\":\"https:\\\/\\\/www.ishtarik.com\\\/product\\\/dlta-4k\\\/#breadcrumb\",\"itemListElement\":[{\"@type\":\"ListItem\",\"position\":1,\"name\":\"Home\",\"item\":\"https:\\\/\\\/www.ishtarik.com\\\/\"},{\"@type\":\"ListItem\",\"position\":2,\"name\":\"Store\",\"item\":\"https:\\\/\\\/www.ishtarik.com\\\/store\\\/\"},{\"@type\":\"ListItem\",\"position\":3,\"name\":\"DLTA 4K\"}]},{\"@type\":\"WebSite\",\"@id\":\"https:\\\/\\\/www.ishtarik.com\\\/#website\",\"url\":\"https:\\\/\\\/www.ishtarik.com\\\/\",\"name\":\"ishtarik\",\"description\":\"all subsbs\",\"publisher\":{\"@id\":\"https:\\\/\\\/www.ishtarik.com\\\/#\\\/schema\\\/person\\\/37be2f77278773416cef9ccf566adea1\"},\"potentialAction\":[{\"@type\":\"SearchAction\",\"target\":{\"@type\":\"EntryPoint\",\"urlTemplate\":\"https:\\\/\\\/www.ishtarik.com\\\/?s={search_term_string}\"},\"query-input\":{\"@type\":\"PropertyValueSpecification\",\"valueRequired\":true,\"valueName\":\"search_term_string\"}}],\"inLanguage\":\"it-IT\"},{\"@type\":[\"Person\",\"Organization\"],\"@id\":\"https:\\\/\\\/www.ishtarik.com\\\/#\\\/schema\\\/person\\\/37be2f77278773416cef9ccf566adea1\",\"name\":\"admin\",\"image\":{\"@type\":\"ImageObject\",\"inLanguage\":\"it-IT\",\"@id\":\"https:\\\/\\\/www.ishtarik.com\\\/wp-content\\\/uploads\\\/2022\\\/03\\\/cropped-logo-ichtiraki-1-1.png\",\"url\":\"https:\\\/\\\/www.ishtarik.com\\\/wp-content\\\/uploads\\\/2022\\\/03\\\/cropped-logo-ichtiraki-1-1.png\",\"contentUrl\":\"https:\\\/\\\/www.ishtarik.com\\\/wp-content\\\/uploads\\\/2022\\\/03\\\/cropped-logo-ichtiraki-1-1.png\",\"width\":450,\"height\":100,\"caption\":\"admin\"},\"logo\":{\"@id\":\"https:\\\/\\\/www.ishtarik.com\\\/wp-content\\\/uploads\\\/2022\\\/03\\\/cropped-logo-ichtiraki-1-1.png\"},\"sameAs\":[\"https:\\\/\\\/www.ishtarik.com\"]}]}<\/script>\n<!-- \/ Yoast SEO Premium plugin. -->","yoast_head_json":{"title":"DLTA 4K IPTV","description":"Il server Dlta 4K contiene pi\u00f9 di 14.000 canali, pi\u00f9 di 40.000 film e pi\u00f9 di 4.000 serie. Gli aggiornamenti vengono effettuati quotidianamente e ogni 24 ore. Il team di supporto \u00e8 eccellente e interagisce bene. Risolve i problemi se si verificano allo stesso tempo.","robots":{"index":"index","follow":"follow","max-snippet":"max-snippet:-1","max-image-preview":"max-image-preview:large","max-video-preview":"max-video-preview:-1"},"canonical":"https:\/\/www.ishtarik.com\/it\/prodotto\/dlta-4k\/","og_locale":"it_IT","og_type":"article","og_title":"DLTA 4K","og_description":"The Dlta 4K server . It contains more than 14,000 channels, more than 40,000 movies, and more than 4,000 series. Updates are made to it on a daily basis and every 24 hours. The support team is excellent and interacts well. It solves problems if any problem occurs at the same time.","og_url":"https:\/\/www.ishtarik.com\/it\/prodotto\/dlta-4k\/","og_site_name":"ishtarik","article_modified_time":"2026-04-23T03:53:26+00:00","og_image":[{"width":800,"height":800,"url":"https:\/\/www.ishtarik.com\/wp-content\/uploads\/2022\/03\/B1.jpg","type":"image\/jpeg"}],"twitter_card":"summary_large_image","twitter_misc":{"Tempo di lettura stimato":"2 minuti"},"schema":{"@context":"https:\/\/schema.org","@graph":[{"@type":"WebPage","@id":"https:\/\/www.ishtarik.com\/product\/dlta-4k\/","url":"https:\/\/www.ishtarik.com\/product\/dlta-4k\/","name":"DLTA 4K IPTV","isPartOf":{"@id":"https:\/\/www.ishtarik.com\/#website"},"primaryImageOfPage":{"@id":"https:\/\/www.ishtarik.com\/product\/dlta-4k\/#primaryimage"},"image":{"@id":"https:\/\/www.ishtarik.com\/product\/dlta-4k\/#primaryimage"},"thumbnailUrl":"https:\/\/i0.wp.com\/www.ishtarik.com\/wp-content\/uploads\/2022\/03\/B1.jpg?fit=800%2C800&ssl=1","datePublished":"2022-03-04T18:50:13+00:00","dateModified":"2026-04-23T03:53:26+00:00","description":"Il server Dlta 4K contiene pi\u00f9 di 14.000 canali, pi\u00f9 di 40.000 film e pi\u00f9 di 4.000 serie. Gli aggiornamenti vengono effettuati quotidianamente e ogni 24 ore. Il team di supporto \u00e8 eccellente e interagisce bene. Risolve i problemi se si verificano allo stesso tempo.","breadcrumb":{"@id":"https:\/\/www.ishtarik.com\/product\/dlta-4k\/#breadcrumb"},"inLanguage":"it-IT","potentialAction":[{"@type":"ReadAction","target":["https:\/\/www.ishtarik.com\/product\/dlta-4k\/"]}]},{"@type":"ImageObject","inLanguage":"it-IT","@id":"https:\/\/www.ishtarik.com\/product\/dlta-4k\/#primaryimage","url":"https:\/\/i0.wp.com\/www.ishtarik.com\/wp-content\/uploads\/2022\/03\/B1.jpg?fit=800%2C800&ssl=1","contentUrl":"https:\/\/i0.wp.com\/www.ishtarik.com\/wp-content\/uploads\/2022\/03\/B1.jpg?fit=800%2C800&ssl=1","width":800,"height":800},{"@type":"BreadcrumbList","@id":"https:\/\/www.ishtarik.com\/product\/dlta-4k\/#breadcrumb","itemListElement":[{"@type":"ListItem","position":1,"name":"Home","item":"https:\/\/www.ishtarik.com\/"},{"@type":"ListItem","position":2,"name":"Store","item":"https:\/\/www.ishtarik.com\/store\/"},{"@type":"ListItem","position":3,"name":"DLTA 4K"}]},{"@type":"WebSite","@id":"https:\/\/www.ishtarik.com\/#website","url":"https:\/\/www.ishtarik.com\/","name":"ishtarik","description":"tutti i sottoservizi","publisher":{"@id":"https:\/\/www.ishtarik.com\/#\/schema\/person\/37be2f77278773416cef9ccf566adea1"},"potentialAction":[{"@type":"SearchAction","target":{"@type":"EntryPoint","urlTemplate":"https:\/\/www.ishtarik.com\/?s={search_term_string}"},"query-input":{"@type":"PropertyValueSpecification","valueRequired":true,"valueName":"search_term_string"}}],"inLanguage":"it-IT"},{"@type":["Person","Organization"],"@id":"https:\/\/www.ishtarik.com\/#\/schema\/person\/37be2f77278773416cef9ccf566adea1","name":"amministratore","image":{"@type":"ImageObject","inLanguage":"it-IT","@id":"https:\/\/www.ishtarik.com\/wp-content\/uploads\/2022\/03\/cropped-logo-ichtiraki-1-1.png","url":"https:\/\/www.ishtarik.com\/wp-content\/uploads\/2022\/03\/cropped-logo-ichtiraki-1-1.png","contentUrl":"https:\/\/www.ishtarik.com\/wp-content\/uploads\/2022\/03\/cropped-logo-ichtiraki-1-1.png","width":450,"height":100,"caption":"admin"},"logo":{"@id":"https:\/\/www.ishtarik.com\/wp-content\/uploads\/2022\/03\/cropped-logo-ichtiraki-1-1.png"},"sameAs":["https:\/\/www.ishtarik.com"]}]}},"uagb_featured_image_src":{"full":["https:\/\/i0.wp.com\/www.ishtarik.com\/wp-content\/uploads\/2022\/03\/B1.jpg?fit=800%2C800&ssl=1",800,800,false],"thumbnail":["https:\/\/i0.wp.com\/www.ishtarik.com\/wp-content\/uploads\/2022\/03\/B1.jpg?resize=150%2C150&ssl=1",150,150,true],"medium":["https:\/\/i0.wp.com\/www.ishtarik.com\/wp-content\/uploads\/2022\/03\/B1.jpg?fit=300%2C300&ssl=1",300,300,true],"medium_large":["https:\/\/i0.wp.com\/www.ishtarik.com\/wp-content\/uploads\/2022\/03\/B1.jpg?fit=768%2C768&ssl=1",768,768,true],"large":["https:\/\/i0.wp.com\/www.ishtarik.com\/wp-content\/uploads\/2022\/03\/B1.jpg?fit=800%2C800&ssl=1",800,800,true],"1536x1536":["https:\/\/i0.wp.com\/www.ishtarik.com\/wp-content\/uploads\/2022\/03\/B1.jpg?fit=800%2C800&ssl=1",800,800,true],"2048x2048":["https:\/\/i0.wp.com\/www.ishtarik.com\/wp-content\/uploads\/2022\/03\/B1.jpg?fit=800%2C800&ssl=1",800,800,true],"trp-custom-language-flag":["https:\/\/i0.wp.com\/www.ishtarik.com\/wp-content\/uploads\/2022\/03\/B1.jpg?fit=12%2C12&ssl=1",12,12,true],"mailpoet_newsletter_max":["https:\/\/i0.wp.com\/www.ishtarik.com\/wp-content\/uploads\/2022\/03\/B1.jpg?fit=800%2C800&ssl=1",800,800,true],"woocommerce_thumbnail":["https:\/\/i0.wp.com\/www.ishtarik.com\/wp-content\/uploads\/2022\/03\/B1.jpg?resize=300%2C300&ssl=1",300,300,true],"woocommerce_single":["https:\/\/i0.wp.com\/www.ishtarik.com\/wp-content\/uploads\/2022\/03\/B1.jpg?fit=600%2C600&ssl=1",600,600,true],"woocommerce_gallery_thumbnail":["https:\/\/i0.wp.com\/www.ishtarik.com\/wp-content\/uploads\/2022\/03\/B1.jpg?resize=100%2C100&ssl=1",100,100,true]},"uagb_author_info":{"display_name":"admin","author_link":"https:\/\/www.ishtarik.com\/it\/author\/"},"uagb_comment_info":15,"uagb_excerpt":"Direct channels on it more than 9,000 Movies with more than 60,000 Series on it more than 2,800 Stability: 96% channels are 90% in FHD quality,\u00a04k quality (1%) Support all device : fire stick , smart Samsung , smart LG , MAC , IOS , android , windows .. \u00a0 \u00a0 \u00a0 \u00a0 \u00a0 \u00a0&hellip;","jetpack_sharing_enabled":true,"_links":{"self":[{"href":"https:\/\/www.ishtarik.com\/it\/wp-json\/wp\/v2\/product\/2929","targetHints":{"allow":["GET"]}}],"collection":[{"href":"https:\/\/www.ishtarik.com\/it\/wp-json\/wp\/v2\/product"}],"about":[{"href":"https:\/\/www.ishtarik.com\/it\/wp-json\/wp\/v2\/types\/product"}],"replies":[{"embeddable":true,"href":"https:\/\/www.ishtarik.com\/it\/wp-json\/wp\/v2\/comments?post=2929"}],"version-history":[{"count":0,"href":"https:\/\/www.ishtarik.com\/it\/wp-json\/wp\/v2\/product\/2929\/revisions"}],"wp:featuredmedia":[{"embeddable":true,"href":"https:\/\/www.ishtarik.com\/it\/wp-json\/wp\/v2\/media\/2931"}],"wp:attachment":[{"href":"https:\/\/www.ishtarik.com\/it\/wp-json\/wp\/v2\/media?parent=2929"}],"wp:term":[{"taxonomy":"product_brand","embeddable":true,"href":"https:\/\/www.ishtarik.com\/it\/wp-json\/wp\/v2\/product_brand?post=2929"},{"taxonomy":"product_cat","embeddable":true,"href":"https:\/\/www.ishtarik.com\/it\/wp-json\/wp\/v2\/product_cat?post=2929"},{"taxonomy":"product_tag","embeddable":true,"href":"https:\/\/www.ishtarik.com\/it\/wp-json\/wp\/v2\/product_tag?post=2929"}],"curies":[{"name":"wp","href":"https:\/\/api.w.org\/{rel}","templated":true}]}}